{"id":154297,"date":"2026-02-23T19:21:15","date_gmt":"2026-02-23T19:21:15","guid":{"rendered":"https:\/\/modesthanim.com\/product\/kiz-cocuk-pamuklu-balon-kesim-denim-pantolon\/"},"modified":"2026-04-06T00:52:19","modified_gmt":"2026-04-06T00:52:19","slug":"kiz-cocuk-pamuklu-balon-kesim-denim-pantolon","status":"publish","type":"product","link":"https:\/\/mod.wisdar.net\/tr\/urun\/kiz-cocuk-pamuklu-balon-kesim-denim-pantolon\/","title":{"rendered":"K\u0131z \u00c7ocuk Pamuklu Balon Kesim Denim Pantolon"},"content":{"rendered":"<p>Balon kesimiyle dikkat \u00e7eken denim pantolon, modern ve rahat bir g\u00f6r\u00fcn\u00fcme sahip. Normal bel yap\u0131s\u0131 ile g\u00fcnl\u00fck kullan\u0131mlarda konfor sunarken, cepli tasar\u0131m\u0131 ise i\u015flevselli\u011fi art\u0131r\u0131yor. Yumu\u015fak ve pamuklu dokusu, aktif \u00e7ocuklar i\u00e7in ideal bir se\u00e7enek.<\/p>\n<p>\u00dcr\u00fcn \u00d6zellikleri<br \/>\nKuma\u015f: %100 Pamuk<br \/>\nBel Tipi: Normal Bel<br \/>\nStil: Balon Form<br \/>\nKullan\u0131m Alan\u0131: G\u00fcnl\u00fck Giyim<\/p>\n<p>Koton k\u0131z \u00e7ocuk pantolon koleksiyonu, hem hareket \u00f6zg\u00fcrl\u00fc\u011f\u00fc hem de \u015f\u0131k tasar\u0131mlar\u0131yla dikkat \u00e7ekiyor! Miniklerin favorisi olan Koton pantolonlar\u0131 ke\u015ffedin!<\/p>\n<p>\u0130ndigo \u00dcr\u00fcn Kullan\u0131m Bilgisi: \u00dcr\u00fcn\u00fcm\u00fczde kullan\u0131lan indigo boya, kullan\u0131m esnas\u0131nda giysilerinize bir miktar renk verebilir. \u0130lk y\u0131kama tersten ve tek ba\u015f\u0131na, sonraki y\u0131kamalarda ise yine tersten ve renkli \u00e7ama\u015f\u0131rlar ile birlikte y\u0131kaman\u0131z\u0131 tavsiye ederiz.<\/p>\n","protected":false},"excerpt":{"rendered":"<p>Balon kesimiyle dikkat \u00e7eken denim pantolon, modern ve rahat bir g\u00f6r\u00fcn\u00fcme sahip. Normal bel yap\u0131s\u0131 ile g\u00fcnl\u00fck kullan\u0131mlarda konfor sunarken, cepli tasar\u0131m\u0131 ise i\u015flevselli\u011fi art\u0131r\u0131yor. Yumu\u015fak ve pamuklu dokusu, aktif \u00e7ocuklar i\u00e7in ideal bir se\u00e7enek. \u00dcr\u00fcn \u00d6zellikleri Kuma\u015f: %100 Pamuk Bel Tipi: Normal Bel Stil: Balon Form Kullan\u0131m Alan\u0131: G\u00fcnl\u00fck Giyim Koton k\u0131z \u00e7ocuk pantolon [&hellip;]<\/p>\n","protected":false},"featured_media":154294,"comment_status":"open","ping_status":"closed","template":"","meta":[],"product_brand":[],"product_cat":[8715,8694,8727],"product_tag":[11027,6173,10945,11028,6197],"class_list":{"0":"post-154297","1":"product","2":"type-product","3":"status-publish","4":"has-post-thumbnail","6":"product_cat-kiz-cocuklari-2-14-yas","7":"product_cat-cocuklar","8":"product_cat-pantolon","9":"product_tag-balloon-cut","10":"product_tag-cotton-jeans","11":"product_tag-girls-denim-pants","12":"product_tag-kids-casual-wear","13":"product_tag-koton-collection","14":"pa_brand-koton","15":"pa_color-light-indigo","16":"pa_size-11-12-yas-2","17":"pa_size-13-14-yas-2","18":"pa_size-5-6-yas-2","19":"pa_size-6-7-yas-2","20":"pa_size-7-8-yas-2","21":"pa_size-9-10-yas-2","23":"first","24":"outofstock","25":"shipping-taxable","26":"product-type-variable"},"_links":{"self":[{"href":"https:\/\/mod.wisdar.net\/tr\/wp-json\/wp\/v2\/product\/154297","targetHints":{"allow":["GET"]}}],"collection":[{"href":"https:\/\/mod.wisdar.net\/tr\/wp-json\/wp\/v2\/product"}],"about":[{"href":"https:\/\/mod.wisdar.net\/tr\/wp-json\/wp\/v2\/types\/product"}],"replies":[{"embeddable":true,"href":"https:\/\/mod.wisdar.net\/tr\/wp-json\/wp\/v2\/comments?post=154297"}],"wp:featuredmedia":[{"embeddable":true,"href":"https:\/\/mod.wisdar.net\/tr\/wp-json\/wp\/v2\/media\/154294"}],"wp:attachment":[{"href":"https:\/\/mod.wisdar.net\/tr\/wp-json\/wp\/v2\/media?parent=154297"}],"wp:term":[{"taxonomy":"product_brand","embeddable":true,"href":"https:\/\/mod.wisdar.net\/tr\/wp-json\/wp\/v2\/product_brand?post=154297"},{"taxonomy":"product_cat","embeddable":true,"href":"https:\/\/mod.wisdar.net\/tr\/wp-json\/wp\/v2\/product_cat?post=154297"},{"taxonomy":"product_tag","embeddable":true,"href":"https:\/\/mod.wisdar.net\/tr\/wp-json\/wp\/v2\/product_tag?post=154297"}],"curies":[{"name":"wp","href":"https:\/\/api.w.org\/{rel}","templated":true}]}}