{"id":15431,"date":"2025-11-07T20:16:06","date_gmt":"2025-11-01T22:23:56","guid":{"rendered":"https:\/\/modesthanim.com\/product\/kruvaze-elbise-ekru\/"},"modified":"2026-04-03T17:42:35","modified_gmt":"2026-04-03T17:42:35","slug":"kruvaze-elbise-ekru","status":"publish","type":"product","link":"https:\/\/mod.wisdar.net\/tr\/urun\/kruvaze-elbise-ekru\/","title":{"rendered":"KRUVAZE ELB\u0130SE EKRU"},"content":{"rendered":"<p>Kruvaze kesim elbise. Krep kuma\u015ftan \u00fcretilmi\u015ftir. \u0130\u00e7i pamuk astarl\u0131d\u0131r ve kendinden ku\u015fakl\u0131d\u0131r. \u00dcr\u00fcn \u00f6l\u00e7\u00fcleri 38 beden i\u00e7in; G\u00f6\u011f\u00fcs: 92 cm, Bel: 76 cm, Basen: 130 cm, Boy: 140 cm. Mankenin \u00fczerindeki beden 38, manken boyu 177 cm.<\/p>\n","protected":false},"excerpt":{"rendered":"<p>Kruvaze kesim elbise. Krep kuma\u015ftan \u00fcretilmi\u015ftir. \u0130\u00e7i pamuk astarl\u0131d\u0131r ve kendinden ku\u015fakl\u0131d\u0131r. \u00dcr\u00fcn \u00f6l\u00e7\u00fcleri 38 beden i\u00e7in; G\u00f6\u011f\u00fcs: 92 cm, Bel: 76 cm, Basen: 130 cm, Boy: 140 cm. Mankenin \u00fczerindeki beden 38, manken boyu 177 cm.<\/p>\n","protected":false},"featured_media":51892,"comment_status":"open","ping_status":"closed","template":"","meta":[],"product_brand":[],"product_cat":[6249,1933],"product_tag":[],"class_list":{"0":"post-15431","1":"product","2":"type-product","3":"status-publish","4":"has-post-thumbnail","6":"product_cat-elbiseler","7":"product_cat-gunluk-ve-gunduz-elbiseleri","8":"pa_brand-nurkalay","9":"pa_color-ekru","10":"pa_size-4701","11":"pa_size-4706","12":"pa_size-4711","13":"pa_size-4713","15":"first","16":"outofstock","17":"shipping-taxable","18":"product-type-variable"},"_links":{"self":[{"href":"https:\/\/mod.wisdar.net\/tr\/wp-json\/wp\/v2\/product\/15431","targetHints":{"allow":["GET"]}}],"collection":[{"href":"https:\/\/mod.wisdar.net\/tr\/wp-json\/wp\/v2\/product"}],"about":[{"href":"https:\/\/mod.wisdar.net\/tr\/wp-json\/wp\/v2\/types\/product"}],"replies":[{"embeddable":true,"href":"https:\/\/mod.wisdar.net\/tr\/wp-json\/wp\/v2\/comments?post=15431"}],"wp:featuredmedia":[{"embeddable":true,"href":"https:\/\/mod.wisdar.net\/tr\/wp-json\/wp\/v2\/media\/51892"}],"wp:attachment":[{"href":"https:\/\/mod.wisdar.net\/tr\/wp-json\/wp\/v2\/media?parent=15431"}],"wp:term":[{"taxonomy":"product_brand","embeddable":true,"href":"https:\/\/mod.wisdar.net\/tr\/wp-json\/wp\/v2\/product_brand?post=15431"},{"taxonomy":"product_cat","embeddable":true,"href":"https:\/\/mod.wisdar.net\/tr\/wp-json\/wp\/v2\/product_cat?post=15431"},{"taxonomy":"product_tag","embeddable":true,"href":"https:\/\/mod.wisdar.net\/tr\/wp-json\/wp\/v2\/product_tag?post=15431"}],"curies":[{"name":"wp","href":"https:\/\/api.w.org\/{rel}","templated":true}]}}