{"id":154317,"date":"2026-02-23T19:22:07","date_gmt":"2026-02-23T19:22:07","guid":{"rendered":"https:\/\/modesthanim.com\/product\/kiz-cocuk-yuksek-bel-pamuklu-denim-pantolon-boyfriend-jean\/"},"modified":"2026-04-13T01:10:50","modified_gmt":"2026-04-13T01:10:50","slug":"kiz-cocuk-yuksek-bel-pamuklu-denim-pantolon-boyfriend-jean","status":"publish","type":"product","link":"https:\/\/mod.wisdar.net\/tr\/urun\/kiz-cocuk-yuksek-bel-pamuklu-denim-pantolon-boyfriend-jean\/","title":{"rendered":"K\u0131z \u00c7ocuk Y\u00fcksek Bel Pamuklu Denim Pantolon \u2013 Boyfriend Jean"},"content":{"rendered":"<p>Kot pantolon, y\u00fcksek bel tasar\u0131m\u0131 ve rahat kal\u0131b\u0131yla g\u00fcn boyu konfor sunuyor. P\u00fcsk\u00fcl pa\u00e7a ve diki\u015f detaylar\u0131yla modern bir g\u00f6r\u00fcn\u00fcm yakal\u0131yor. Pamuklu denim pantolon, g\u00fcnl\u00fck kullan\u0131mda ya da \u00f6zel g\u00fcnlerde rahatl\u0131kla kullan\u0131labiliyor. Stil \u00d6nerisi Denim pantolon, renkli ti\u015f\u00f6rtler ve spor ayakkab\u0131larla kombinlenerek enerjik bir g\u00f6r\u00fcn\u00fcm yaratman\u0131za imkan tan\u0131yor. Serin havalarda \u00fczerine ceket veya h\u0131rka ekleyerek de kullanabilirsiniz. \u00dcr\u00fcn \u00d6zellikleri Bel Tipi: Y\u00fcksek Bel Fit Tipi: Relax Cep Tipi: 5 Cep Stil &amp; Siluet: Boyfriend Kuma\u015f: %100 Pamuk \u00d6rme Bilgisi: Denim Kullan\u0131m Alan\u0131: G\u00fcnl\u00fck Giyim, \u00d6zel G\u00fcnler Koton k\u0131z \u00e7ocuk denim pantolon modelleri, her aktiviteye uygun se\u00e7enekler sunuyor. \u015e\u0131k ve rahat tasar\u0131m\u0131yla her ortamda be\u011feni topluyor!<\/p>\n<p>\u2014 Technical Details \u2014<br \/>\nBel Tipi: Y\u00fcksek Bel<br \/>\nFit Tipi: Relax<br \/>\nCep Tipi: 5 Cep<br \/>\nStil &amp; Siluet: Boyfriend<br \/>\nKuma\u015f: %100 Pamuk<br \/>\n\u00d6rme Bilgisi: Denim<br \/>\nKullan\u0131m Alan\u0131: G\u00fcnl\u00fck Giyim, \u00d6zel G\u00fcnler<\/p>\n","protected":false},"excerpt":{"rendered":"<p>Kot pantolon, y\u00fcksek bel tasar\u0131m\u0131 ve rahat kal\u0131b\u0131yla g\u00fcn boyu konfor sunuyor. P\u00fcsk\u00fcl pa\u00e7a ve diki\u015f detaylar\u0131yla modern bir g\u00f6r\u00fcn\u00fcm yakal\u0131yor. Pamuklu denim pantolon, g\u00fcnl\u00fck kullan\u0131mda ya da \u00f6zel g\u00fcnlerde rahatl\u0131kla kullan\u0131labiliyor. Stil \u00d6nerisi Denim pantolon, renkli ti\u015f\u00f6rtler ve spor ayakkab\u0131larla kombinlenerek enerjik bir g\u00f6r\u00fcn\u00fcm yaratman\u0131za imkan tan\u0131yor. Serin havalarda \u00fczerine ceket veya h\u0131rka ekleyerek [&hellip;]<\/p>\n","protected":false},"featured_media":154307,"comment_status":"open","ping_status":"closed","template":"","meta":[],"product_brand":[],"product_cat":[8715,8694,8727],"product_tag":[7844,7426,7488,6882,8031],"class_list":{"0":"post-154317","1":"product","2":"type-product","3":"status-publish","4":"has-post-thumbnail","6":"product_cat-kiz-cocuklari-2-14-yas","7":"product_cat-cocuklar","8":"product_cat-pantolon","9":"product_tag-denim","10":"product_tag-gunluk-giyim-3","11":"product_tag-pamuk","12":"product_tag-rahat-kesim-2","13":"product_tag-yuksek-bel-pantolon","14":"pa_brand-koton","15":"pa_color-light-indigo","16":"pa_size-11-12-yas-2","17":"pa_size-13-14-yas-2","18":"pa_size-5-6-yas-2","19":"pa_size-6-7-yas-2","20":"pa_size-7-8-yas-2","21":"pa_size-9-10-yas-2","23":"first","24":"instock","25":"sale","26":"shipping-taxable","27":"purchasable","28":"product-type-variable"},"_links":{"self":[{"href":"https:\/\/mod.wisdar.net\/tr\/wp-json\/wp\/v2\/product\/154317","targetHints":{"allow":["GET"]}}],"collection":[{"href":"https:\/\/mod.wisdar.net\/tr\/wp-json\/wp\/v2\/product"}],"about":[{"href":"https:\/\/mod.wisdar.net\/tr\/wp-json\/wp\/v2\/types\/product"}],"replies":[{"embeddable":true,"href":"https:\/\/mod.wisdar.net\/tr\/wp-json\/wp\/v2\/comments?post=154317"}],"wp:featuredmedia":[{"embeddable":true,"href":"https:\/\/mod.wisdar.net\/tr\/wp-json\/wp\/v2\/media\/154307"}],"wp:attachment":[{"href":"https:\/\/mod.wisdar.net\/tr\/wp-json\/wp\/v2\/media?parent=154317"}],"wp:term":[{"taxonomy":"product_brand","embeddable":true,"href":"https:\/\/mod.wisdar.net\/tr\/wp-json\/wp\/v2\/product_brand?post=154317"},{"taxonomy":"product_cat","embeddable":true,"href":"https:\/\/mod.wisdar.net\/tr\/wp-json\/wp\/v2\/product_cat?post=154317"},{"taxonomy":"product_tag","embeddable":true,"href":"https:\/\/mod.wisdar.net\/tr\/wp-json\/wp\/v2\/product_tag?post=154317"}],"curies":[{"name":"wp","href":"https:\/\/api.w.org\/{rel}","templated":true}]}}