{"id":154362,"date":"2026-02-23T19:26:59","date_gmt":"2026-02-23T19:26:59","guid":{"rendered":"https:\/\/modesthanim.com\/product\/kiz-cocuk-beli-bagcikli-cep-detayli-genis-paca-jean-pantolon\/"},"modified":"2026-03-18T06:31:57","modified_gmt":"2026-03-18T06:31:57","slug":"kiz-cocuk-beli-bagcikli-cep-detayli-genis-paca-jean-pantolon","status":"publish","type":"product","link":"https:\/\/mod.wisdar.net\/tr\/urun\/kiz-cocuk-beli-bagcikli-cep-detayli-genis-paca-jean-pantolon\/","title":{"rendered":"K\u0131z \u00c7ocuk Beli Ba\u011fc\u0131kl\u0131 Cep Detayl\u0131 Geni\u015f Pa\u00e7a Jean Pantolon"},"content":{"rendered":"<p>K\u0131z \u00e7ocuklar i\u00e7in tasarlanan denim pantolon, \u015f\u0131kl\u0131\u011f\u0131 ve rahatl\u0131\u011f\u0131 bir arada sunuyor. Pamuklu yap\u0131s\u0131, cilde dost ve nefes alabilir \u00f6zelli\u011fiyle konfor sa\u011fl\u0131yor. Beli lastikli tasar\u0131m\u0131, g\u00fcnl\u00fck aktivitelerde kolayl\u0131k ve rahatl\u0131k sunuyor. Geni\u015f pa\u00e7al\u0131 kesimiyle modern bir g\u00f6r\u00fcn\u00fcm olu\u015fturan pantolon, yan cepleriyle de pratik kullan\u0131m vadediyor. Uzun boyuyla serin havalarda rahatl\u0131kla tercih edilebilir, farkl\u0131 \u00fcstlerle kombinlenerek her mevsim \u015f\u0131kl\u0131k sa\u011fl\u0131yor.<\/p>\n<p>\u00dcr\u00fcn \u00d6zellikleri<br \/>\nKuma\u015f: %100 Pamuk<br \/>\nBel Tipi: Beli Lastikli<br \/>\nFit: Loose<br \/>\nPa\u00e7a Bilgisi: Geni\u015f Pa\u00e7a<br \/>\nEkstra Detay: Lastik Detayl\u0131<br \/>\nKullan\u0131m Alan\u0131: G\u00fcnl\u00fck Giyim<\/p>\n<p>Kapan\u0131\u015f<br \/>\nKoton k\u0131z \u00e7ocuk pantolon koleksiyonu ile miniklerin gard\u0131roplar\u0131n\u0131 renklendirin! Konforlu ve sevimli tasar\u0131mlar\u0131m\u0131z\u0131 ke\u015ffedin!<\/p>\n<p>\u2014 Technical Details \u2014<br \/>\nKuma\u015f: %100 PAMUK<br \/>\nSil\u00fcet: Wide Leg<br \/>\nBel Y\u00fcksekli\u011fi: Standart Bel<br \/>\n\u00dcr\u00fcn Tipi \/ Stil: Wide Leg<br \/>\n\u00dcr\u00fcn\u00fcn Alt Markas\u0131: Kidswear<br \/>\nSat\u0131c\u0131\/\u0130malat\u00e7\u0131\/\u0130thalat\u00e7\u0131 \u0130smi: Koton Ma\u011fazac\u0131l\u0131k Tekstil Sanayi ve Ticaret A.\u015e.<br \/>\nPosta Adresi: Ayaza\u011fa Mah. Maslak Ayaza\u011fa Cad. No:3 \u0130\u00e7 Kap\u0131 No:5 Sar\u0131yer\/\u0130stanbul<br \/>\nE-Posta Adresi: mim@koton.com<\/p>\n","protected":false},"excerpt":{"rendered":"<p>K\u0131z \u00e7ocuklar i\u00e7in tasarlanan denim pantolon, \u015f\u0131kl\u0131\u011f\u0131 ve rahatl\u0131\u011f\u0131 bir arada sunuyor. Pamuklu yap\u0131s\u0131, cilde dost ve nefes alabilir \u00f6zelli\u011fiyle konfor sa\u011fl\u0131yor. Beli lastikli tasar\u0131m\u0131, g\u00fcnl\u00fck aktivitelerde kolayl\u0131k ve rahatl\u0131k sunuyor. Geni\u015f pa\u00e7al\u0131 kesimiyle modern bir g\u00f6r\u00fcn\u00fcm olu\u015fturan pantolon, yan cepleriyle de pratik kullan\u0131m vadediyor. Uzun boyuyla serin havalarda rahatl\u0131kla tercih edilebilir, farkl\u0131 \u00fcstlerle kombinlenerek [&hellip;]<\/p>\n","protected":false},"featured_media":154356,"comment_status":"open","ping_status":"closed","template":"","meta":[],"product_brand":[],"product_cat":[8715,8694,8727],"product_tag":[8281,7729,7426,6765],"class_list":{"0":"post-154362","1":"product","2":"type-product","3":"status-publish","4":"has-post-thumbnail","6":"product_cat-kiz-cocuklari-2-14-yas","7":"product_cat-cocuklar","8":"product_cat-pantolon","9":"product_tag-bagcikli-bel","10":"product_tag-bol-paca-pantolon","11":"product_tag-gunluk-giyim-3","12":"product_tag-lastikli-bel","13":"pa_brand-koton","14":"pa_color-light-indigo","15":"pa_size-11-12-yas-2","16":"pa_size-13-14-yas-2","17":"pa_size-5-6-yas-2","18":"pa_size-6-7-yas-2","19":"pa_size-7-8-yas-2","20":"pa_size-9-10-yas-2","22":"first","23":"outofstock","24":"shipping-taxable","25":"product-type-variable"},"_links":{"self":[{"href":"https:\/\/mod.wisdar.net\/tr\/wp-json\/wp\/v2\/product\/154362","targetHints":{"allow":["GET"]}}],"collection":[{"href":"https:\/\/mod.wisdar.net\/tr\/wp-json\/wp\/v2\/product"}],"about":[{"href":"https:\/\/mod.wisdar.net\/tr\/wp-json\/wp\/v2\/types\/product"}],"replies":[{"embeddable":true,"href":"https:\/\/mod.wisdar.net\/tr\/wp-json\/wp\/v2\/comments?post=154362"}],"wp:featuredmedia":[{"embeddable":true,"href":"https:\/\/mod.wisdar.net\/tr\/wp-json\/wp\/v2\/media\/154356"}],"wp:attachment":[{"href":"https:\/\/mod.wisdar.net\/tr\/wp-json\/wp\/v2\/media?parent=154362"}],"wp:term":[{"taxonomy":"product_brand","embeddable":true,"href":"https:\/\/mod.wisdar.net\/tr\/wp-json\/wp\/v2\/product_brand?post=154362"},{"taxonomy":"product_cat","embeddable":true,"href":"https:\/\/mod.wisdar.net\/tr\/wp-json\/wp\/v2\/product_cat?post=154362"},{"taxonomy":"product_tag","embeddable":true,"href":"https:\/\/mod.wisdar.net\/tr\/wp-json\/wp\/v2\/product_tag?post=154362"}],"curies":[{"name":"wp","href":"https:\/\/api.w.org\/{rel}","templated":true}]}}