{"id":154367,"date":"2026-02-23T19:26:53","date_gmt":"2026-02-23T19:26:53","guid":{"rendered":"https:\/\/modesthanim.com\/product\/kiz-cocuk-pamuklu-beli-bagcikli-genis-paca-denim-pantolon\/"},"modified":"2026-03-03T07:36:48","modified_gmt":"2026-03-03T07:36:48","slug":"kiz-cocuk-pamuklu-beli-bagcikli-genis-paca-denim-pantolon","status":"publish","type":"product","link":"https:\/\/mod.wisdar.net\/tr\/urun\/kiz-cocuk-pamuklu-beli-bagcikli-genis-paca-denim-pantolon\/","title":{"rendered":"K\u0131z \u00c7ocuk Pamuklu Beli Ba\u011fc\u0131kl\u0131 Geni\u015f Pa\u00e7a Denim Pantolon"},"content":{"rendered":"<p>Geni\u015f pa\u00e7a tasar\u0131m\u0131yla dikkat \u00e7eken pantolon, modern ve rahat bir kullan\u0131m sunuyor. Pamuklu yap\u0131s\u0131 sayesinde g\u00fcn boyu konfor sa\u011flarken, beli ba\u011fc\u0131kl\u0131 detay\u0131yla kolay kullan\u0131m imkan\u0131 tan\u0131yor. \u00dcr\u00fcn \u00d6zellikleri Kuma\u015f: %100 Pamuk Bel Tipi: Normal Bel Cep Tipi: \u00c7ift Cep Fit: Bol Kal\u0131p Stil &amp; Siluet: Geni\u015f Pa\u00e7a Kullan\u0131m Alan\u0131: G\u00fcnl\u00fck Giyim Koton k\u0131z \u00e7ocuk giyim koleksiyonu c\u0131v\u0131l c\u0131v\u0131l tasar\u0131mlar\u0131yla miniklerin kalbini \u00e7al\u0131yor! Miniklerin favorisi olacak bu rahat pantolonlar ile Koton Kids koleksiyonunu \u015fimdi ke\u015ffedin! \u0130ndigo \u00dcr\u00fcn Kullan\u0131m Bilgisi: \u00dcr\u00fcn\u00fcm\u00fczde kullan\u0131lan indigo boya, kullan\u0131m esnas\u0131nda giysilerinize bir miktar renk verebilir. \u0130lk y\u0131kama tersten ve tek ba\u015f\u0131na, sonraki y\u0131kamalarda ise yine tersten ve renkli \u00e7ama\u015f\u0131rlar ile birlikte y\u0131kaman\u0131z\u0131 tavsiye ederiz.<\/p>\n","protected":false},"excerpt":{"rendered":"<p>Geni\u015f pa\u00e7a tasar\u0131m\u0131yla dikkat \u00e7eken pantolon, modern ve rahat bir kullan\u0131m sunuyor. Pamuklu yap\u0131s\u0131 sayesinde g\u00fcn boyu konfor sa\u011flarken, beli ba\u011fc\u0131kl\u0131 detay\u0131yla kolay kullan\u0131m imkan\u0131 tan\u0131yor. \u00dcr\u00fcn \u00d6zellikleri Kuma\u015f: %100 Pamuk Bel Tipi: Normal Bel Cep Tipi: \u00c7ift Cep Fit: Bol Kal\u0131p Stil &amp; Siluet: Geni\u015f Pa\u00e7a Kullan\u0131m Alan\u0131: G\u00fcnl\u00fck Giyim Koton k\u0131z \u00e7ocuk giyim [&hellip;]<\/p>\n","protected":false},"featured_media":154357,"comment_status":"open","ping_status":"closed","template":"","meta":[],"product_brand":[],"product_cat":[],"product_tag":[],"class_list":{"0":"post-154367","1":"product","2":"type-product","3":"status-publish","4":"has-post-thumbnail","6":"pa_color-light-indigo","8":"first","9":"instock","10":"sale","11":"shipping-taxable","12":"purchasable","13":"product-type-variable"},"_links":{"self":[{"href":"https:\/\/mod.wisdar.net\/tr\/wp-json\/wp\/v2\/product\/154367","targetHints":{"allow":["GET"]}}],"collection":[{"href":"https:\/\/mod.wisdar.net\/tr\/wp-json\/wp\/v2\/product"}],"about":[{"href":"https:\/\/mod.wisdar.net\/tr\/wp-json\/wp\/v2\/types\/product"}],"replies":[{"embeddable":true,"href":"https:\/\/mod.wisdar.net\/tr\/wp-json\/wp\/v2\/comments?post=154367"}],"wp:featuredmedia":[{"embeddable":true,"href":"https:\/\/mod.wisdar.net\/tr\/wp-json\/wp\/v2\/media\/154357"}],"wp:attachment":[{"href":"https:\/\/mod.wisdar.net\/tr\/wp-json\/wp\/v2\/media?parent=154367"}],"wp:term":[{"taxonomy":"product_brand","embeddable":true,"href":"https:\/\/mod.wisdar.net\/tr\/wp-json\/wp\/v2\/product_brand?post=154367"},{"taxonomy":"product_cat","embeddable":true,"href":"https:\/\/mod.wisdar.net\/tr\/wp-json\/wp\/v2\/product_cat?post=154367"},{"taxonomy":"product_tag","embeddable":true,"href":"https:\/\/mod.wisdar.net\/tr\/wp-json\/wp\/v2\/product_tag?post=154367"}],"curies":[{"name":"wp","href":"https:\/\/api.w.org\/{rel}","templated":true}]}}