{"id":154433,"date":"2026-02-24T07:38:27","date_gmt":"2026-02-24T07:38:27","guid":{"rendered":"https:\/\/modesthanim.com\/product\/gulsum-elbise-takim-vizon\/"},"modified":"2026-03-20T05:31:24","modified_gmt":"2026-03-20T05:31:24","slug":"gulsum-elbise-takim-vizon","status":"publish","type":"product","link":"https:\/\/mod.wisdar.net\/tr\/urun\/gulsum-elbise-takim-vizon\/","title":{"rendered":"G\u00fcls\u00fcm Elbise Tak\u0131m Vizon"},"content":{"rendered":"<p>Elbise 1.S\u0131n\u0131f Oys Kuma\u015ft\u0131r.<br \/>\nCeket \u00d6nden Tek D\u00fc\u011fmelidir.<br \/>\nCeket Vatkal\u0131d\u0131r.<br \/>\nElbise Kolsuzdur.<br \/>\nElbise Yaka Arkas\u0131ndan Fermuarl\u0131d\u0131r.<br \/>\nElbise Beli Diki\u015f Detayl\u0131d\u0131r.<br \/>\nElbise Kemerlidir.<br \/>\nCeket Boy:49cm<br \/>\nCeket Omuz:42cm<br \/>\nCeket G\u00f6\u011f\u00fcs:57cm<br \/>\nElbise Boy:145cm<br \/>\nElbise Omuz:43cm<br \/>\nElbise G\u00f6\u011f\u00fcs:44cm<br \/>\nElbise Bel:36cm<\/p>\n","protected":false},"excerpt":{"rendered":"<p>Elbise 1.S\u0131n\u0131f Oys Kuma\u015ft\u0131r. Ceket \u00d6nden Tek D\u00fc\u011fmelidir. Ceket Vatkal\u0131d\u0131r. Elbise Kolsuzdur. Elbise Yaka Arkas\u0131ndan Fermuarl\u0131d\u0131r. Elbise Beli Diki\u015f Detayl\u0131d\u0131r. Elbise Kemerlidir. Ceket Boy:49cm Ceket Omuz:42cm Ceket G\u00f6\u011f\u00fcs:57cm Elbise Boy:145cm Elbise Omuz:43cm Elbise G\u00f6\u011f\u00fcs:44cm Elbise Bel:36cm<\/p>\n","protected":false},"featured_media":154426,"comment_status":"open","ping_status":"closed","template":"","meta":[],"product_brand":[],"product_cat":[6249,1933],"product_tag":[6744,7959],"class_list":{"0":"post-154433","1":"product","2":"type-product","3":"status-publish","4":"has-post-thumbnail","6":"product_cat-elbiseler","7":"product_cat-gunluk-ve-gunduz-elbiseleri","8":"product_tag-kadin-modasi","9":"product_tag-resmi-giyim","10":"pa_brand-butikkolik","11":"pa_color-vizon","12":"pa_size-4706","13":"pa_size-4711","14":"pa_size-4713","15":"pa_size-4751","16":"pa_size-4749","18":"first","19":"outofstock","20":"shipping-taxable","21":"product-type-variable"},"_links":{"self":[{"href":"https:\/\/mod.wisdar.net\/tr\/wp-json\/wp\/v2\/product\/154433","targetHints":{"allow":["GET"]}}],"collection":[{"href":"https:\/\/mod.wisdar.net\/tr\/wp-json\/wp\/v2\/product"}],"about":[{"href":"https:\/\/mod.wisdar.net\/tr\/wp-json\/wp\/v2\/types\/product"}],"replies":[{"embeddable":true,"href":"https:\/\/mod.wisdar.net\/tr\/wp-json\/wp\/v2\/comments?post=154433"}],"wp:featuredmedia":[{"embeddable":true,"href":"https:\/\/mod.wisdar.net\/tr\/wp-json\/wp\/v2\/media\/154426"}],"wp:attachment":[{"href":"https:\/\/mod.wisdar.net\/tr\/wp-json\/wp\/v2\/media?parent=154433"}],"wp:term":[{"taxonomy":"product_brand","embeddable":true,"href":"https:\/\/mod.wisdar.net\/tr\/wp-json\/wp\/v2\/product_brand?post=154433"},{"taxonomy":"product_cat","embeddable":true,"href":"https:\/\/mod.wisdar.net\/tr\/wp-json\/wp\/v2\/product_cat?post=154433"},{"taxonomy":"product_tag","embeddable":true,"href":"https:\/\/mod.wisdar.net\/tr\/wp-json\/wp\/v2\/product_tag?post=154433"}],"curies":[{"name":"wp","href":"https:\/\/api.w.org\/{rel}","templated":true}]}}