{"id":154442,"date":"2026-02-24T07:38:29","date_gmt":"2026-02-24T07:38:29","guid":{"rendered":"https:\/\/modesthanim.com\/product\/gulsum-elbise-takim-murdum\/"},"modified":"2026-03-06T13:55:33","modified_gmt":"2026-03-06T13:55:33","slug":"gulsum-elbise-takim-murdum","status":"publish","type":"product","link":"https:\/\/mod.wisdar.net\/tr\/urun\/gulsum-elbise-takim-murdum\/","title":{"rendered":"G\u00fcls\u00fcm Elbise Tak\u0131m M\u00fcrd\u00fcm"},"content":{"rendered":"<p>Elbise 1.S\u0131n\u0131f Oys Kuma\u015ft\u0131r.<br \/>\nCeket \u00d6nden Tek D\u00fc\u011fmelidir.<br \/>\nCeket Vatkal\u0131d\u0131r.<br \/>\nElbise Kolsuzdur.<br \/>\nElbise Yaka Arkas\u0131ndan Fermuarl\u0131d\u0131r.<br \/>\nElbise Beli Diki\u015f Detayl\u0131d\u0131r.<br \/>\nElbise Kemerlidir.<br \/>\nCeket Boy:49cm<br \/>\nCeket Omuz:42cm<br \/>\nCeket G\u00f6\u011f\u00fcs:57cm<br \/>\nElbise Boy:145cm<br \/>\nElbise Omuz:43cm<br \/>\nElbise G\u00f6\u011f\u00fcs:44cm<br \/>\nElbise Bel:36cm<\/p>\n","protected":false},"excerpt":{"rendered":"<p>Elbise 1.S\u0131n\u0131f Oys Kuma\u015ft\u0131r. Ceket \u00d6nden Tek D\u00fc\u011fmelidir. Ceket Vatkal\u0131d\u0131r. Elbise Kolsuzdur. Elbise Yaka Arkas\u0131ndan Fermuarl\u0131d\u0131r. Elbise Beli Diki\u015f Detayl\u0131d\u0131r. Elbise Kemerlidir. Ceket Boy:49cm Ceket Omuz:42cm Ceket G\u00f6\u011f\u00fcs:57cm Elbise Boy:145cm Elbise Omuz:43cm Elbise G\u00f6\u011f\u00fcs:44cm Elbise Bel:36cm<\/p>\n","protected":false},"featured_media":154430,"comment_status":"open","ping_status":"closed","template":"","meta":[],"product_brand":[],"product_cat":[6249,1933],"product_tag":[8418,8420,6744],"class_list":{"0":"post-154442","1":"product","2":"type-product","3":"status-publish","4":"has-post-thumbnail","6":"product_cat-elbiseler","7":"product_cat-gunluk-ve-gunduz-elbiseleri","8":"product_tag-abiye-elbise","9":"product_tag-gece-kiyafeti","10":"product_tag-kadin-modasi","11":"pa_brand-butikkolik","12":"pa_color-murdum","13":"pa_size-4706","14":"pa_size-4711","15":"pa_size-4713","16":"pa_size-4751","17":"pa_size-4749","19":"first","20":"outofstock","21":"shipping-taxable","22":"product-type-variable"},"_links":{"self":[{"href":"https:\/\/mod.wisdar.net\/tr\/wp-json\/wp\/v2\/product\/154442","targetHints":{"allow":["GET"]}}],"collection":[{"href":"https:\/\/mod.wisdar.net\/tr\/wp-json\/wp\/v2\/product"}],"about":[{"href":"https:\/\/mod.wisdar.net\/tr\/wp-json\/wp\/v2\/types\/product"}],"replies":[{"embeddable":true,"href":"https:\/\/mod.wisdar.net\/tr\/wp-json\/wp\/v2\/comments?post=154442"}],"wp:featuredmedia":[{"embeddable":true,"href":"https:\/\/mod.wisdar.net\/tr\/wp-json\/wp\/v2\/media\/154430"}],"wp:attachment":[{"href":"https:\/\/mod.wisdar.net\/tr\/wp-json\/wp\/v2\/media?parent=154442"}],"wp:term":[{"taxonomy":"product_brand","embeddable":true,"href":"https:\/\/mod.wisdar.net\/tr\/wp-json\/wp\/v2\/product_brand?post=154442"},{"taxonomy":"product_cat","embeddable":true,"href":"https:\/\/mod.wisdar.net\/tr\/wp-json\/wp\/v2\/product_cat?post=154442"},{"taxonomy":"product_tag","embeddable":true,"href":"https:\/\/mod.wisdar.net\/tr\/wp-json\/wp\/v2\/product_tag?post=154442"}],"curies":[{"name":"wp","href":"https:\/\/api.w.org\/{rel}","templated":true}]}}