{"id":154491,"date":"2026-02-24T07:39:57","date_gmt":"2026-02-24T07:39:57","guid":{"rendered":"https:\/\/modesthanim.com\/product\/sedef-islemeli-mor-elbise\/"},"modified":"2026-04-15T22:17:19","modified_gmt":"2026-04-15T22:17:19","slug":"sedef-islemeli-mor-elbise","status":"publish","type":"product","link":"https:\/\/mod.wisdar.net\/tr\/urun\/sedef-islemeli-mor-elbise\/","title":{"rendered":"Sedef \u0130\u015flemeli Mor Elbise"},"content":{"rendered":"<p>Bu elbise birinci s\u0131n\u0131f saten kuma\u015ftan \u00fcretilmi\u015ftir.<br \/>\nElbise, arka yaka k\u0131sm\u0131nda fermuar detay\u0131na sahiptir.<br \/>\n\u00d6n k\u0131s\u0131mda par\u00e7a ve bro\u015f i\u015flemeleriyle \u015f\u0131k bir tasar\u0131m sunar.<br \/>\nElbise \u00f6l\u00e7\u00fcleri: Boy: 145 cm, Omuz: 36 cm, G\u00f6\u011f\u00fcs: 46 cm, Bel: 41 cm<\/p>\n","protected":false},"excerpt":{"rendered":"<p>Bu elbise birinci s\u0131n\u0131f saten kuma\u015ftan \u00fcretilmi\u015ftir. Elbise, arka yaka k\u0131sm\u0131nda fermuar detay\u0131na sahiptir. \u00d6n k\u0131s\u0131mda par\u00e7a ve bro\u015f i\u015flemeleriyle \u015f\u0131k bir tasar\u0131m sunar. Elbise \u00f6l\u00e7\u00fcleri: Boy: 145 cm, Omuz: 36 cm, G\u00f6\u011f\u00fcs: 46 cm, Bel: 41 cm<\/p>\n","protected":false},"featured_media":154484,"comment_status":"open","ping_status":"closed","template":"","meta":[],"product_brand":[],"product_cat":[6249,1933],"product_tag":[],"class_list":{"0":"post-154491","1":"product","2":"type-product","3":"status-publish","4":"has-post-thumbnail","6":"product_cat-elbiseler","7":"product_cat-gunluk-ve-gunduz-elbiseleri","8":"pa_brand-butikkolik","9":"pa_color-mor","10":"pa_size-4706","11":"pa_size-4711","12":"pa_size-4713","13":"pa_size-4751","15":"first","16":"instock","17":"sale","18":"shipping-taxable","19":"purchasable","20":"product-type-variable"},"_links":{"self":[{"href":"https:\/\/mod.wisdar.net\/tr\/wp-json\/wp\/v2\/product\/154491","targetHints":{"allow":["GET"]}}],"collection":[{"href":"https:\/\/mod.wisdar.net\/tr\/wp-json\/wp\/v2\/product"}],"about":[{"href":"https:\/\/mod.wisdar.net\/tr\/wp-json\/wp\/v2\/types\/product"}],"replies":[{"embeddable":true,"href":"https:\/\/mod.wisdar.net\/tr\/wp-json\/wp\/v2\/comments?post=154491"}],"wp:featuredmedia":[{"embeddable":true,"href":"https:\/\/mod.wisdar.net\/tr\/wp-json\/wp\/v2\/media\/154484"}],"wp:attachment":[{"href":"https:\/\/mod.wisdar.net\/tr\/wp-json\/wp\/v2\/media?parent=154491"}],"wp:term":[{"taxonomy":"product_brand","embeddable":true,"href":"https:\/\/mod.wisdar.net\/tr\/wp-json\/wp\/v2\/product_brand?post=154491"},{"taxonomy":"product_cat","embeddable":true,"href":"https:\/\/mod.wisdar.net\/tr\/wp-json\/wp\/v2\/product_cat?post=154491"},{"taxonomy":"product_tag","embeddable":true,"href":"https:\/\/mod.wisdar.net\/tr\/wp-json\/wp\/v2\/product_tag?post=154491"}],"curies":[{"name":"wp","href":"https:\/\/api.w.org\/{rel}","templated":true}]}}