{"id":154525,"date":"2026-02-24T07:40:36","date_gmt":"2026-02-24T07:40:36","guid":{"rendered":"https:\/\/modesthanim.com\/product\/ilkgul-elbise-yag-yesili\/"},"modified":"2026-04-15T22:22:08","modified_gmt":"2026-04-15T22:22:08","slug":"ilkgul-elbise-yag-yesili","status":"publish","type":"product","link":"https:\/\/mod.wisdar.net\/tr\/urun\/ilkgul-elbise-yag-yesili\/","title":{"rendered":"\u0130lkg\u00fcl Elbise Ya\u011f Ye\u015fili"},"content":{"rendered":"<p>Elbise 1.S\u0131n\u0131f Saten Kuma\u015ft\u0131r.<br \/>\nElbise Abaya Kol Formundad\u0131r.<br \/>\nElbise Yaka Arkas\u0131 Fermuarl\u0131d\u0131r.<br \/>\nBoy:141cm<br \/>\nOmuz:36cm<br \/>\nG\u00f6\u011f\u00fcs:44cm<\/p>\n","protected":false},"excerpt":{"rendered":"<p>Elbise 1.S\u0131n\u0131f Saten Kuma\u015ft\u0131r. Elbise Abaya Kol Formundad\u0131r. Elbise Yaka Arkas\u0131 Fermuarl\u0131d\u0131r. Boy:141cm Omuz:36cm G\u00f6\u011f\u00fcs:44cm<\/p>\n","protected":false},"featured_media":154519,"comment_status":"open","ping_status":"closed","template":"","meta":[],"product_brand":[],"product_cat":[6249,1933],"product_tag":[6744,6745,6885],"class_list":{"0":"post-154525","1":"product","2":"type-product","3":"status-publish","4":"has-post-thumbnail","6":"product_cat-elbiseler","7":"product_cat-gunluk-ve-gunduz-elbiseleri","8":"product_tag-kadin-modasi","9":"product_tag-zarif-elbise","10":"product_tag-zeytin-yesili-elbise","11":"pa_brand-butikkolik","12":"pa_color-yag-yesili","13":"pa_size-4706","14":"pa_size-4711","15":"pa_size-4713","16":"pa_size-4751","18":"first","19":"instock","20":"sale","21":"shipping-taxable","22":"purchasable","23":"product-type-variable"},"_links":{"self":[{"href":"https:\/\/mod.wisdar.net\/tr\/wp-json\/wp\/v2\/product\/154525","targetHints":{"allow":["GET"]}}],"collection":[{"href":"https:\/\/mod.wisdar.net\/tr\/wp-json\/wp\/v2\/product"}],"about":[{"href":"https:\/\/mod.wisdar.net\/tr\/wp-json\/wp\/v2\/types\/product"}],"replies":[{"embeddable":true,"href":"https:\/\/mod.wisdar.net\/tr\/wp-json\/wp\/v2\/comments?post=154525"}],"wp:featuredmedia":[{"embeddable":true,"href":"https:\/\/mod.wisdar.net\/tr\/wp-json\/wp\/v2\/media\/154519"}],"wp:attachment":[{"href":"https:\/\/mod.wisdar.net\/tr\/wp-json\/wp\/v2\/media?parent=154525"}],"wp:term":[{"taxonomy":"product_brand","embeddable":true,"href":"https:\/\/mod.wisdar.net\/tr\/wp-json\/wp\/v2\/product_brand?post=154525"},{"taxonomy":"product_cat","embeddable":true,"href":"https:\/\/mod.wisdar.net\/tr\/wp-json\/wp\/v2\/product_cat?post=154525"},{"taxonomy":"product_tag","embeddable":true,"href":"https:\/\/mod.wisdar.net\/tr\/wp-json\/wp\/v2\/product_tag?post=154525"}],"curies":[{"name":"wp","href":"https:\/\/api.w.org\/{rel}","templated":true}]}}