{"id":154560,"date":"2026-02-24T07:41:46","date_gmt":"2026-02-24T07:41:46","guid":{"rendered":"https:\/\/modesthanim.com\/product\/ilkgul-elbise-turuncu\/"},"modified":"2026-04-08T01:10:27","modified_gmt":"2026-04-08T01:10:27","slug":"ilkgul-elbise-turuncu","status":"publish","type":"product","link":"https:\/\/mod.wisdar.net\/tr\/urun\/ilkgul-elbise-turuncu\/","title":{"rendered":"\u0130lkg\u00fcl Elbise Turuncu"},"content":{"rendered":"<p>Elbise 1.S\u0131n\u0131f Saten Kuma\u015ft\u0131r. Elbise Abaya Kol Formundad\u0131r. Elbise Yaka Arkas\u0131 Fermuarl\u0131d\u0131r. Boy:141cm Omuz:36cm G\u00f6\u011f\u00fcs:44cm<\/p>\n<p>\u2014 Technical Details \u2014<br \/>\nBoy: 141cm<br \/>\nOmuz: 36cm<br \/>\nG\u00f6\u011f\u00fcs: 44cm<\/p>\n","protected":false},"excerpt":{"rendered":"<p>Elbise 1.S\u0131n\u0131f Saten Kuma\u015ft\u0131r. Elbise Abaya Kol Formundad\u0131r. Elbise Yaka Arkas\u0131 Fermuarl\u0131d\u0131r. Boy:141cm Omuz:36cm G\u00f6\u011f\u00fcs:44cm \u2014 Technical Details \u2014 Boy: 141cm Omuz: 36cm G\u00f6\u011f\u00fcs: 44cm<\/p>\n","protected":false},"featured_media":154555,"comment_status":"open","ping_status":"closed","template":"","meta":[],"product_brand":[],"product_cat":[6249,1933],"product_tag":[11035,9093,4993,5747,5183],"class_list":{"0":"post-154560","1":"product","2":"type-product","3":"status-publish","4":"has-post-thumbnail","6":"product_cat-elbiseler","7":"product_cat-gunluk-ve-gunduz-elbiseleri","8":"product_tag-abaya-sleeve","9":"product_tag-orange-dress","10":"product_tag-premium-fashion","11":"product_tag-satin-dress","12":"product_tag-womens-dress","13":"pa_brand-butikkolik","14":"pa_color-turuncu","15":"pa_size-4706","16":"pa_size-4711","17":"pa_size-4713","18":"pa_size-4751","20":"first","21":"outofstock","22":"shipping-taxable","23":"product-type-variable"},"_links":{"self":[{"href":"https:\/\/mod.wisdar.net\/tr\/wp-json\/wp\/v2\/product\/154560","targetHints":{"allow":["GET"]}}],"collection":[{"href":"https:\/\/mod.wisdar.net\/tr\/wp-json\/wp\/v2\/product"}],"about":[{"href":"https:\/\/mod.wisdar.net\/tr\/wp-json\/wp\/v2\/types\/product"}],"replies":[{"embeddable":true,"href":"https:\/\/mod.wisdar.net\/tr\/wp-json\/wp\/v2\/comments?post=154560"}],"wp:featuredmedia":[{"embeddable":true,"href":"https:\/\/mod.wisdar.net\/tr\/wp-json\/wp\/v2\/media\/154555"}],"wp:attachment":[{"href":"https:\/\/mod.wisdar.net\/tr\/wp-json\/wp\/v2\/media?parent=154560"}],"wp:term":[{"taxonomy":"product_brand","embeddable":true,"href":"https:\/\/mod.wisdar.net\/tr\/wp-json\/wp\/v2\/product_brand?post=154560"},{"taxonomy":"product_cat","embeddable":true,"href":"https:\/\/mod.wisdar.net\/tr\/wp-json\/wp\/v2\/product_cat?post=154560"},{"taxonomy":"product_tag","embeddable":true,"href":"https:\/\/mod.wisdar.net\/tr\/wp-json\/wp\/v2\/product_tag?post=154560"}],"curies":[{"name":"wp","href":"https:\/\/api.w.org\/{rel}","templated":true}]}}