{"id":154644,"date":"2026-02-24T07:44:21","date_gmt":"2026-02-24T07:44:21","guid":{"rendered":"https:\/\/modesthanim.com\/product\/tutku-elbise-takim-yag-yesili\/"},"modified":"2026-04-15T22:25:49","modified_gmt":"2026-04-15T22:25:49","slug":"tutku-elbise-takim-yag-yesili","status":"publish","type":"product","link":"https:\/\/mod.wisdar.net\/tr\/urun\/tutku-elbise-takim-yag-yesili\/","title":{"rendered":"Tutku Elbise Tak\u0131m Ya\u011f Ye\u015fili"},"content":{"rendered":"<p>Elbise Tak\u0131m 1.S\u0131n\u0131f Para\u015f\u00fct Kuma\u015ft\u0131r<br \/>\nElbise S\u0131f\u0131r Kolludur.<br \/>\nElbise Yaka Arkas\u0131ndan Fermuarl\u0131d\u0131r.<br \/>\nElbise Beli Lastiklidir.<br \/>\nElbise Etek K\u0131sm\u0131 F\u0131rf\u0131r Detayl\u0131d\u0131r<br \/>\nCeket D\u00fc\u015f\u00fck Omuzludur.<br \/>\nCeket Kol Ucu Lastiklidir.<br \/>\nCeket Beli Ayarlanabilir Lastiklidir.<br \/>\nElbise Boy: 138cm<br \/>\nElbise Omuz: 36cm<br \/>\nElbise G\u00f6\u011f\u00fcs: 47cm<br \/>\nCeket Boy: 47cm<br \/>\nCeket G\u00f6\u011f\u00fcs: 54cm<\/p>\n","protected":false},"excerpt":{"rendered":"<p>Elbise Tak\u0131m 1.S\u0131n\u0131f Para\u015f\u00fct Kuma\u015ft\u0131r Elbise S\u0131f\u0131r Kolludur. Elbise Yaka Arkas\u0131ndan Fermuarl\u0131d\u0131r. Elbise Beli Lastiklidir. Elbise Etek K\u0131sm\u0131 F\u0131rf\u0131r Detayl\u0131d\u0131r Ceket D\u00fc\u015f\u00fck Omuzludur. Ceket Kol Ucu Lastiklidir. Ceket Beli Ayarlanabilir Lastiklidir. Elbise Boy: 138cm Elbise Omuz: 36cm Elbise G\u00f6\u011f\u00fcs: 47cm Ceket Boy: 47cm Ceket G\u00f6\u011f\u00fcs: 54cm<\/p>\n","protected":false},"featured_media":154642,"comment_status":"open","ping_status":"closed","template":"","meta":[],"product_brand":[],"product_cat":[6249,1933],"product_tag":[6765],"class_list":{"0":"post-154644","1":"product","2":"type-product","3":"status-publish","4":"has-post-thumbnail","6":"product_cat-elbiseler","7":"product_cat-gunluk-ve-gunduz-elbiseleri","8":"product_tag-lastikli-bel","9":"pa_brand-butikkolik","10":"pa_color-yag-yesili","11":"pa_size-4706","12":"pa_size-4711","13":"pa_size-4713","14":"pa_size-4751","16":"first","17":"instock","18":"sale","19":"shipping-taxable","20":"purchasable","21":"product-type-variable"},"_links":{"self":[{"href":"https:\/\/mod.wisdar.net\/tr\/wp-json\/wp\/v2\/product\/154644","targetHints":{"allow":["GET"]}}],"collection":[{"href":"https:\/\/mod.wisdar.net\/tr\/wp-json\/wp\/v2\/product"}],"about":[{"href":"https:\/\/mod.wisdar.net\/tr\/wp-json\/wp\/v2\/types\/product"}],"replies":[{"embeddable":true,"href":"https:\/\/mod.wisdar.net\/tr\/wp-json\/wp\/v2\/comments?post=154644"}],"wp:featuredmedia":[{"embeddable":true,"href":"https:\/\/mod.wisdar.net\/tr\/wp-json\/wp\/v2\/media\/154642"}],"wp:attachment":[{"href":"https:\/\/mod.wisdar.net\/tr\/wp-json\/wp\/v2\/media?parent=154644"}],"wp:term":[{"taxonomy":"product_brand","embeddable":true,"href":"https:\/\/mod.wisdar.net\/tr\/wp-json\/wp\/v2\/product_brand?post=154644"},{"taxonomy":"product_cat","embeddable":true,"href":"https:\/\/mod.wisdar.net\/tr\/wp-json\/wp\/v2\/product_cat?post=154644"},{"taxonomy":"product_tag","embeddable":true,"href":"https:\/\/mod.wisdar.net\/tr\/wp-json\/wp\/v2\/product_tag?post=154644"}],"curies":[{"name":"wp","href":"https:\/\/api.w.org\/{rel}","templated":true}]}}