{"id":154667,"date":"2026-02-24T08:20:07","date_gmt":"2026-02-24T08:20:07","guid":{"rendered":"https:\/\/modesthanim.com\/product\/nimet-elbise-lacivert\/"},"modified":"2026-03-03T08:26:26","modified_gmt":"2026-03-03T08:26:26","slug":"nimet-elbise-lacivert","status":"publish","type":"product","link":"https:\/\/mod.wisdar.net\/tr\/urun\/nimet-elbise-lacivert\/","title":{"rendered":"Nimet Elbise Lacivert"},"content":{"rendered":"<p>\u00c7izgi desenli elbise.<br \/>\nYakadan d\u00fc\u011fmeli tasar\u0131m.<br \/>\nBel k\u0131sm\u0131 lastikli.<br \/>\nSeyyar ku\u015fak detayl\u0131.<br \/>\nAsimetrik kesim.<br \/>\nBoy: 141cm | Omuz: 52cm | G\u00f6\u011f\u00fcs: 54cm | Bel: 38cm<\/p>\n","protected":false},"excerpt":{"rendered":"<p>\u00c7izgi desenli elbise. Yakadan d\u00fc\u011fmeli tasar\u0131m. Bel k\u0131sm\u0131 lastikli. Seyyar ku\u015fak detayl\u0131. Asimetrik kesim. Boy: 141cm | Omuz: 52cm | G\u00f6\u011f\u00fcs: 54cm | Bel: 38cm<\/p>\n","protected":false},"featured_media":154664,"comment_status":"open","ping_status":"closed","template":"","meta":[],"product_brand":[],"product_cat":[6249,1933],"product_tag":[],"class_list":{"0":"post-154667","1":"product","2":"type-product","3":"status-publish","4":"has-post-thumbnail","6":"product_cat-elbiseler","7":"product_cat-gunluk-ve-gunduz-elbiseleri","8":"pa_brand-butikkolik","9":"pa_color-lacivert","10":"pa_size-1-36-38-2","11":"pa_size-2-40-42-2","13":"first","14":"outofstock","15":"shipping-taxable","16":"product-type-variable"},"_links":{"self":[{"href":"https:\/\/mod.wisdar.net\/tr\/wp-json\/wp\/v2\/product\/154667","targetHints":{"allow":["GET"]}}],"collection":[{"href":"https:\/\/mod.wisdar.net\/tr\/wp-json\/wp\/v2\/product"}],"about":[{"href":"https:\/\/mod.wisdar.net\/tr\/wp-json\/wp\/v2\/types\/product"}],"replies":[{"embeddable":true,"href":"https:\/\/mod.wisdar.net\/tr\/wp-json\/wp\/v2\/comments?post=154667"}],"wp:featuredmedia":[{"embeddable":true,"href":"https:\/\/mod.wisdar.net\/tr\/wp-json\/wp\/v2\/media\/154664"}],"wp:attachment":[{"href":"https:\/\/mod.wisdar.net\/tr\/wp-json\/wp\/v2\/media?parent=154667"}],"wp:term":[{"taxonomy":"product_brand","embeddable":true,"href":"https:\/\/mod.wisdar.net\/tr\/wp-json\/wp\/v2\/product_brand?post=154667"},{"taxonomy":"product_cat","embeddable":true,"href":"https:\/\/mod.wisdar.net\/tr\/wp-json\/wp\/v2\/product_cat?post=154667"},{"taxonomy":"product_tag","embeddable":true,"href":"https:\/\/mod.wisdar.net\/tr\/wp-json\/wp\/v2\/product_tag?post=154667"}],"curies":[{"name":"wp","href":"https:\/\/api.w.org\/{rel}","templated":true}]}}