{"id":154703,"date":"2026-02-24T08:23:08","date_gmt":"2026-02-24T08:23:08","guid":{"rendered":"https:\/\/modesthanim.com\/product\/buket-etek-takim-siyah\/"},"modified":"2026-03-18T03:22:32","modified_gmt":"2026-03-18T03:22:32","slug":"buket-etek-takim-siyah","status":"publish","type":"product","link":"https:\/\/mod.wisdar.net\/tr\/urun\/buket-etek-takim-siyah\/","title":{"rendered":"Buket Etek Tak\u0131m Siyah"},"content":{"rendered":"<p>Tak\u0131m ekose desenlidir.<br \/>\nG\u00f6mlek tam boy d\u00fc\u011fmelidir.<br \/>\nG\u00f6mlek fular yakad\u0131r.<br \/>\nEtek fermuarl\u0131d\u0131r.<br \/>\nG\u00f6mlek boy:77cm<br \/>\nG\u00f6mlek omuz:51cm<br \/>\nG\u00f6mlek g\u00f6\u011f\u00fcs:58cm<br \/>\nEtek boy:87cm<br \/>\nEtek bel:37cm<\/p>\n","protected":false},"excerpt":{"rendered":"<p>Tak\u0131m ekose desenlidir. G\u00f6mlek tam boy d\u00fc\u011fmelidir. G\u00f6mlek fular yakad\u0131r. Etek fermuarl\u0131d\u0131r. G\u00f6mlek boy:77cm G\u00f6mlek omuz:51cm G\u00f6mlek g\u00f6\u011f\u00fcs:58cm Etek boy:87cm Etek bel:37cm<\/p>\n","protected":false},"featured_media":154700,"comment_status":"open","ping_status":"closed","template":"","meta":[],"product_brand":[],"product_cat":[1900],"product_tag":[6909,8398,6744,7959],"class_list":{"0":"post-154703","1":"product","2":"type-product","3":"status-publish","4":"has-post-thumbnail","6":"product_cat-koordinatlar-setler","7":"product_tag-ekose-desen","8":"product_tag-etek-takim","9":"product_tag-kadin-modasi","10":"product_tag-resmi-giyim","11":"pa_brand-butikkolik","12":"pa_color-siyah","13":"pa_size-l-40","14":"pa_size-m-38","15":"pa_size-s-36","16":"pa_size-xl-42","18":"first","19":"outofstock","20":"shipping-taxable","21":"product-type-variable"},"_links":{"self":[{"href":"https:\/\/mod.wisdar.net\/tr\/wp-json\/wp\/v2\/product\/154703","targetHints":{"allow":["GET"]}}],"collection":[{"href":"https:\/\/mod.wisdar.net\/tr\/wp-json\/wp\/v2\/product"}],"about":[{"href":"https:\/\/mod.wisdar.net\/tr\/wp-json\/wp\/v2\/types\/product"}],"replies":[{"embeddable":true,"href":"https:\/\/mod.wisdar.net\/tr\/wp-json\/wp\/v2\/comments?post=154703"}],"wp:featuredmedia":[{"embeddable":true,"href":"https:\/\/mod.wisdar.net\/tr\/wp-json\/wp\/v2\/media\/154700"}],"wp:attachment":[{"href":"https:\/\/mod.wisdar.net\/tr\/wp-json\/wp\/v2\/media?parent=154703"}],"wp:term":[{"taxonomy":"product_brand","embeddable":true,"href":"https:\/\/mod.wisdar.net\/tr\/wp-json\/wp\/v2\/product_brand?post=154703"},{"taxonomy":"product_cat","embeddable":true,"href":"https:\/\/mod.wisdar.net\/tr\/wp-json\/wp\/v2\/product_cat?post=154703"},{"taxonomy":"product_tag","embeddable":true,"href":"https:\/\/mod.wisdar.net\/tr\/wp-json\/wp\/v2\/product_tag?post=154703"}],"curies":[{"name":"wp","href":"https:\/\/api.w.org\/{rel}","templated":true}]}}