{"id":154719,"date":"2026-02-24T08:24:37","date_gmt":"2026-02-24T08:24:37","guid":{"rendered":"https:\/\/modesthanim.com\/product\/nurgul-elbise-kiremit\/"},"modified":"2026-03-18T03:12:05","modified_gmt":"2026-03-18T03:12:05","slug":"nurgul-elbise-kiremit","status":"publish","type":"product","link":"https:\/\/mod.wisdar.net\/tr\/urun\/nurgul-elbise-kiremit\/","title":{"rendered":"Nurg\u00fcl Elbise Kiremit"},"content":{"rendered":"<p>Elbise 1. S\u0131n\u0131f \u015eifon Kuma\u015ftan \u00fcretilmi\u015ftir.<br \/>\nElbise yar\u0131ya kadar d\u00fc\u011fmelidir.<br \/>\nElbise bel k\u0131sm\u0131 lastiklidir.<br \/>\nElbise astarl\u0131d\u0131r.<br \/>\nElbise kol u\u00e7lar\u0131 lastiklidir.<br \/>\nElbise seyyar kemerlidir.<br \/>\nElbise Boy: 142 cm<br \/>\nElbise Omuz: 39 cm<br \/>\nElbise G\u00f6\u011f\u00fcs: 50 cm<br \/>\nElbise Bel: 30 cm<\/p>\n","protected":false},"excerpt":{"rendered":"<p>Elbise 1. S\u0131n\u0131f \u015eifon Kuma\u015ftan \u00fcretilmi\u015ftir. Elbise yar\u0131ya kadar d\u00fc\u011fmelidir. Elbise bel k\u0131sm\u0131 lastiklidir. Elbise astarl\u0131d\u0131r. Elbise kol u\u00e7lar\u0131 lastiklidir. Elbise seyyar kemerlidir. Elbise Boy: 142 cm Elbise Omuz: 39 cm Elbise G\u00f6\u011f\u00fcs: 50 cm Elbise Bel: 30 cm<\/p>\n","protected":false},"featured_media":154716,"comment_status":"open","ping_status":"closed","template":"","meta":[],"product_brand":[],"product_cat":[6249,1933],"product_tag":[],"class_list":{"0":"post-154719","1":"product","2":"type-product","3":"status-publish","4":"has-post-thumbnail","6":"product_cat-elbiseler","7":"product_cat-gunluk-ve-gunduz-elbiseleri","8":"pa_brand-butikkolik","9":"pa_color-kiremit","10":"pa_size-4706","11":"pa_size-4711","12":"pa_size-4713","13":"pa_size-4751","15":"first","16":"outofstock","17":"shipping-taxable","18":"product-type-variable"},"_links":{"self":[{"href":"https:\/\/mod.wisdar.net\/tr\/wp-json\/wp\/v2\/product\/154719","targetHints":{"allow":["GET"]}}],"collection":[{"href":"https:\/\/mod.wisdar.net\/tr\/wp-json\/wp\/v2\/product"}],"about":[{"href":"https:\/\/mod.wisdar.net\/tr\/wp-json\/wp\/v2\/types\/product"}],"replies":[{"embeddable":true,"href":"https:\/\/mod.wisdar.net\/tr\/wp-json\/wp\/v2\/comments?post=154719"}],"wp:featuredmedia":[{"embeddable":true,"href":"https:\/\/mod.wisdar.net\/tr\/wp-json\/wp\/v2\/media\/154716"}],"wp:attachment":[{"href":"https:\/\/mod.wisdar.net\/tr\/wp-json\/wp\/v2\/media?parent=154719"}],"wp:term":[{"taxonomy":"product_brand","embeddable":true,"href":"https:\/\/mod.wisdar.net\/tr\/wp-json\/wp\/v2\/product_brand?post=154719"},{"taxonomy":"product_cat","embeddable":true,"href":"https:\/\/mod.wisdar.net\/tr\/wp-json\/wp\/v2\/product_cat?post=154719"},{"taxonomy":"product_tag","embeddable":true,"href":"https:\/\/mod.wisdar.net\/tr\/wp-json\/wp\/v2\/product_tag?post=154719"}],"curies":[{"name":"wp","href":"https:\/\/api.w.org\/{rel}","templated":true}]}}