{"id":154759,"date":"2026-02-24T08:33:55","date_gmt":"2026-02-24T08:33:55","guid":{"rendered":"https:\/\/modesthanim.com\/product\/nurgul-elbise-yesil\/"},"modified":"2026-02-24T21:03:11","modified_gmt":"2026-02-24T21:03:11","slug":"nurgul-elbise-yesil","status":"publish","type":"product","link":"https:\/\/mod.wisdar.net\/tr\/urun\/nurgul-elbise-yesil\/","title":{"rendered":"Nurg\u00fcl Elbise Ye\u015fil"},"content":{"rendered":"<p>Elbise 1.S\u0131n\u0131f \u015eifon Kuma\u015ft\u0131r. Elbise Yar\u0131ya Kadar D\u00fc\u011fmelidir. Elbise Beli Lastiklidir. Elbise Astarl\u0131d\u0131r. Elbise Kol Ucu Lastiklidir. Elbise Seyyar Kemerlidir. Elbise Boy:142cm Elbise Omuz:39cm Elbise G\u00f6\u011f\u00fcs:50cm Elbise Bel:30cm<\/p>\n","protected":false},"excerpt":{"rendered":"<p>Elbise 1.S\u0131n\u0131f \u015eifon Kuma\u015ft\u0131r. Elbise Yar\u0131ya Kadar D\u00fc\u011fmelidir. Elbise Beli Lastiklidir. Elbise Astarl\u0131d\u0131r. Elbise Kol Ucu Lastiklidir. Elbise Seyyar Kemerlidir. Elbise Boy:142cm Elbise Omuz:39cm Elbise G\u00f6\u011f\u00fcs:50cm Elbise Bel:30cm<\/p>\n","protected":false},"featured_media":154756,"comment_status":"open","ping_status":"closed","template":"","meta":[],"product_brand":[],"product_cat":[6249,1933],"product_tag":[6765,6911,7592],"class_list":{"0":"post-154759","1":"product","2":"type-product","3":"status-publish","4":"has-post-thumbnail","6":"product_cat-elbiseler","7":"product_cat-gunluk-ve-gunduz-elbiseleri","8":"product_tag-lastikli-bel","9":"product_tag-sifon-elbise","10":"product_tag-yesil-elbise","11":"pa_brand-butikkolik","12":"pa_color-yesil","13":"pa_size-4706","14":"pa_size-4711","15":"pa_size-4713","16":"pa_size-4751","18":"first","19":"instock","20":"sale","21":"shipping-taxable","22":"purchasable","23":"product-type-variable"},"_links":{"self":[{"href":"https:\/\/mod.wisdar.net\/tr\/wp-json\/wp\/v2\/product\/154759","targetHints":{"allow":["GET"]}}],"collection":[{"href":"https:\/\/mod.wisdar.net\/tr\/wp-json\/wp\/v2\/product"}],"about":[{"href":"https:\/\/mod.wisdar.net\/tr\/wp-json\/wp\/v2\/types\/product"}],"replies":[{"embeddable":true,"href":"https:\/\/mod.wisdar.net\/tr\/wp-json\/wp\/v2\/comments?post=154759"}],"wp:featuredmedia":[{"embeddable":true,"href":"https:\/\/mod.wisdar.net\/tr\/wp-json\/wp\/v2\/media\/154756"}],"wp:attachment":[{"href":"https:\/\/mod.wisdar.net\/tr\/wp-json\/wp\/v2\/media?parent=154759"}],"wp:term":[{"taxonomy":"product_brand","embeddable":true,"href":"https:\/\/mod.wisdar.net\/tr\/wp-json\/wp\/v2\/product_brand?post=154759"},{"taxonomy":"product_cat","embeddable":true,"href":"https:\/\/mod.wisdar.net\/tr\/wp-json\/wp\/v2\/product_cat?post=154759"},{"taxonomy":"product_tag","embeddable":true,"href":"https:\/\/mod.wisdar.net\/tr\/wp-json\/wp\/v2\/product_tag?post=154759"}],"curies":[{"name":"wp","href":"https:\/\/api.w.org\/{rel}","templated":true}]}}