{"id":154767,"date":"2026-02-24T08:34:06","date_gmt":"2026-02-24T08:34:06","guid":{"rendered":"https:\/\/modesthanim.com\/product\/nurgul-elbise-aci-kahve\/"},"modified":"2026-03-18T03:22:10","modified_gmt":"2026-03-18T03:22:10","slug":"nurgul-elbise-aci-kahve","status":"publish","type":"product","link":"https:\/\/mod.wisdar.net\/tr\/urun\/nurgul-elbise-aci-kahve\/","title":{"rendered":"Nurg\u00fcl Elbise Ac\u0131 Kahve"},"content":{"rendered":"<p>Elbise 1.S\u0131n\u0131f \u015eifon Kuma\u015ft\u0131r.<br \/>\nElbise Yar\u0131ya Kadar D\u00fc\u011fmelidir.<br \/>\nElbise Beli Lastiklidir.<br \/>\nElbise Astarl\u0131d\u0131r.<br \/>\nElbise Kol Ucu Lastiklidir.<br \/>\nElbise Seyyar Kemerlidir.<br \/>\nElbise Boy:142cm<br \/>\nElbise Omuz:39cm<br \/>\nElbise G\u00f6\u011f\u00fcs:50cm<br \/>\nElbise Bel:30cm<\/p>\n","protected":false},"excerpt":{"rendered":"<p>Elbise 1.S\u0131n\u0131f \u015eifon Kuma\u015ft\u0131r. Elbise Yar\u0131ya Kadar D\u00fc\u011fmelidir. Elbise Beli Lastiklidir. Elbise Astarl\u0131d\u0131r. Elbise Kol Ucu Lastiklidir. Elbise Seyyar Kemerlidir. Elbise Boy:142cm Elbise Omuz:39cm Elbise G\u00f6\u011f\u00fcs:50cm Elbise Bel:30cm<\/p>\n","protected":false},"featured_media":154764,"comment_status":"open","ping_status":"closed","template":"","meta":[],"product_brand":[],"product_cat":[6249,1933],"product_tag":[6744,6765,6745],"class_list":{"0":"post-154767","1":"product","2":"type-product","3":"status-publish","4":"has-post-thumbnail","6":"product_cat-elbiseler","7":"product_cat-gunluk-ve-gunduz-elbiseleri","8":"product_tag-kadin-modasi","9":"product_tag-lastikli-bel","10":"product_tag-zarif-elbise","11":"pa_brand-butikkolik","12":"pa_color-aci-kahve-1","13":"pa_size-4706","14":"pa_size-4711","15":"pa_size-4713","16":"pa_size-4751","18":"first","19":"outofstock","20":"shipping-taxable","21":"product-type-variable"},"_links":{"self":[{"href":"https:\/\/mod.wisdar.net\/tr\/wp-json\/wp\/v2\/product\/154767","targetHints":{"allow":["GET"]}}],"collection":[{"href":"https:\/\/mod.wisdar.net\/tr\/wp-json\/wp\/v2\/product"}],"about":[{"href":"https:\/\/mod.wisdar.net\/tr\/wp-json\/wp\/v2\/types\/product"}],"replies":[{"embeddable":true,"href":"https:\/\/mod.wisdar.net\/tr\/wp-json\/wp\/v2\/comments?post=154767"}],"wp:featuredmedia":[{"embeddable":true,"href":"https:\/\/mod.wisdar.net\/tr\/wp-json\/wp\/v2\/media\/154764"}],"wp:attachment":[{"href":"https:\/\/mod.wisdar.net\/tr\/wp-json\/wp\/v2\/media?parent=154767"}],"wp:term":[{"taxonomy":"product_brand","embeddable":true,"href":"https:\/\/mod.wisdar.net\/tr\/wp-json\/wp\/v2\/product_brand?post=154767"},{"taxonomy":"product_cat","embeddable":true,"href":"https:\/\/mod.wisdar.net\/tr\/wp-json\/wp\/v2\/product_cat?post=154767"},{"taxonomy":"product_tag","embeddable":true,"href":"https:\/\/mod.wisdar.net\/tr\/wp-json\/wp\/v2\/product_tag?post=154767"}],"curies":[{"name":"wp","href":"https:\/\/api.w.org\/{rel}","templated":true}]}}