{"id":154807,"date":"2026-02-24T08:36:51","date_gmt":"2026-02-24T08:36:51","guid":{"rendered":"https:\/\/modesthanim.com\/product\/nurgul-elbise-murdum\/"},"modified":"2026-03-18T03:13:47","modified_gmt":"2026-03-18T03:13:47","slug":"nurgul-elbise-murdum","status":"publish","type":"product","link":"https:\/\/mod.wisdar.net\/tr\/urun\/nurgul-elbise-murdum\/","title":{"rendered":"Nurg\u00fcl Elbise M\u00fcrd\u00fcm"},"content":{"rendered":"<p>Elbise 1.S\u0131n\u0131f \u015eifon Kuma\u015ft\u0131r.<br \/>\nElbise Yar\u0131ya Kadar D\u00fc\u011fmelidir.<br \/>\nElbise Beli Lastiklidir.<br \/>\nElbise Astarl\u0131d\u0131r.<br \/>\nElbise Kol Ucu Lastiklidir.<br \/>\nElbise Seyyar Kemerlidir.<br \/>\nElbise Boy:142cm<br \/>\nElbise Omuz:39cm<br \/>\nElbise G\u00f6\u011f\u00fcs:50cm<br \/>\nElbise Bel:30cm<\/p>\n","protected":false},"excerpt":{"rendered":"<p>Elbise 1.S\u0131n\u0131f \u015eifon Kuma\u015ft\u0131r. Elbise Yar\u0131ya Kadar D\u00fc\u011fmelidir. Elbise Beli Lastiklidir. Elbise Astarl\u0131d\u0131r. Elbise Kol Ucu Lastiklidir. Elbise Seyyar Kemerlidir. Elbise Boy:142cm Elbise Omuz:39cm Elbise G\u00f6\u011f\u00fcs:50cm Elbise Bel:30cm<\/p>\n","protected":false},"featured_media":154802,"comment_status":"open","ping_status":"closed","template":"","meta":[],"product_brand":[],"product_cat":[6249,1933],"product_tag":[],"class_list":{"0":"post-154807","1":"product","2":"type-product","3":"status-publish","4":"has-post-thumbnail","6":"product_cat-elbiseler","7":"product_cat-gunluk-ve-gunduz-elbiseleri","8":"pa_brand-butikkolik","9":"pa_color-murdum","10":"pa_size-4706","11":"pa_size-4711","12":"pa_size-4713","13":"pa_size-4751","15":"first","16":"outofstock","17":"shipping-taxable","18":"product-type-variable"},"_links":{"self":[{"href":"https:\/\/mod.wisdar.net\/tr\/wp-json\/wp\/v2\/product\/154807","targetHints":{"allow":["GET"]}}],"collection":[{"href":"https:\/\/mod.wisdar.net\/tr\/wp-json\/wp\/v2\/product"}],"about":[{"href":"https:\/\/mod.wisdar.net\/tr\/wp-json\/wp\/v2\/types\/product"}],"replies":[{"embeddable":true,"href":"https:\/\/mod.wisdar.net\/tr\/wp-json\/wp\/v2\/comments?post=154807"}],"wp:featuredmedia":[{"embeddable":true,"href":"https:\/\/mod.wisdar.net\/tr\/wp-json\/wp\/v2\/media\/154802"}],"wp:attachment":[{"href":"https:\/\/mod.wisdar.net\/tr\/wp-json\/wp\/v2\/media?parent=154807"}],"wp:term":[{"taxonomy":"product_brand","embeddable":true,"href":"https:\/\/mod.wisdar.net\/tr\/wp-json\/wp\/v2\/product_brand?post=154807"},{"taxonomy":"product_cat","embeddable":true,"href":"https:\/\/mod.wisdar.net\/tr\/wp-json\/wp\/v2\/product_cat?post=154807"},{"taxonomy":"product_tag","embeddable":true,"href":"https:\/\/mod.wisdar.net\/tr\/wp-json\/wp\/v2\/product_tag?post=154807"}],"curies":[{"name":"wp","href":"https:\/\/api.w.org\/{rel}","templated":true}]}}