{"id":154842,"date":"2026-02-24T08:38:59","date_gmt":"2026-02-24T08:38:59","guid":{"rendered":"https:\/\/modesthanim.com\/product\/pembe-seda-pantolon-takimi\/"},"modified":"2026-02-24T08:50:25","modified_gmt":"2026-02-24T08:50:25","slug":"pembe-seda-pantolon-takimi","status":"publish","type":"product","link":"https:\/\/mod.wisdar.net\/tr\/urun\/pembe-seda-pantolon-takimi\/","title":{"rendered":"Pembe Seda Pantolon Tak\u0131m\u0131"},"content":{"rendered":"<p>Bu tak\u0131m, payet ve sandy kombin kuma\u015ftan \u00fcretilmi\u015ftir.<br \/>\nCeket payet detaylarla s\u00fcslenmi\u015ftir.<br \/>\nCeket tam boy d\u00fc\u011fmelidir.<br \/>\nCeket seyyar ku\u015fakl\u0131d\u0131r.<br \/>\nCeket d\u00fc\u015f\u00fck omuz ve yarasa kol formuna sahiptir.<br \/>\nPantolon beli arkadan lastiklidir ve fermuarl\u0131d\u0131r.<br \/>\nCeket boyu: 73cm<br \/>\nPantolon boyu: 105cm, Bel: 37cm<\/p>\n","protected":false},"excerpt":{"rendered":"<p>Bu tak\u0131m, payet ve sandy kombin kuma\u015ftan \u00fcretilmi\u015ftir. Ceket payet detaylarla s\u00fcslenmi\u015ftir. Ceket tam boy d\u00fc\u011fmelidir. Ceket seyyar ku\u015fakl\u0131d\u0131r. Ceket d\u00fc\u015f\u00fck omuz ve yarasa kol formuna sahiptir. Pantolon beli arkadan lastiklidir ve fermuarl\u0131d\u0131r. Ceket boyu: 73cm Pantolon boyu: 105cm, Bel: 37cm<\/p>\n","protected":false},"featured_media":154838,"comment_status":"open","ping_status":"closed","template":"","meta":[],"product_brand":[],"product_cat":[1900],"product_tag":[],"class_list":{"0":"post-154842","1":"product","2":"type-product","3":"status-publish","4":"has-post-thumbnail","6":"product_cat-koordinatlar-setler","7":"pa_brand-butikkolik","8":"pa_color-pembe","9":"pa_size-1-38-40","10":"pa_size-2-42-44","11":"pa_size-3-44-46","13":"first","14":"instock","15":"sale","16":"shipping-taxable","17":"purchasable","18":"product-type-variable"},"_links":{"self":[{"href":"https:\/\/mod.wisdar.net\/tr\/wp-json\/wp\/v2\/product\/154842","targetHints":{"allow":["GET"]}}],"collection":[{"href":"https:\/\/mod.wisdar.net\/tr\/wp-json\/wp\/v2\/product"}],"about":[{"href":"https:\/\/mod.wisdar.net\/tr\/wp-json\/wp\/v2\/types\/product"}],"replies":[{"embeddable":true,"href":"https:\/\/mod.wisdar.net\/tr\/wp-json\/wp\/v2\/comments?post=154842"}],"wp:featuredmedia":[{"embeddable":true,"href":"https:\/\/mod.wisdar.net\/tr\/wp-json\/wp\/v2\/media\/154838"}],"wp:attachment":[{"href":"https:\/\/mod.wisdar.net\/tr\/wp-json\/wp\/v2\/media?parent=154842"}],"wp:term":[{"taxonomy":"product_brand","embeddable":true,"href":"https:\/\/mod.wisdar.net\/tr\/wp-json\/wp\/v2\/product_brand?post=154842"},{"taxonomy":"product_cat","embeddable":true,"href":"https:\/\/mod.wisdar.net\/tr\/wp-json\/wp\/v2\/product_cat?post=154842"},{"taxonomy":"product_tag","embeddable":true,"href":"https:\/\/mod.wisdar.net\/tr\/wp-json\/wp\/v2\/product_tag?post=154842"}],"curies":[{"name":"wp","href":"https:\/\/api.w.org\/{rel}","templated":true}]}}