{"id":154864,"date":"2026-02-24T08:39:51","date_gmt":"2026-02-24T08:39:51","guid":{"rendered":"https:\/\/modesthanim.com\/product\/seda-pantolon-takim-haki\/"},"modified":"2026-02-24T08:51:34","modified_gmt":"2026-02-24T08:51:34","slug":"seda-pantolon-takim-haki","status":"publish","type":"product","link":"https:\/\/mod.wisdar.net\/tr\/urun\/seda-pantolon-takim-haki\/","title":{"rendered":"Seda Pantolon Tak\u0131m Haki"},"content":{"rendered":"<p>Tak\u0131m Payet Ve Sandy Kombin Kuma\u015ft\u0131r<br \/>\nCeket Payet Detayl\u0131d\u0131r.<br \/>\nCeket Tam Boy D\u00fc\u011fmelidir.<br \/>\nCeket Seyyar Ku\u015fakl\u0131d\u0131r.<br \/>\nCeket D\u00fc\u015f\u00fck Omuzdur Ve Yarasa Kol Formundad\u0131r.<br \/>\nPantolon Beli Arkadan Lastiklidir Ve Fermuarl\u0131d\u0131r.<br \/>\nCeket Boy 73cm<br \/>\nPantolon Boy 105cm Bel 37cm<\/p>\n","protected":false},"excerpt":{"rendered":"<p>Tak\u0131m Payet Ve Sandy Kombin Kuma\u015ft\u0131r Ceket Payet Detayl\u0131d\u0131r. Ceket Tam Boy D\u00fc\u011fmelidir. Ceket Seyyar Ku\u015fakl\u0131d\u0131r. Ceket D\u00fc\u015f\u00fck Omuzdur Ve Yarasa Kol Formundad\u0131r. Pantolon Beli Arkadan Lastiklidir Ve Fermuarl\u0131d\u0131r. Ceket Boy 73cm Pantolon Boy 105cm Bel 37cm<\/p>\n","protected":false},"featured_media":154860,"comment_status":"open","ping_status":"closed","template":"","meta":[],"product_brand":[],"product_cat":[1900],"product_tag":[6908,7959],"class_list":{"0":"post-154864","1":"product","2":"type-product","3":"status-publish","4":"has-post-thumbnail","6":"product_cat-koordinatlar-setler","7":"product_tag-kadin-takim","8":"product_tag-resmi-giyim","9":"pa_brand-butikkolik","10":"pa_color-haki","11":"pa_size-1-38-40","12":"pa_size-2-42-44","13":"pa_size-3-44-46","15":"first","16":"instock","17":"sale","18":"shipping-taxable","19":"purchasable","20":"product-type-variable"},"_links":{"self":[{"href":"https:\/\/mod.wisdar.net\/tr\/wp-json\/wp\/v2\/product\/154864","targetHints":{"allow":["GET"]}}],"collection":[{"href":"https:\/\/mod.wisdar.net\/tr\/wp-json\/wp\/v2\/product"}],"about":[{"href":"https:\/\/mod.wisdar.net\/tr\/wp-json\/wp\/v2\/types\/product"}],"replies":[{"embeddable":true,"href":"https:\/\/mod.wisdar.net\/tr\/wp-json\/wp\/v2\/comments?post=154864"}],"wp:featuredmedia":[{"embeddable":true,"href":"https:\/\/mod.wisdar.net\/tr\/wp-json\/wp\/v2\/media\/154860"}],"wp:attachment":[{"href":"https:\/\/mod.wisdar.net\/tr\/wp-json\/wp\/v2\/media?parent=154864"}],"wp:term":[{"taxonomy":"product_brand","embeddable":true,"href":"https:\/\/mod.wisdar.net\/tr\/wp-json\/wp\/v2\/product_brand?post=154864"},{"taxonomy":"product_cat","embeddable":true,"href":"https:\/\/mod.wisdar.net\/tr\/wp-json\/wp\/v2\/product_cat?post=154864"},{"taxonomy":"product_tag","embeddable":true,"href":"https:\/\/mod.wisdar.net\/tr\/wp-json\/wp\/v2\/product_tag?post=154864"}],"curies":[{"name":"wp","href":"https:\/\/api.w.org\/{rel}","templated":true}]}}