{"id":154930,"date":"2026-02-24T08:42:51","date_gmt":"2026-02-24T08:42:51","guid":{"rendered":"https:\/\/modesthanim.com\/product\/bagcik-detayli-ust-murdum\/"},"modified":"2026-02-24T08:51:28","modified_gmt":"2026-02-24T08:51:28","slug":"bagcik-detayli-ust-murdum","status":"publish","type":"product","link":"https:\/\/mod.wisdar.net\/tr\/urun\/bagcik-detayli-ust-murdum\/","title":{"rendered":"Ba\u011fc\u0131k Detayl\u0131 \u00dcst M\u00fcrd\u00fcm"},"content":{"rendered":"<p>Tensel dokuma kuma\u015ftan, \u00f6n\u00fc ba\u011fc\u0131kl\u0131 , uzun geni\u015f kollu g\u00f6mlek.<\/p>\n<p>\u00dcr\u00fcn \u0130\u00e7eri\u011fi: % 84 Rayon<br \/>\n \u00a0\u00a0\u00a0\u00a0\u00a0\u00a0\u00a0\u00a0\u00a0\u00a0\u00a0\u00a0\u00a0\u00a0\u00a0\u00a0\u00a0\u00a0 \u00a0\u00a0 \u00a0% 16 Polyester<\/p>\n","protected":false},"excerpt":{"rendered":"<p>Tensel dokuma kuma\u015ftan, \u00f6n\u00fc ba\u011fc\u0131kl\u0131 , uzun geni\u015f kollu g\u00f6mlek. \u00dcr\u00fcn \u0130\u00e7eri\u011fi: % 84 Rayon \u00a0\u00a0\u00a0\u00a0\u00a0\u00a0\u00a0\u00a0\u00a0\u00a0\u00a0\u00a0\u00a0\u00a0\u00a0\u00a0\u00a0\u00a0 \u00a0\u00a0 \u00a0% 16 Polyester<\/p>\n","protected":false},"featured_media":154919,"comment_status":"open","ping_status":"closed","template":"","meta":[],"product_brand":[],"product_cat":[1909],"product_tag":[],"class_list":{"0":"post-154930","1":"product","2":"type-product","3":"status-publish","4":"has-post-thumbnail","6":"product_cat-bluzlar-ve-gomlekler","7":"pa_brand-fahhar","8":"pa_color-murdum","9":"pa_size-1-36-38","10":"pa_size-2-40-42","12":"first","13":"instock","14":"sale","15":"shipping-taxable","16":"purchasable","17":"product-type-variable"},"_links":{"self":[{"href":"https:\/\/mod.wisdar.net\/tr\/wp-json\/wp\/v2\/product\/154930","targetHints":{"allow":["GET"]}}],"collection":[{"href":"https:\/\/mod.wisdar.net\/tr\/wp-json\/wp\/v2\/product"}],"about":[{"href":"https:\/\/mod.wisdar.net\/tr\/wp-json\/wp\/v2\/types\/product"}],"replies":[{"embeddable":true,"href":"https:\/\/mod.wisdar.net\/tr\/wp-json\/wp\/v2\/comments?post=154930"}],"wp:featuredmedia":[{"embeddable":true,"href":"https:\/\/mod.wisdar.net\/tr\/wp-json\/wp\/v2\/media\/154919"}],"wp:attachment":[{"href":"https:\/\/mod.wisdar.net\/tr\/wp-json\/wp\/v2\/media?parent=154930"}],"wp:term":[{"taxonomy":"product_brand","embeddable":true,"href":"https:\/\/mod.wisdar.net\/tr\/wp-json\/wp\/v2\/product_brand?post=154930"},{"taxonomy":"product_cat","embeddable":true,"href":"https:\/\/mod.wisdar.net\/tr\/wp-json\/wp\/v2\/product_cat?post=154930"},{"taxonomy":"product_tag","embeddable":true,"href":"https:\/\/mod.wisdar.net\/tr\/wp-json\/wp\/v2\/product_tag?post=154930"}],"curies":[{"name":"wp","href":"https:\/\/api.w.org\/{rel}","templated":true}]}}