{"id":154994,"date":"2026-02-24T08:52:30","date_gmt":"2026-02-24T08:52:30","guid":{"rendered":"https:\/\/modesthanim.com\/product\/bagcik-detayli-ust-ekru\/"},"modified":"2026-04-05T23:31:25","modified_gmt":"2026-04-05T23:31:25","slug":"bagcik-detayli-ust-ekru","status":"publish","type":"product","link":"https:\/\/mod.wisdar.net\/tr\/urun\/bagcik-detayli-ust-ekru\/","title":{"rendered":"Ba\u011fc\u0131k Detayl\u0131 \u00dcst Ekru"},"content":{"rendered":"<p>Tensel dokuma kuma\u015ftan, \u00f6n\u00fc ba\u011fc\u0131kl\u0131 , uzun geni\u015f kollu g\u00f6mlek.<\/p>\n<p> 1(36-38) Beden Uzunluk: 78 cm , G\u00f6\u011f\u00fcs: 45 cm, Bel: 36 cm, \u0130ki Omuz Aras\u0131 Mesafe: 42 cm.<\/p>\n<p> 2(40-42) Beden Uzunluk: 78cm, G\u00f6\u011f\u00fcs: 47 cm, Bel: 38 cm , \u0130ki Omuz Aras\u0131 Mesafe: 45 cm.<\/p>\n<p>\u00dcr\u00fcn \u0130\u00e7eri\u011fi: % 84 Rayon<br \/>\n                     % 16 Polyester<\/p>\n","protected":false},"excerpt":{"rendered":"<p>Tensel dokuma kuma\u015ftan, \u00f6n\u00fc ba\u011fc\u0131kl\u0131 , uzun geni\u015f kollu g\u00f6mlek. 1(36-38) Beden Uzunluk: 78 cm , G\u00f6\u011f\u00fcs: 45 cm, Bel: 36 cm, \u0130ki Omuz Aras\u0131 Mesafe: 42 cm. 2(40-42) Beden Uzunluk: 78cm, G\u00f6\u011f\u00fcs: 47 cm, Bel: 38 cm , \u0130ki Omuz Aras\u0131 Mesafe: 45 cm. \u00dcr\u00fcn \u0130\u00e7eri\u011fi: % 84 Rayon % 16 Polyester<\/p>\n","protected":false},"featured_media":154979,"comment_status":"open","ping_status":"closed","template":"","meta":[],"product_brand":[],"product_cat":[1909],"product_tag":[6744],"class_list":{"0":"post-154994","1":"product","2":"type-product","3":"status-publish","4":"has-post-thumbnail","6":"product_cat-bluzlar-ve-gomlekler","7":"product_tag-kadin-modasi","8":"pa_brand-fahhar","9":"pa_color-ekru","10":"pa_size-1-36-38","11":"pa_size-2-40-42","13":"first","14":"instock","15":"sale","16":"shipping-taxable","17":"purchasable","18":"product-type-variable"},"_links":{"self":[{"href":"https:\/\/mod.wisdar.net\/tr\/wp-json\/wp\/v2\/product\/154994","targetHints":{"allow":["GET"]}}],"collection":[{"href":"https:\/\/mod.wisdar.net\/tr\/wp-json\/wp\/v2\/product"}],"about":[{"href":"https:\/\/mod.wisdar.net\/tr\/wp-json\/wp\/v2\/types\/product"}],"replies":[{"embeddable":true,"href":"https:\/\/mod.wisdar.net\/tr\/wp-json\/wp\/v2\/comments?post=154994"}],"wp:featuredmedia":[{"embeddable":true,"href":"https:\/\/mod.wisdar.net\/tr\/wp-json\/wp\/v2\/media\/154979"}],"wp:attachment":[{"href":"https:\/\/mod.wisdar.net\/tr\/wp-json\/wp\/v2\/media?parent=154994"}],"wp:term":[{"taxonomy":"product_brand","embeddable":true,"href":"https:\/\/mod.wisdar.net\/tr\/wp-json\/wp\/v2\/product_brand?post=154994"},{"taxonomy":"product_cat","embeddable":true,"href":"https:\/\/mod.wisdar.net\/tr\/wp-json\/wp\/v2\/product_cat?post=154994"},{"taxonomy":"product_tag","embeddable":true,"href":"https:\/\/mod.wisdar.net\/tr\/wp-json\/wp\/v2\/product_tag?post=154994"}],"curies":[{"name":"wp","href":"https:\/\/api.w.org\/{rel}","templated":true}]}}