{"id":155130,"date":"2026-02-24T09:24:20","date_gmt":"2026-02-24T09:24:20","guid":{"rendered":"https:\/\/modesthanim.com\/product\/tensel-kimono-takim-vizon\/"},"modified":"2026-04-13T00:40:49","modified_gmt":"2026-04-13T00:40:49","slug":"tensel-kimono-takim-vizon","status":"publish","type":"product","link":"https:\/\/mod.wisdar.net\/tr\/urun\/tensel-kimono-takim-vizon\/","title":{"rendered":"Tensel Kimono Tak\u0131m Vizon"},"content":{"rendered":"<p>Tensel dokuma kuma\u015ftan, kimono kesim, \u00fc\u00e7 brit kemerli, metal tokal\u0131, geni\u015f kimono kollu kimono ve beli lastikli, cepli, geni\u015f kesimli pantolonlu tak\u0131m.  <\/p>\n<p>\u00dcr\u00fcn \u0130\u00e7eri\u011fi: % 55 Cupra<br \/>\n                     % 45 Tensel<\/p>\n","protected":false},"excerpt":{"rendered":"<p>Tensel dokuma kuma\u015ftan, kimono kesim, \u00fc\u00e7 brit kemerli, metal tokal\u0131, geni\u015f kimono kollu kimono ve beli lastikli, cepli, geni\u015f kesimli pantolonlu tak\u0131m. \u00dcr\u00fcn \u0130\u00e7eri\u011fi: % 55 Cupra % 45 Tensel<\/p>\n","protected":false},"featured_media":155115,"comment_status":"open","ping_status":"closed","template":"","meta":[],"product_brand":[],"product_cat":[1900],"product_tag":[7729],"class_list":{"0":"post-155130","1":"product","2":"type-product","3":"status-publish","4":"has-post-thumbnail","6":"product_cat-koordinatlar-setler","7":"product_tag-bol-paca-pantolon","8":"pa_brand-fahhar","9":"pa_color-vizon","10":"pa_size-1-36-38","11":"pa_size-2-40-42","13":"first","14":"instock","15":"sale","16":"shipping-taxable","17":"purchasable","18":"product-type-variable"},"_links":{"self":[{"href":"https:\/\/mod.wisdar.net\/tr\/wp-json\/wp\/v2\/product\/155130","targetHints":{"allow":["GET"]}}],"collection":[{"href":"https:\/\/mod.wisdar.net\/tr\/wp-json\/wp\/v2\/product"}],"about":[{"href":"https:\/\/mod.wisdar.net\/tr\/wp-json\/wp\/v2\/types\/product"}],"replies":[{"embeddable":true,"href":"https:\/\/mod.wisdar.net\/tr\/wp-json\/wp\/v2\/comments?post=155130"}],"wp:featuredmedia":[{"embeddable":true,"href":"https:\/\/mod.wisdar.net\/tr\/wp-json\/wp\/v2\/media\/155115"}],"wp:attachment":[{"href":"https:\/\/mod.wisdar.net\/tr\/wp-json\/wp\/v2\/media?parent=155130"}],"wp:term":[{"taxonomy":"product_brand","embeddable":true,"href":"https:\/\/mod.wisdar.net\/tr\/wp-json\/wp\/v2\/product_brand?post=155130"},{"taxonomy":"product_cat","embeddable":true,"href":"https:\/\/mod.wisdar.net\/tr\/wp-json\/wp\/v2\/product_cat?post=155130"},{"taxonomy":"product_tag","embeddable":true,"href":"https:\/\/mod.wisdar.net\/tr\/wp-json\/wp\/v2\/product_tag?post=155130"}],"curies":[{"name":"wp","href":"https:\/\/api.w.org\/{rel}","templated":true}]}}