{"id":155138,"date":"2026-02-24T09:24:25","date_gmt":"2026-02-24T09:24:25","guid":{"rendered":"https:\/\/modesthanim.com\/product\/tensel-kimono-takim-kahverengi\/"},"modified":"2026-04-13T00:32:42","modified_gmt":"2026-04-13T00:32:42","slug":"tensel-kimono-takim-kahverengi","status":"publish","type":"product","link":"https:\/\/mod.wisdar.net\/tr\/urun\/tensel-kimono-takim-kahverengi\/","title":{"rendered":"Tensel Kimono Tak\u0131m Kahverengi"},"content":{"rendered":"<p>Tensel dokuma kuma\u015ftan, kimono kesim, \u00fc\u00e7 brit kemerli, metal tokal\u0131, geni\u015f kimono kollu kimono ve beli lastikli, cepli, geni\u015f kesimli pantolonlu tak\u0131m.  <\/p>\n<p>\u00dcr\u00fcn \u0130\u00e7eri\u011fi: % 55 Cupra<br \/>\n                     % 45 Tensel<\/p>\n","protected":false},"excerpt":{"rendered":"<p>Tensel dokuma kuma\u015ftan, kimono kesim, \u00fc\u00e7 brit kemerli, metal tokal\u0131, geni\u015f kimono kollu kimono ve beli lastikli, cepli, geni\u015f kesimli pantolonlu tak\u0131m. \u00dcr\u00fcn \u0130\u00e7eri\u011fi: % 55 Cupra % 45 Tensel<\/p>\n","protected":false},"featured_media":155122,"comment_status":"open","ping_status":"closed","template":"","meta":[],"product_brand":[],"product_cat":[1900],"product_tag":[5504,4223,5252,3006,5507],"class_list":{"0":"post-155138","1":"product","2":"type-product","3":"status-publish","4":"has-post-thumbnail","6":"product_cat-koordinatlar-setler","7":"product_tag-comfortable-outfit","8":"product_tag-kimono-set","9":"product_tag-lounge-wear","10":"product_tag-tencel","11":"product_tag-wide-leg-pants-2","12":"pa_brand-fahhar","13":"pa_color-kahverengi","14":"pa_size-1-36-38","15":"pa_size-2-40-42","17":"first","18":"instock","19":"sale","20":"shipping-taxable","21":"purchasable","22":"product-type-variable"},"_links":{"self":[{"href":"https:\/\/mod.wisdar.net\/tr\/wp-json\/wp\/v2\/product\/155138","targetHints":{"allow":["GET"]}}],"collection":[{"href":"https:\/\/mod.wisdar.net\/tr\/wp-json\/wp\/v2\/product"}],"about":[{"href":"https:\/\/mod.wisdar.net\/tr\/wp-json\/wp\/v2\/types\/product"}],"replies":[{"embeddable":true,"href":"https:\/\/mod.wisdar.net\/tr\/wp-json\/wp\/v2\/comments?post=155138"}],"wp:featuredmedia":[{"embeddable":true,"href":"https:\/\/mod.wisdar.net\/tr\/wp-json\/wp\/v2\/media\/155122"}],"wp:attachment":[{"href":"https:\/\/mod.wisdar.net\/tr\/wp-json\/wp\/v2\/media?parent=155138"}],"wp:term":[{"taxonomy":"product_brand","embeddable":true,"href":"https:\/\/mod.wisdar.net\/tr\/wp-json\/wp\/v2\/product_brand?post=155138"},{"taxonomy":"product_cat","embeddable":true,"href":"https:\/\/mod.wisdar.net\/tr\/wp-json\/wp\/v2\/product_cat?post=155138"},{"taxonomy":"product_tag","embeddable":true,"href":"https:\/\/mod.wisdar.net\/tr\/wp-json\/wp\/v2\/product_tag?post=155138"}],"curies":[{"name":"wp","href":"https:\/\/api.w.org\/{rel}","templated":true}]}}