{"id":155227,"date":"2026-02-24T09:36:33","date_gmt":"2026-02-24T09:36:33","guid":{"rendered":"https:\/\/modesthanim.com\/product\/dik-yaka-buzgulu-takim-kahverengi\/"},"modified":"2026-04-13T00:32:00","modified_gmt":"2026-04-13T00:32:00","slug":"dik-yaka-buzgulu-takim-kahverengi","status":"publish","type":"product","link":"https:\/\/mod.wisdar.net\/tr\/urun\/dik-yaka-buzgulu-takim-kahverengi\/","title":{"rendered":"Dik Yaka B\u00fczg\u00fcl\u00fc Tak\u0131m Kahverengi"},"content":{"rendered":"<p>Tensel dokuma kuma\u015ftan, dik yakal\u0131, \u00f6n\u00fc d\u00fc\u011fme kapamal\u0131, uzun kollu, man\u015fetli, seyyar kemerli, cepli g\u00f6mlek ve fermuarl\u0131, d\u00fc\u011fme kapamal\u0131, pileli, palazzo kesim pantolon tak\u0131m.<\/p>\n<p>\u00dcr\u00fcn \u0130\u00e7eri\u011fi: % 55 Cupra<br \/>\n                     % 45 Tensel<\/p>\n","protected":false},"excerpt":{"rendered":"<p>Tensel dokuma kuma\u015ftan, dik yakal\u0131, \u00f6n\u00fc d\u00fc\u011fme kapamal\u0131, uzun kollu, man\u015fetli, seyyar kemerli, cepli g\u00f6mlek ve fermuarl\u0131, d\u00fc\u011fme kapamal\u0131, pileli, palazzo kesim pantolon tak\u0131m. \u00dcr\u00fcn \u0130\u00e7eri\u011fi: % 55 Cupra % 45 Tensel<\/p>\n","protected":false},"featured_media":155220,"comment_status":"open","ping_status":"closed","template":"","meta":[],"product_brand":[],"product_cat":[1900],"product_tag":[6744,8443,6747],"class_list":{"0":"post-155227","1":"product","2":"type-product","3":"status-publish","4":"has-post-thumbnail","6":"product_cat-koordinatlar-setler","7":"product_tag-kadin-modasi","8":"product_tag-palazzo-pantolon","9":"product_tag-pile-detayli","10":"pa_brand-fahhar","11":"pa_color-kahverengi","12":"pa_size-1-36-38","13":"pa_size-2-40-42","15":"first","16":"instock","17":"sale","18":"shipping-taxable","19":"purchasable","20":"product-type-variable"},"_links":{"self":[{"href":"https:\/\/mod.wisdar.net\/tr\/wp-json\/wp\/v2\/product\/155227","targetHints":{"allow":["GET"]}}],"collection":[{"href":"https:\/\/mod.wisdar.net\/tr\/wp-json\/wp\/v2\/product"}],"about":[{"href":"https:\/\/mod.wisdar.net\/tr\/wp-json\/wp\/v2\/types\/product"}],"replies":[{"embeddable":true,"href":"https:\/\/mod.wisdar.net\/tr\/wp-json\/wp\/v2\/comments?post=155227"}],"wp:featuredmedia":[{"embeddable":true,"href":"https:\/\/mod.wisdar.net\/tr\/wp-json\/wp\/v2\/media\/155220"}],"wp:attachment":[{"href":"https:\/\/mod.wisdar.net\/tr\/wp-json\/wp\/v2\/media?parent=155227"}],"wp:term":[{"taxonomy":"product_brand","embeddable":true,"href":"https:\/\/mod.wisdar.net\/tr\/wp-json\/wp\/v2\/product_brand?post=155227"},{"taxonomy":"product_cat","embeddable":true,"href":"https:\/\/mod.wisdar.net\/tr\/wp-json\/wp\/v2\/product_cat?post=155227"},{"taxonomy":"product_tag","embeddable":true,"href":"https:\/\/mod.wisdar.net\/tr\/wp-json\/wp\/v2\/product_tag?post=155227"}],"curies":[{"name":"wp","href":"https:\/\/api.w.org\/{rel}","templated":true}]}}