{"id":155285,"date":"2026-02-24T09:42:08","date_gmt":"2026-02-24T09:42:08","guid":{"rendered":"https:\/\/modesthanim.com\/product\/dik-yaka-buzgulu-takim-siyah\/"},"modified":"2026-04-13T00:31:01","modified_gmt":"2026-04-13T00:31:01","slug":"dik-yaka-buzgulu-takim-siyah","status":"publish","type":"product","link":"https:\/\/mod.wisdar.net\/tr\/urun\/dik-yaka-buzgulu-takim-siyah\/","title":{"rendered":"Dik Yaka B\u00fczg\u00fcl\u00fc Tak\u0131m Siyah"},"content":{"rendered":"<p>Tensel dokuma kuma\u015ftan, dik yakal\u0131, \u00f6n\u00fc d\u00fc\u011fme kapamal\u0131, uzun kollu, man\u015fetli, seyyar kemerli, cepli g\u00f6mlek ve fermuarl\u0131, d\u00fc\u011fme kapamal\u0131, pileli, palazzo kesim pantolon tak\u0131m.<\/p>\n<p>\u00dcr\u00fcn \u0130\u00e7eri\u011fi: % 55 Cupra<br \/>\n                     % 45 Tensel<\/p>\n","protected":false},"excerpt":{"rendered":"<p>Tensel dokuma kuma\u015ftan, dik yakal\u0131, \u00f6n\u00fc d\u00fc\u011fme kapamal\u0131, uzun kollu, man\u015fetli, seyyar kemerli, cepli g\u00f6mlek ve fermuarl\u0131, d\u00fc\u011fme kapamal\u0131, pileli, palazzo kesim pantolon tak\u0131m. \u00dcr\u00fcn \u0130\u00e7eri\u011fi: % 55 Cupra % 45 Tensel<\/p>\n","protected":false},"featured_media":155269,"comment_status":"open","ping_status":"closed","template":"","meta":[],"product_brand":[],"product_cat":[1900],"product_tag":[7350,6747],"class_list":{"0":"post-155285","1":"product","2":"type-product","3":"status-publish","4":"has-post-thumbnail","6":"product_cat-koordinatlar-setler","7":"product_tag-balikci-yaka","8":"product_tag-pile-detayli","9":"pa_brand-fahhar","10":"pa_color-siyah","11":"pa_size-1-36-38","12":"pa_size-2-40-42","14":"first","15":"instock","16":"sale","17":"shipping-taxable","18":"purchasable","19":"product-type-variable"},"_links":{"self":[{"href":"https:\/\/mod.wisdar.net\/tr\/wp-json\/wp\/v2\/product\/155285","targetHints":{"allow":["GET"]}}],"collection":[{"href":"https:\/\/mod.wisdar.net\/tr\/wp-json\/wp\/v2\/product"}],"about":[{"href":"https:\/\/mod.wisdar.net\/tr\/wp-json\/wp\/v2\/types\/product"}],"replies":[{"embeddable":true,"href":"https:\/\/mod.wisdar.net\/tr\/wp-json\/wp\/v2\/comments?post=155285"}],"wp:featuredmedia":[{"embeddable":true,"href":"https:\/\/mod.wisdar.net\/tr\/wp-json\/wp\/v2\/media\/155269"}],"wp:attachment":[{"href":"https:\/\/mod.wisdar.net\/tr\/wp-json\/wp\/v2\/media?parent=155285"}],"wp:term":[{"taxonomy":"product_brand","embeddable":true,"href":"https:\/\/mod.wisdar.net\/tr\/wp-json\/wp\/v2\/product_brand?post=155285"},{"taxonomy":"product_cat","embeddable":true,"href":"https:\/\/mod.wisdar.net\/tr\/wp-json\/wp\/v2\/product_cat?post=155285"},{"taxonomy":"product_tag","embeddable":true,"href":"https:\/\/mod.wisdar.net\/tr\/wp-json\/wp\/v2\/product_tag?post=155285"}],"curies":[{"name":"wp","href":"https:\/\/api.w.org\/{rel}","templated":true}]}}