{"id":155362,"date":"2026-02-24T09:46:25","date_gmt":"2026-02-24T09:46:25","guid":{"rendered":"https:\/\/modesthanim.com\/product\/kirasli-baglamali-pantolonlu-takim-kahverengi\/"},"modified":"2026-04-13T00:22:00","modified_gmt":"2026-04-13T00:22:00","slug":"kirasli-baglamali-pantolonlu-takim-kahverengi","status":"publish","type":"product","link":"https:\/\/mod.wisdar.net\/tr\/urun\/kirasli-baglamali-pantolonlu-takim-kahverengi\/","title":{"rendered":"K\u0131ra\u015fl\u0131 Ba\u011flamal\u0131 Pantolonlu Tak\u0131m Kahverengi"},"content":{"rendered":"<p>K\u0131ra\u015fl\u0131 parlak dokulu dokuma kuma\u015ftan, bisiklet yakal\u0131, s\u0131rt\u0131 fermuar kapamal\u0131, uzun kollu, geni\u015f kemer detayl\u0131 \u00fcst ve beli lastikli, cepli, palazzo kesim pantolonlu tak\u0131m.<\/p>\n<p>\u00dcr\u00fcn \u0130\u00e7eri\u011fi: % 100 Viscon<\/p>\n","protected":false},"excerpt":{"rendered":"<p>K\u0131ra\u015fl\u0131 parlak dokulu dokuma kuma\u015ftan, bisiklet yakal\u0131, s\u0131rt\u0131 fermuar kapamal\u0131, uzun kollu, geni\u015f kemer detayl\u0131 \u00fcst ve beli lastikli, cepli, palazzo kesim pantolonlu tak\u0131m. \u00dcr\u00fcn \u0130\u00e7eri\u011fi: % 100 Viscon<\/p>\n","protected":false},"featured_media":155350,"comment_status":"open","ping_status":"closed","template":"","meta":[],"product_brand":[],"product_cat":[1900],"product_tag":[11050,3678,11052,10960,11054],"class_list":{"0":"post-155362","1":"product","2":"type-product","3":"status-publish","4":"has-post-thumbnail","6":"product_cat-koordinatlar-setler","7":"product_tag-brown-outfit","8":"product_tag-palazzo-pants","9":"product_tag-ruffle-set","10":"product_tag-tie-waist-2","11":"product_tag-viscose-suit","12":"pa_brand-fahhar","13":"pa_color-kahverengi","14":"pa_size-1-36-38","15":"pa_size-2-40-42","17":"first","18":"instock","19":"sale","20":"shipping-taxable","21":"purchasable","22":"product-type-variable"},"_links":{"self":[{"href":"https:\/\/mod.wisdar.net\/tr\/wp-json\/wp\/v2\/product\/155362","targetHints":{"allow":["GET"]}}],"collection":[{"href":"https:\/\/mod.wisdar.net\/tr\/wp-json\/wp\/v2\/product"}],"about":[{"href":"https:\/\/mod.wisdar.net\/tr\/wp-json\/wp\/v2\/types\/product"}],"replies":[{"embeddable":true,"href":"https:\/\/mod.wisdar.net\/tr\/wp-json\/wp\/v2\/comments?post=155362"}],"wp:featuredmedia":[{"embeddable":true,"href":"https:\/\/mod.wisdar.net\/tr\/wp-json\/wp\/v2\/media\/155350"}],"wp:attachment":[{"href":"https:\/\/mod.wisdar.net\/tr\/wp-json\/wp\/v2\/media?parent=155362"}],"wp:term":[{"taxonomy":"product_brand","embeddable":true,"href":"https:\/\/mod.wisdar.net\/tr\/wp-json\/wp\/v2\/product_brand?post=155362"},{"taxonomy":"product_cat","embeddable":true,"href":"https:\/\/mod.wisdar.net\/tr\/wp-json\/wp\/v2\/product_cat?post=155362"},{"taxonomy":"product_tag","embeddable":true,"href":"https:\/\/mod.wisdar.net\/tr\/wp-json\/wp\/v2\/product_tag?post=155362"}],"curies":[{"name":"wp","href":"https:\/\/api.w.org\/{rel}","templated":true}]}}