{"id":155374,"date":"2026-02-24T09:46:37","date_gmt":"2026-02-24T09:46:37","guid":{"rendered":"https:\/\/modesthanim.com\/product\/kirasli-baglamali-pantolonlu-takim-siyah\/"},"modified":"2026-04-13T00:22:34","modified_gmt":"2026-04-13T00:22:34","slug":"kirasli-baglamali-pantolonlu-takim-siyah","status":"publish","type":"product","link":"https:\/\/mod.wisdar.net\/tr\/urun\/kirasli-baglamali-pantolonlu-takim-siyah\/","title":{"rendered":"K\u0131ra\u015fl\u0131 Ba\u011flamal\u0131 Pantolonlu Tak\u0131m Siyah"},"content":{"rendered":"<p>K\u0131ra\u015fl\u0131 parlak dokulu dokuma kuma\u015ftan, bisiklet yakal\u0131, s\u0131rt\u0131 fermuar kapamal\u0131, uzun kollu, geni\u015f kemer detayl\u0131 \u00fcst ve beli lastikli, cepli, palazzo kesim pantolonlu tak\u0131m.<\/p>\n<p>\u00dcr\u00fcn \u0130\u00e7eri\u011fi: % 100 Viscon<\/p>\n","protected":false},"excerpt":{"rendered":"<p>K\u0131ra\u015fl\u0131 parlak dokulu dokuma kuma\u015ftan, bisiklet yakal\u0131, s\u0131rt\u0131 fermuar kapamal\u0131, uzun kollu, geni\u015f kemer detayl\u0131 \u00fcst ve beli lastikli, cepli, palazzo kesim pantolonlu tak\u0131m. \u00dcr\u00fcn \u0130\u00e7eri\u011fi: % 100 Viscon<\/p>\n","protected":false},"featured_media":155358,"comment_status":"open","ping_status":"closed","template":"","meta":[],"product_brand":[],"product_cat":[1900],"product_tag":[8328,8375],"class_list":{"0":"post-155374","1":"product","2":"type-product","3":"status-publish","4":"has-post-thumbnail","6":"product_cat-koordinatlar-setler","7":"product_tag-balikci-yaka-2","8":"product_tag-pantolon-takimi","9":"pa_brand-fahhar","10":"pa_color-siyah","11":"pa_size-1-36-38","12":"pa_size-2-40-42","14":"first","15":"instock","16":"sale","17":"shipping-taxable","18":"purchasable","19":"product-type-variable"},"_links":{"self":[{"href":"https:\/\/mod.wisdar.net\/tr\/wp-json\/wp\/v2\/product\/155374","targetHints":{"allow":["GET"]}}],"collection":[{"href":"https:\/\/mod.wisdar.net\/tr\/wp-json\/wp\/v2\/product"}],"about":[{"href":"https:\/\/mod.wisdar.net\/tr\/wp-json\/wp\/v2\/types\/product"}],"replies":[{"embeddable":true,"href":"https:\/\/mod.wisdar.net\/tr\/wp-json\/wp\/v2\/comments?post=155374"}],"wp:featuredmedia":[{"embeddable":true,"href":"https:\/\/mod.wisdar.net\/tr\/wp-json\/wp\/v2\/media\/155358"}],"wp:attachment":[{"href":"https:\/\/mod.wisdar.net\/tr\/wp-json\/wp\/v2\/media?parent=155374"}],"wp:term":[{"taxonomy":"product_brand","embeddable":true,"href":"https:\/\/mod.wisdar.net\/tr\/wp-json\/wp\/v2\/product_brand?post=155374"},{"taxonomy":"product_cat","embeddable":true,"href":"https:\/\/mod.wisdar.net\/tr\/wp-json\/wp\/v2\/product_cat?post=155374"},{"taxonomy":"product_tag","embeddable":true,"href":"https:\/\/mod.wisdar.net\/tr\/wp-json\/wp\/v2\/product_tag?post=155374"}],"curies":[{"name":"wp","href":"https:\/\/api.w.org\/{rel}","templated":true}]}}