{"id":155445,"date":"2026-02-24T09:51:25","date_gmt":"2026-02-24T09:51:25","guid":{"rendered":"https:\/\/modesthanim.com\/product\/kirasli-baglamali-pantolonlu-takim-murdum\/"},"modified":"2026-04-13T00:21:41","modified_gmt":"2026-04-13T00:21:41","slug":"kirasli-baglamali-pantolonlu-takim-murdum","status":"publish","type":"product","link":"https:\/\/mod.wisdar.net\/tr\/urun\/kirasli-baglamali-pantolonlu-takim-murdum\/","title":{"rendered":"K\u0131ra\u015fl\u0131 Ba\u011flamal\u0131 Pantolonlu Tak\u0131m M\u00fcrd\u00fcm"},"content":{"rendered":"<p>K\u0131ra\u015fl\u0131 parlak dokulu dokuma kuma\u015ftan, bisiklet yakal\u0131, s\u0131rt\u0131 fermuar kapamal\u0131, uzun kollu, geni\u015f kemer detayl\u0131 \u00fcst ve beli lastikli, cepli, palazzo kesim pantolonlu tak\u0131m.<\/p>\n<p>\u00dcr\u00fcn \u0130\u00e7eri\u011fi: % 100 Viscon<\/p>\n","protected":false},"excerpt":{"rendered":"<p>K\u0131ra\u015fl\u0131 parlak dokulu dokuma kuma\u015ftan, bisiklet yakal\u0131, s\u0131rt\u0131 fermuar kapamal\u0131, uzun kollu, geni\u015f kemer detayl\u0131 \u00fcst ve beli lastikli, cepli, palazzo kesim pantolonlu tak\u0131m. \u00dcr\u00fcn \u0130\u00e7eri\u011fi: % 100 Viscon<\/p>\n","protected":false},"featured_media":155429,"comment_status":"open","ping_status":"closed","template":"","meta":[],"product_brand":[],"product_cat":[1900],"product_tag":[6908,6907],"class_list":{"0":"post-155445","1":"product","2":"type-product","3":"status-publish","4":"has-post-thumbnail","6":"product_cat-koordinatlar-setler","7":"product_tag-kadin-takim","8":"product_tag-murdum-rengi","9":"pa_brand-fahhar","10":"pa_color-murdum","11":"pa_size-1-36-38","12":"pa_size-2-40-42","14":"first","15":"instock","16":"sale","17":"shipping-taxable","18":"purchasable","19":"product-type-variable"},"_links":{"self":[{"href":"https:\/\/mod.wisdar.net\/tr\/wp-json\/wp\/v2\/product\/155445","targetHints":{"allow":["GET"]}}],"collection":[{"href":"https:\/\/mod.wisdar.net\/tr\/wp-json\/wp\/v2\/product"}],"about":[{"href":"https:\/\/mod.wisdar.net\/tr\/wp-json\/wp\/v2\/types\/product"}],"replies":[{"embeddable":true,"href":"https:\/\/mod.wisdar.net\/tr\/wp-json\/wp\/v2\/comments?post=155445"}],"wp:featuredmedia":[{"embeddable":true,"href":"https:\/\/mod.wisdar.net\/tr\/wp-json\/wp\/v2\/media\/155429"}],"wp:attachment":[{"href":"https:\/\/mod.wisdar.net\/tr\/wp-json\/wp\/v2\/media?parent=155445"}],"wp:term":[{"taxonomy":"product_brand","embeddable":true,"href":"https:\/\/mod.wisdar.net\/tr\/wp-json\/wp\/v2\/product_brand?post=155445"},{"taxonomy":"product_cat","embeddable":true,"href":"https:\/\/mod.wisdar.net\/tr\/wp-json\/wp\/v2\/product_cat?post=155445"},{"taxonomy":"product_tag","embeddable":true,"href":"https:\/\/mod.wisdar.net\/tr\/wp-json\/wp\/v2\/product_tag?post=155445"}],"curies":[{"name":"wp","href":"https:\/\/api.w.org\/{rel}","templated":true}]}}