{"id":155515,"date":"2026-02-24T09:53:33","date_gmt":"2026-02-24T09:53:33","guid":{"rendered":"https:\/\/modesthanim.com\/product\/pens-detayli-denim-elbise-lacivert\/"},"modified":"2026-04-15T20:31:16","modified_gmt":"2026-04-15T20:31:16","slug":"pens-detayli-denim-elbise-lacivert","status":"publish","type":"product","link":"https:\/\/mod.wisdar.net\/tr\/urun\/pens-detayli-denim-elbise-lacivert\/","title":{"rendered":"Pens Detayl\u0131 Denim Elbise Lacivert"},"content":{"rendered":"<p>Denim dokuma kuma\u015ftan, g\u00f6mlek yakal\u0131, balon uzun kollu, man\u015fetli, \u00f6n\u00fc metal d\u00fc\u011fme kapamal\u0131, maxi elbise.<\/p>\n<p>1(36\/38)Beden: Uzunluk:137 cm, Kol Uzunlu\u011fu: 58 cm ,\u0130ki Omuz Aras\u0131 Mesafe:42 cm , G\u00f6\u011f\u00fcs: 42 cm, Bel:29 cm.<\/p>\n<p>2(40\/42)Beden: Uzunluk:137 cm, Kol Uzunlu\u011fu: 60 cm ,\u0130ki Omuz Aras\u0131 Mesafe:44 cm , G\u00f6\u011f\u00fcs: 44 cm, Bel:32 cm.<\/p>\n<p>\u00dcr\u00fcn \u0130\u00e7eri\u011fi: % 100 Pamuk<\/p>\n","protected":false},"excerpt":{"rendered":"<p>Denim dokuma kuma\u015ftan, g\u00f6mlek yakal\u0131, balon uzun kollu, man\u015fetli, \u00f6n\u00fc metal d\u00fc\u011fme kapamal\u0131, maxi elbise. 1(36\/38)Beden: Uzunluk:137 cm, Kol Uzunlu\u011fu: 58 cm ,\u0130ki Omuz Aras\u0131 Mesafe:42 cm , G\u00f6\u011f\u00fcs: 42 cm, Bel:29 cm. 2(40\/42)Beden: Uzunluk:137 cm, Kol Uzunlu\u011fu: 60 cm ,\u0130ki Omuz Aras\u0131 Mesafe:44 cm , G\u00f6\u011f\u00fcs: 44 cm, Bel:32 cm. \u00dcr\u00fcn \u0130\u00e7eri\u011fi: % 100 [&hellip;]<\/p>\n","protected":false},"featured_media":155499,"comment_status":"open","ping_status":"closed","template":"","meta":[],"product_brand":[],"product_cat":[6249,4077],"product_tag":[6771,6744,7669,7238,7488],"class_list":{"0":"post-155515","1":"product","2":"type-product","3":"status-publish","4":"has-post-thumbnail","6":"product_cat-elbiseler","7":"product_cat-kot-elbiseler","8":"product_tag-gomlek-yaka","9":"product_tag-kadin-modasi","10":"product_tag-kot-elbise","11":"product_tag-lacivert","12":"product_tag-pamuk","13":"pa_brand-fahhar","14":"pa_color-lacivert","15":"pa_size-1-36-38","16":"pa_size-2-40-42","18":"first","19":"instock","20":"sale","21":"shipping-taxable","22":"purchasable","23":"product-type-variable"},"_links":{"self":[{"href":"https:\/\/mod.wisdar.net\/tr\/wp-json\/wp\/v2\/product\/155515","targetHints":{"allow":["GET"]}}],"collection":[{"href":"https:\/\/mod.wisdar.net\/tr\/wp-json\/wp\/v2\/product"}],"about":[{"href":"https:\/\/mod.wisdar.net\/tr\/wp-json\/wp\/v2\/types\/product"}],"replies":[{"embeddable":true,"href":"https:\/\/mod.wisdar.net\/tr\/wp-json\/wp\/v2\/comments?post=155515"}],"wp:featuredmedia":[{"embeddable":true,"href":"https:\/\/mod.wisdar.net\/tr\/wp-json\/wp\/v2\/media\/155499"}],"wp:attachment":[{"href":"https:\/\/mod.wisdar.net\/tr\/wp-json\/wp\/v2\/media?parent=155515"}],"wp:term":[{"taxonomy":"product_brand","embeddable":true,"href":"https:\/\/mod.wisdar.net\/tr\/wp-json\/wp\/v2\/product_brand?post=155515"},{"taxonomy":"product_cat","embeddable":true,"href":"https:\/\/mod.wisdar.net\/tr\/wp-json\/wp\/v2\/product_cat?post=155515"},{"taxonomy":"product_tag","embeddable":true,"href":"https:\/\/mod.wisdar.net\/tr\/wp-json\/wp\/v2\/product_tag?post=155515"}],"curies":[{"name":"wp","href":"https:\/\/api.w.org\/{rel}","templated":true}]}}