{"id":155572,"date":"2026-02-24T09:54:52","date_gmt":"2026-02-24T09:54:52","guid":{"rendered":"https:\/\/modesthanim.com\/product\/fular-detayli-denim-elbise-lacivert\/"},"modified":"2026-02-24T09:55:29","modified_gmt":"2026-02-24T09:55:29","slug":"fular-detayli-denim-elbise-lacivert","status":"publish","type":"product","link":"https:\/\/mod.wisdar.net\/tr\/urun\/fular-detayli-denim-elbise-lacivert\/","title":{"rendered":"Fular Detayl\u0131 Denim Elbise Lacivert"},"content":{"rendered":"<p>Denim dokuma kuma\u015ftan, s\u0131rt\u0131 fermuar kapamal\u0131, bisiklet yakal\u0131, uzun kollu, seyyar fular detayl\u0131, elbise.<\/p>\n<p> 1(36\/38) BEDEN Uzunluk:136 cm, G\u00f6\u011f\u00fcs: 44 cm, Bel: 42cm, Kol: 64 cm, \u0130ki Omuz Aras\u0131 Mesafe: 35cm.<\/p>\n<p>2(40\/42) BEDEN Uzunluk:137 cm, G\u00f6\u011f\u00fcs: 46 cm, Bel: 44cm, Kol: 65 cm, \u0130ki Omuz Aras\u0131 Mesafe: 37cm.<\/p>\n<p>\u00dcr\u00fcn \u0130\u00e7eri\u011fi: % 100 Pamuk<\/p>\n","protected":false},"excerpt":{"rendered":"<p>Denim dokuma kuma\u015ftan, s\u0131rt\u0131 fermuar kapamal\u0131, bisiklet yakal\u0131, uzun kollu, seyyar fular detayl\u0131, elbise. 1(36\/38) BEDEN Uzunluk:136 cm, G\u00f6\u011f\u00fcs: 44 cm, Bel: 42cm, Kol: 64 cm, \u0130ki Omuz Aras\u0131 Mesafe: 35cm. 2(40\/42) BEDEN Uzunluk:137 cm, G\u00f6\u011f\u00fcs: 46 cm, Bel: 44cm, Kol: 65 cm, \u0130ki Omuz Aras\u0131 Mesafe: 37cm. \u00dcr\u00fcn \u0130\u00e7eri\u011fi: % 100 Pamuk<\/p>\n","protected":false},"featured_media":155560,"comment_status":"open","ping_status":"closed","template":"","meta":[],"product_brand":[],"product_cat":[6249,4077],"product_tag":[7669,7238,6768],"class_list":{"0":"post-155572","1":"product","2":"type-product","3":"status-publish","4":"has-post-thumbnail","6":"product_cat-elbiseler","7":"product_cat-kot-elbiseler","8":"product_tag-kot-elbise","9":"product_tag-lacivert","10":"product_tag-uzun-kol","11":"pa_brand-fahhar","12":"pa_color-lacivert","13":"pa_size-1-36-38","14":"pa_size-2-40-42","16":"first","17":"instock","18":"sale","19":"shipping-taxable","20":"purchasable","21":"product-type-variable"},"_links":{"self":[{"href":"https:\/\/mod.wisdar.net\/tr\/wp-json\/wp\/v2\/product\/155572","targetHints":{"allow":["GET"]}}],"collection":[{"href":"https:\/\/mod.wisdar.net\/tr\/wp-json\/wp\/v2\/product"}],"about":[{"href":"https:\/\/mod.wisdar.net\/tr\/wp-json\/wp\/v2\/types\/product"}],"replies":[{"embeddable":true,"href":"https:\/\/mod.wisdar.net\/tr\/wp-json\/wp\/v2\/comments?post=155572"}],"wp:featuredmedia":[{"embeddable":true,"href":"https:\/\/mod.wisdar.net\/tr\/wp-json\/wp\/v2\/media\/155560"}],"wp:attachment":[{"href":"https:\/\/mod.wisdar.net\/tr\/wp-json\/wp\/v2\/media?parent=155572"}],"wp:term":[{"taxonomy":"product_brand","embeddable":true,"href":"https:\/\/mod.wisdar.net\/tr\/wp-json\/wp\/v2\/product_brand?post=155572"},{"taxonomy":"product_cat","embeddable":true,"href":"https:\/\/mod.wisdar.net\/tr\/wp-json\/wp\/v2\/product_cat?post=155572"},{"taxonomy":"product_tag","embeddable":true,"href":"https:\/\/mod.wisdar.net\/tr\/wp-json\/wp\/v2\/product_tag?post=155572"}],"curies":[{"name":"wp","href":"https:\/\/api.w.org\/{rel}","templated":true}]}}