{"id":155588,"date":"2026-02-24T09:55:03","date_gmt":"2026-02-24T09:55:03","guid":{"rendered":"https:\/\/modesthanim.com\/product\/ekose-baglamali-elbise-gri\/"},"modified":"2026-04-13T00:12:25","modified_gmt":"2026-04-13T00:12:25","slug":"ekose-baglamali-elbise-gri","status":"publish","type":"product","link":"https:\/\/mod.wisdar.net\/tr\/urun\/ekose-baglamali-elbise-gri\/","title":{"rendered":"Ekose Ba\u011flamal\u0131 Elbise Gri"},"content":{"rendered":"<p>\u015eifon kuma\u015ftan, % 100 pamuk astarl\u0131, uzun geni\u015f kollu, \u00f6n\u00fc ba\u011flama detayl\u0131, s\u0131rt\u0131 fermuar kapamal\u0131, ekose desenli, maxi boy elbise.<\/p>\n<p> 1(36-38) Beden Uzunluk: 137 cm, Kol uzunlu\u011fu: 58 cm, G\u00f6\u011f\u00fcs: 51 cm,\u0130ki Omuz Aras\u0131 Mesafe:42 cm, Bel: 42 cm.<\/p>\n<p> 2(40-42) Beden Uzunluk: 139 cm, Kol uzunlu\u011fu: 59 cm, G\u00f6\u011f\u00fcs: 52 cm,\u0130ki Omuz Aras\u0131 Mesafe:42 cm, Bel: 44 cm.<\/p>\n<p>\u00dcr\u00fcn \u0130\u00e7eri\u011fi: % 100 Polyester<\/p>\n","protected":false},"excerpt":{"rendered":"<p>\u015eifon kuma\u015ftan, % 100 pamuk astarl\u0131, uzun geni\u015f kollu, \u00f6n\u00fc ba\u011flama detayl\u0131, s\u0131rt\u0131 fermuar kapamal\u0131, ekose desenli, maxi boy elbise. 1(36-38) Beden Uzunluk: 137 cm, Kol uzunlu\u011fu: 58 cm, G\u00f6\u011f\u00fcs: 51 cm,\u0130ki Omuz Aras\u0131 Mesafe:42 cm, Bel: 42 cm. 2(40-42) Beden Uzunluk: 139 cm, Kol uzunlu\u011fu: 59 cm, G\u00f6\u011f\u00fcs: 52 cm,\u0130ki Omuz Aras\u0131 Mesafe:42 cm, [&hellip;]<\/p>\n","protected":false},"featured_media":155568,"comment_status":"open","ping_status":"closed","template":"","meta":[],"product_brand":[],"product_cat":[6249,1933],"product_tag":[6929,7677,6744,6924],"class_list":{"0":"post-155588","1":"product","2":"type-product","3":"status-publish","4":"has-post-thumbnail","6":"product_cat-elbiseler","7":"product_cat-gunluk-ve-gunduz-elbiseleri","8":"product_tag-ekose-elbise","9":"product_tag-gri-elbise","10":"product_tag-kadin-modasi","11":"product_tag-sifon","12":"pa_brand-fahhar","13":"pa_color-gri","14":"pa_size-1-36-38","15":"pa_size-2-40-42","17":"first","18":"instock","19":"sale","20":"shipping-taxable","21":"purchasable","22":"product-type-variable"},"_links":{"self":[{"href":"https:\/\/mod.wisdar.net\/tr\/wp-json\/wp\/v2\/product\/155588","targetHints":{"allow":["GET"]}}],"collection":[{"href":"https:\/\/mod.wisdar.net\/tr\/wp-json\/wp\/v2\/product"}],"about":[{"href":"https:\/\/mod.wisdar.net\/tr\/wp-json\/wp\/v2\/types\/product"}],"replies":[{"embeddable":true,"href":"https:\/\/mod.wisdar.net\/tr\/wp-json\/wp\/v2\/comments?post=155588"}],"wp:featuredmedia":[{"embeddable":true,"href":"https:\/\/mod.wisdar.net\/tr\/wp-json\/wp\/v2\/media\/155568"}],"wp:attachment":[{"href":"https:\/\/mod.wisdar.net\/tr\/wp-json\/wp\/v2\/media?parent=155588"}],"wp:term":[{"taxonomy":"product_brand","embeddable":true,"href":"https:\/\/mod.wisdar.net\/tr\/wp-json\/wp\/v2\/product_brand?post=155588"},{"taxonomy":"product_cat","embeddable":true,"href":"https:\/\/mod.wisdar.net\/tr\/wp-json\/wp\/v2\/product_cat?post=155588"},{"taxonomy":"product_tag","embeddable":true,"href":"https:\/\/mod.wisdar.net\/tr\/wp-json\/wp\/v2\/product_tag?post=155588"}],"curies":[{"name":"wp","href":"https:\/\/api.w.org\/{rel}","templated":true}]}}