{"id":155660,"date":"2026-02-24T09:57:03","date_gmt":"2026-02-24T09:57:03","guid":{"rendered":"https:\/\/modesthanim.com\/product\/fularli-ekose-gomlek-lacivert\/"},"modified":"2026-02-24T09:57:39","modified_gmt":"2026-02-24T09:57:39","slug":"fularli-ekose-gomlek-lacivert","status":"publish","type":"product","link":"https:\/\/mod.wisdar.net\/tr\/urun\/fularli-ekose-gomlek-lacivert\/","title":{"rendered":"Fularl\u0131 Ekose G\u00f6mlek Lacivert"},"content":{"rendered":"<p>% 100 pamuk d\u00f6k\u00fcml\u00fc kuma\u015ftan, k\u00fc\u00e7\u00fck ekoseli, hakim yakal\u0131, seyyar fularl\u0131, ince man\u015fetli, \u00f6n\u00fc patl\u0131, d\u00fc\u011fme kapamal\u0131 g\u00f6mlek.<\/p>\n<p>1(36\/38)Beden: Uzunluk:72 cm, Kol Uzunlu\u011fu:56 cm ,\u0130ki Omuz Aras\u0131 Mesafe:50 cm , G\u00f6\u011f\u00fcs: 55 cm, Bel: 63 cm.<\/p>\n<p>2(40\/42)Beden: Uzunluk:72 cm, Kol Uzunlu\u011fu:57 cm ,\u0130ki Omuz Aras\u0131 Mesafe:52 cm , G\u00f6\u011f\u00fcs: 57 cm, Bel: 66 cm.<\/p>\n<p>\u00dcr\u00fcn \u0130\u00e7eri\u011fi: %100 Pamuk<\/p>\n","protected":false},"excerpt":{"rendered":"<p>% 100 pamuk d\u00f6k\u00fcml\u00fc kuma\u015ftan, k\u00fc\u00e7\u00fck ekoseli, hakim yakal\u0131, seyyar fularl\u0131, ince man\u015fetli, \u00f6n\u00fc patl\u0131, d\u00fc\u011fme kapamal\u0131 g\u00f6mlek. 1(36\/38)Beden: Uzunluk:72 cm, Kol Uzunlu\u011fu:56 cm ,\u0130ki Omuz Aras\u0131 Mesafe:50 cm , G\u00f6\u011f\u00fcs: 55 cm, Bel: 63 cm. 2(40\/42)Beden: Uzunluk:72 cm, Kol Uzunlu\u011fu:57 cm ,\u0130ki Omuz Aras\u0131 Mesafe:52 cm , G\u00f6\u011f\u00fcs: 57 cm, Bel: 66 cm. \u00dcr\u00fcn [&hellip;]<\/p>\n","protected":false},"featured_media":155651,"comment_status":"open","ping_status":"closed","template":"","meta":[],"product_brand":[],"product_cat":[1909],"product_tag":[7426,7238],"class_list":{"0":"post-155660","1":"product","2":"type-product","3":"status-publish","4":"has-post-thumbnail","6":"product_cat-bluzlar-ve-gomlekler","7":"product_tag-gunluk-giyim-3","8":"product_tag-lacivert","9":"pa_brand-fahhar","10":"pa_color-lacivert","11":"pa_size-1-36-38","12":"pa_size-2-40-42","14":"first","15":"instock","16":"sale","17":"shipping-taxable","18":"purchasable","19":"product-type-variable"},"_links":{"self":[{"href":"https:\/\/mod.wisdar.net\/tr\/wp-json\/wp\/v2\/product\/155660","targetHints":{"allow":["GET"]}}],"collection":[{"href":"https:\/\/mod.wisdar.net\/tr\/wp-json\/wp\/v2\/product"}],"about":[{"href":"https:\/\/mod.wisdar.net\/tr\/wp-json\/wp\/v2\/types\/product"}],"replies":[{"embeddable":true,"href":"https:\/\/mod.wisdar.net\/tr\/wp-json\/wp\/v2\/comments?post=155660"}],"wp:featuredmedia":[{"embeddable":true,"href":"https:\/\/mod.wisdar.net\/tr\/wp-json\/wp\/v2\/media\/155651"}],"wp:attachment":[{"href":"https:\/\/mod.wisdar.net\/tr\/wp-json\/wp\/v2\/media?parent=155660"}],"wp:term":[{"taxonomy":"product_brand","embeddable":true,"href":"https:\/\/mod.wisdar.net\/tr\/wp-json\/wp\/v2\/product_brand?post=155660"},{"taxonomy":"product_cat","embeddable":true,"href":"https:\/\/mod.wisdar.net\/tr\/wp-json\/wp\/v2\/product_cat?post=155660"},{"taxonomy":"product_tag","embeddable":true,"href":"https:\/\/mod.wisdar.net\/tr\/wp-json\/wp\/v2\/product_tag?post=155660"}],"curies":[{"name":"wp","href":"https:\/\/api.w.org\/{rel}","templated":true}]}}