{"id":155682,"date":"2026-02-24T09:57:08","date_gmt":"2026-02-24T09:57:08","guid":{"rendered":"https:\/\/modesthanim.com\/product\/seyyar-fularli-ekose-gomlek-bordo\/"},"modified":"2026-04-13T00:11:01","modified_gmt":"2026-04-13T00:11:01","slug":"seyyar-fularli-ekose-gomlek-bordo","status":"publish","type":"product","link":"https:\/\/mod.wisdar.net\/tr\/urun\/seyyar-fularli-ekose-gomlek-bordo\/","title":{"rendered":"Seyyar Fularl\u0131 Ekose G\u00f6mlek Bordo"},"content":{"rendered":"<p>Ekose desenli dokuma kuma\u015ftan, seyyar fularl\u0131, g\u00f6mlek yakal\u0131, \u00f6n\u00fc patl\u0131, d\u00fc\u011fme kapamal\u0131, uzun kollu, man\u015fetli, pens detayl\u0131 g\u00f6mlek.<\/p>\n","protected":false},"excerpt":{"rendered":"<p>Ekose desenli dokuma kuma\u015ftan, seyyar fularl\u0131, g\u00f6mlek yakal\u0131, \u00f6n\u00fc patl\u0131, d\u00fc\u011fme kapamal\u0131, uzun kollu, man\u015fetli, pens detayl\u0131 g\u00f6mlek.<\/p>\n","protected":false},"featured_media":155663,"comment_status":"open","ping_status":"closed","template":"","meta":[],"product_brand":[],"product_cat":[1909],"product_tag":[7150,6768],"class_list":{"0":"post-155682","1":"product","2":"type-product","3":"status-publish","4":"has-post-thumbnail","6":"product_cat-bluzlar-ve-gomlekler","7":"product_tag-bordo","8":"product_tag-uzun-kol","9":"pa_brand-fahhar","10":"pa_color-bordo","11":"pa_size-1-36-38","12":"pa_size-2-40-42","13":"pa_size-4701","14":"pa_size-4706","15":"pa_size-4711","17":"first","18":"instock","19":"sale","20":"shipping-taxable","21":"purchasable","22":"product-type-variable"},"_links":{"self":[{"href":"https:\/\/mod.wisdar.net\/tr\/wp-json\/wp\/v2\/product\/155682","targetHints":{"allow":["GET"]}}],"collection":[{"href":"https:\/\/mod.wisdar.net\/tr\/wp-json\/wp\/v2\/product"}],"about":[{"href":"https:\/\/mod.wisdar.net\/tr\/wp-json\/wp\/v2\/types\/product"}],"replies":[{"embeddable":true,"href":"https:\/\/mod.wisdar.net\/tr\/wp-json\/wp\/v2\/comments?post=155682"}],"wp:featuredmedia":[{"embeddable":true,"href":"https:\/\/mod.wisdar.net\/tr\/wp-json\/wp\/v2\/media\/155663"}],"wp:attachment":[{"href":"https:\/\/mod.wisdar.net\/tr\/wp-json\/wp\/v2\/media?parent=155682"}],"wp:term":[{"taxonomy":"product_brand","embeddable":true,"href":"https:\/\/mod.wisdar.net\/tr\/wp-json\/wp\/v2\/product_brand?post=155682"},{"taxonomy":"product_cat","embeddable":true,"href":"https:\/\/mod.wisdar.net\/tr\/wp-json\/wp\/v2\/product_cat?post=155682"},{"taxonomy":"product_tag","embeddable":true,"href":"https:\/\/mod.wisdar.net\/tr\/wp-json\/wp\/v2\/product_tag?post=155682"}],"curies":[{"name":"wp","href":"https:\/\/api.w.org\/{rel}","templated":true}]}}