{"id":155917,"date":"2026-02-24T10:03:49","date_gmt":"2026-02-24T10:03:49","guid":{"rendered":"https:\/\/modesthanim.com\/product\/pileli-maxi-denim-etek-lacivert\/"},"modified":"2026-04-12T23:52:17","modified_gmt":"2026-04-12T23:52:17","slug":"pileli-maxi-denim-etek-lacivert","status":"publish","type":"product","link":"https:\/\/mod.wisdar.net\/tr\/urun\/pileli-maxi-denim-etek-lacivert\/","title":{"rendered":"Pileli Maxi Denim Etek Lacivert"},"content":{"rendered":"<p>Denim dokuma kuma\u015ftan, y\u00fcksek belli, belirgin diki\u015f ve pilili detaylar, gizli fermuar kapamal\u0131, maxi boy etek.<\/p>\n<p>36 Beden: Uzunluk:98 cm, Bel:40 cm, Basen: 65 cm.<\/p>\n<p>38 Beden Uzunluk: 100 cm, Bel. 41 cm, Basen: 66 cm.<\/p>\n<p>40 Beden Uzunluk:101 cm, Bel: 42 cm , Basen: 69 cm.<\/p>\n<p>\u00dcr\u00fcn \u0130\u00e7eri\u011fi: %100 Pamuk<\/p>\n","protected":false},"excerpt":{"rendered":"<p>Denim dokuma kuma\u015ftan, y\u00fcksek belli, belirgin diki\u015f ve pilili detaylar, gizli fermuar kapamal\u0131, maxi boy etek. 36 Beden: Uzunluk:98 cm, Bel:40 cm, Basen: 65 cm. 38 Beden Uzunluk: 100 cm, Bel. 41 cm, Basen: 66 cm. 40 Beden Uzunluk:101 cm, Bel: 42 cm , Basen: 69 cm. \u00dcr\u00fcn \u0130\u00e7eri\u011fi: %100 Pamuk<\/p>\n","protected":false},"featured_media":155897,"comment_status":"open","ping_status":"closed","template":"","meta":[],"product_brand":[],"product_cat":[1969],"product_tag":[7844,8282,7488,6747,7650],"class_list":{"0":"post-155917","1":"product","2":"type-product","3":"status-publish","4":"has-post-thumbnail","6":"product_cat-etekler","7":"product_tag-denim","8":"product_tag-lacivert-2","9":"product_tag-pamuk","10":"product_tag-pile-detayli","11":"product_tag-yuksek-bel-3","12":"pa_brand-fahhar","13":"pa_color-lacivert","14":"pa_size-4701","15":"pa_size-4706","16":"pa_size-4711","18":"first","19":"instock","20":"sale","21":"shipping-taxable","22":"purchasable","23":"product-type-variable"},"_links":{"self":[{"href":"https:\/\/mod.wisdar.net\/tr\/wp-json\/wp\/v2\/product\/155917","targetHints":{"allow":["GET"]}}],"collection":[{"href":"https:\/\/mod.wisdar.net\/tr\/wp-json\/wp\/v2\/product"}],"about":[{"href":"https:\/\/mod.wisdar.net\/tr\/wp-json\/wp\/v2\/types\/product"}],"replies":[{"embeddable":true,"href":"https:\/\/mod.wisdar.net\/tr\/wp-json\/wp\/v2\/comments?post=155917"}],"wp:featuredmedia":[{"embeddable":true,"href":"https:\/\/mod.wisdar.net\/tr\/wp-json\/wp\/v2\/media\/155897"}],"wp:attachment":[{"href":"https:\/\/mod.wisdar.net\/tr\/wp-json\/wp\/v2\/media?parent=155917"}],"wp:term":[{"taxonomy":"product_brand","embeddable":true,"href":"https:\/\/mod.wisdar.net\/tr\/wp-json\/wp\/v2\/product_brand?post=155917"},{"taxonomy":"product_cat","embeddable":true,"href":"https:\/\/mod.wisdar.net\/tr\/wp-json\/wp\/v2\/product_cat?post=155917"},{"taxonomy":"product_tag","embeddable":true,"href":"https:\/\/mod.wisdar.net\/tr\/wp-json\/wp\/v2\/product_tag?post=155917"}],"curies":[{"name":"wp","href":"https:\/\/api.w.org\/{rel}","templated":true}]}}