{"id":155988,"date":"2026-02-24T10:05:59","date_gmt":"2026-02-24T10:05:59","guid":{"rendered":"https:\/\/modesthanim.com\/product\/dikis-detayli-gabardin-etek-siyah\/"},"modified":"2026-02-24T10:06:45","modified_gmt":"2026-02-24T10:06:45","slug":"dikis-detayli-gabardin-etek-siyah","status":"publish","type":"product","link":"https:\/\/mod.wisdar.net\/tr\/urun\/dikis-detayli-gabardin-etek-siyah\/","title":{"rendered":"Diki\u015f Detayl\u0131 Gabardin Etek Siyah"},"content":{"rendered":"<p>Gabardin dokuma kuma\u015ftan, \u00f6n\u00fc d\u00fc\u011fme ve fermuar kapamal\u0131, \u00e7ift i\u011fne diki\u015fli par\u00e7al\u0131 maxi boy etek.<\/p>\n<p>1(36\/38) Beden Uzunluk: 97 cm, Bel: 36 cm, Basen: 46 cm.<\/p>\n<p>2(40\/42) Beden Uzunluk: 97 cm, Bel: 39 cm, Basen: 49 cm.<\/p>\n<p>\u00dcr\u00fcn \u0130\u00e7eri\u011fi: % 97 Pamuk<br \/>\n                        % 3 Lyc<\/p>\n","protected":false},"excerpt":{"rendered":"<p>Gabardin dokuma kuma\u015ftan, \u00f6n\u00fc d\u00fc\u011fme ve fermuar kapamal\u0131, \u00e7ift i\u011fne diki\u015fli par\u00e7al\u0131 maxi boy etek. 1(36\/38) Beden Uzunluk: 97 cm, Bel: 36 cm, Basen: 46 cm. 2(40\/42) Beden Uzunluk: 97 cm, Bel: 39 cm, Basen: 49 cm. \u00dcr\u00fcn \u0130\u00e7eri\u011fi: % 97 Pamuk % 3 Lyc<\/p>\n","protected":false},"featured_media":155975,"comment_status":"open","ping_status":"closed","template":"","meta":[],"product_brand":[],"product_cat":[1969],"product_tag":[7547,7425,7622],"class_list":{"0":"post-155988","1":"product","2":"type-product","3":"status-publish","4":"has-post-thumbnail","6":"product_cat-etekler","7":"product_tag-kadin-giyim","8":"product_tag-pamuk-karisimi","9":"product_tag-siyah-etek","10":"pa_brand-fahhar","11":"pa_color-siyah","12":"pa_size-1-36-38","13":"pa_size-2-40-42","15":"first","16":"instock","17":"sale","18":"shipping-taxable","19":"purchasable","20":"product-type-variable"},"_links":{"self":[{"href":"https:\/\/mod.wisdar.net\/tr\/wp-json\/wp\/v2\/product\/155988","targetHints":{"allow":["GET"]}}],"collection":[{"href":"https:\/\/mod.wisdar.net\/tr\/wp-json\/wp\/v2\/product"}],"about":[{"href":"https:\/\/mod.wisdar.net\/tr\/wp-json\/wp\/v2\/types\/product"}],"replies":[{"embeddable":true,"href":"https:\/\/mod.wisdar.net\/tr\/wp-json\/wp\/v2\/comments?post=155988"}],"wp:featuredmedia":[{"embeddable":true,"href":"https:\/\/mod.wisdar.net\/tr\/wp-json\/wp\/v2\/media\/155975"}],"wp:attachment":[{"href":"https:\/\/mod.wisdar.net\/tr\/wp-json\/wp\/v2\/media?parent=155988"}],"wp:term":[{"taxonomy":"product_brand","embeddable":true,"href":"https:\/\/mod.wisdar.net\/tr\/wp-json\/wp\/v2\/product_brand?post=155988"},{"taxonomy":"product_cat","embeddable":true,"href":"https:\/\/mod.wisdar.net\/tr\/wp-json\/wp\/v2\/product_cat?post=155988"},{"taxonomy":"product_tag","embeddable":true,"href":"https:\/\/mod.wisdar.net\/tr\/wp-json\/wp\/v2\/product_tag?post=155988"}],"curies":[{"name":"wp","href":"https:\/\/api.w.org\/{rel}","templated":true}]}}