{"id":155997,"date":"2026-02-24T10:06:05","date_gmt":"2026-02-24T10:06:05","guid":{"rendered":"https:\/\/modesthanim.com\/product\/dikis-detayli-gabardin-etek-camel\/"},"modified":"2026-02-24T10:06:57","modified_gmt":"2026-02-24T10:06:57","slug":"dikis-detayli-gabardin-etek-camel","status":"publish","type":"product","link":"https:\/\/mod.wisdar.net\/tr\/urun\/dikis-detayli-gabardin-etek-camel\/","title":{"rendered":"Diki\u015f Detayl\u0131 Gabardin Etek Camel"},"content":{"rendered":"<p>Gabardin dokuma kuma\u015ftan, \u00f6n\u00fc d\u00fc\u011fme ve fermuar kapamal\u0131, \u00e7ift i\u011fne diki\u015fli par\u00e7al\u0131 maxi boy etek.<\/p>\n<p>1(36\/38) Beden Uzunluk: 97 cm, Bel: 36 cm, Basen: 46 cm.<\/p>\n<p>2(40\/42) Beden Uzunluk: 97 cm, Bel: 39 cm, Basen: 49 cm.<\/p>\n<p>\u00dcr\u00fcn \u0130\u00e7eri\u011fi: % 97 Pamuk<br \/>\n \u00a0\u00a0\u00a0\u00a0\u00a0\u00a0\u00a0\u00a0\u00a0\u00a0\u00a0\u00a0\u00a0\u00a0\u00a0\u00a0\u00a0\u00a0\u00a0\u00a0\u00a0\u00a0\u00a0\u00a0% 3 Lyc<\/p>\n","protected":false},"excerpt":{"rendered":"<p>Gabardin dokuma kuma\u015ftan, \u00f6n\u00fc d\u00fc\u011fme ve fermuar kapamal\u0131, \u00e7ift i\u011fne diki\u015fli par\u00e7al\u0131 maxi boy etek. 1(36\/38) Beden Uzunluk: 97 cm, Bel: 36 cm, Basen: 46 cm. 2(40\/42) Beden Uzunluk: 97 cm, Bel: 39 cm, Basen: 49 cm. \u00dcr\u00fcn \u0130\u00e7eri\u011fi: % 97 Pamuk \u00a0\u00a0\u00a0\u00a0\u00a0\u00a0\u00a0\u00a0\u00a0\u00a0\u00a0\u00a0\u00a0\u00a0\u00a0\u00a0\u00a0\u00a0\u00a0\u00a0\u00a0\u00a0\u00a0\u00a0% 3 Lyc<\/p>\n","protected":false},"featured_media":155978,"comment_status":"open","ping_status":"closed","template":"","meta":[],"product_brand":[],"product_cat":[1969],"product_tag":[],"class_list":{"0":"post-155997","1":"product","2":"type-product","3":"status-publish","4":"has-post-thumbnail","6":"product_cat-etekler","7":"pa_brand-fahhar","8":"pa_color-camel","9":"pa_size-1-36-38","10":"pa_size-2-40-42","12":"first","13":"instock","14":"sale","15":"shipping-taxable","16":"purchasable","17":"product-type-variable"},"_links":{"self":[{"href":"https:\/\/mod.wisdar.net\/tr\/wp-json\/wp\/v2\/product\/155997","targetHints":{"allow":["GET"]}}],"collection":[{"href":"https:\/\/mod.wisdar.net\/tr\/wp-json\/wp\/v2\/product"}],"about":[{"href":"https:\/\/mod.wisdar.net\/tr\/wp-json\/wp\/v2\/types\/product"}],"replies":[{"embeddable":true,"href":"https:\/\/mod.wisdar.net\/tr\/wp-json\/wp\/v2\/comments?post=155997"}],"wp:featuredmedia":[{"embeddable":true,"href":"https:\/\/mod.wisdar.net\/tr\/wp-json\/wp\/v2\/media\/155978"}],"wp:attachment":[{"href":"https:\/\/mod.wisdar.net\/tr\/wp-json\/wp\/v2\/media?parent=155997"}],"wp:term":[{"taxonomy":"product_brand","embeddable":true,"href":"https:\/\/mod.wisdar.net\/tr\/wp-json\/wp\/v2\/product_brand?post=155997"},{"taxonomy":"product_cat","embeddable":true,"href":"https:\/\/mod.wisdar.net\/tr\/wp-json\/wp\/v2\/product_cat?post=155997"},{"taxonomy":"product_tag","embeddable":true,"href":"https:\/\/mod.wisdar.net\/tr\/wp-json\/wp\/v2\/product_tag?post=155997"}],"curies":[{"name":"wp","href":"https:\/\/api.w.org\/{rel}","templated":true}]}}