{"id":156087,"date":"2026-02-24T10:09:31","date_gmt":"2026-02-24T10:09:31","guid":{"rendered":"https:\/\/modesthanim.com\/product\/pelerinli-gomlek-yesil\/"},"modified":"2026-02-24T10:54:05","modified_gmt":"2026-02-24T10:54:05","slug":"pelerinli-gomlek-yesil","status":"publish","type":"product","link":"https:\/\/mod.wisdar.net\/tr\/urun\/pelerinli-gomlek-yesil\/","title":{"rendered":"Pelerinli G\u00f6mlek Ye\u015fil"},"content":{"rendered":"<p>Tensel dokuma kuma\u015ftan, uzun kollu, g\u00f6mlek yakal\u0131, pelerin detayl\u0131, kollar\u0131 metal tokal\u0131, \u00f6n\u00fc patl\u0131, d\u00fc\u011fme kapamal\u0131 g\u00f6mlek.<\/p>\n<p>\u00dcr\u00fcn \u0130\u00e7eri\u011fi: % 84 Rayon<br \/>\n \u00a0\u00a0\u00a0\u00a0\u00a0\u00a0\u00a0\u00a0\u00a0\u00a0\u00a0\u00a0\u00a0\u00a0\u00a0\u00a0\u00a0\u00a0\u00a0\u00a0\u00a0\u00a0\u00a0% 16 Polyester<\/p>\n","protected":false},"excerpt":{"rendered":"<p>Tensel dokuma kuma\u015ftan, uzun kollu, g\u00f6mlek yakal\u0131, pelerin detayl\u0131, kollar\u0131 metal tokal\u0131, \u00f6n\u00fc patl\u0131, d\u00fc\u011fme kapamal\u0131 g\u00f6mlek. \u00dcr\u00fcn \u0130\u00e7eri\u011fi: % 84 Rayon \u00a0\u00a0\u00a0\u00a0\u00a0\u00a0\u00a0\u00a0\u00a0\u00a0\u00a0\u00a0\u00a0\u00a0\u00a0\u00a0\u00a0\u00a0\u00a0\u00a0\u00a0\u00a0\u00a0% 16 Polyester<\/p>\n","protected":false},"featured_media":156068,"comment_status":"open","ping_status":"closed","template":"","meta":[],"product_brand":[],"product_cat":[1909],"product_tag":[7547],"class_list":{"0":"post-156087","1":"product","2":"type-product","3":"status-publish","4":"has-post-thumbnail","6":"product_cat-bluzlar-ve-gomlekler","7":"product_tag-kadin-giyim","8":"pa_brand-fahhar","9":"pa_color-yesil","10":"pa_size-1-36-38","11":"pa_size-2-40-42","13":"first","14":"instock","15":"sale","16":"shipping-taxable","17":"purchasable","18":"product-type-variable"},"_links":{"self":[{"href":"https:\/\/mod.wisdar.net\/tr\/wp-json\/wp\/v2\/product\/156087","targetHints":{"allow":["GET"]}}],"collection":[{"href":"https:\/\/mod.wisdar.net\/tr\/wp-json\/wp\/v2\/product"}],"about":[{"href":"https:\/\/mod.wisdar.net\/tr\/wp-json\/wp\/v2\/types\/product"}],"replies":[{"embeddable":true,"href":"https:\/\/mod.wisdar.net\/tr\/wp-json\/wp\/v2\/comments?post=156087"}],"wp:featuredmedia":[{"embeddable":true,"href":"https:\/\/mod.wisdar.net\/tr\/wp-json\/wp\/v2\/media\/156068"}],"wp:attachment":[{"href":"https:\/\/mod.wisdar.net\/tr\/wp-json\/wp\/v2\/media?parent=156087"}],"wp:term":[{"taxonomy":"product_brand","embeddable":true,"href":"https:\/\/mod.wisdar.net\/tr\/wp-json\/wp\/v2\/product_brand?post=156087"},{"taxonomy":"product_cat","embeddable":true,"href":"https:\/\/mod.wisdar.net\/tr\/wp-json\/wp\/v2\/product_cat?post=156087"},{"taxonomy":"product_tag","embeddable":true,"href":"https:\/\/mod.wisdar.net\/tr\/wp-json\/wp\/v2\/product_tag?post=156087"}],"curies":[{"name":"wp","href":"https:\/\/api.w.org\/{rel}","templated":true}]}}