{"id":156184,"date":"2026-02-24T10:37:59","date_gmt":"2026-02-24T10:37:59","guid":{"rendered":"https:\/\/modesthanim.com\/product\/tk-1770-melure-takim-1-3-siyah-takim-1770\/"},"modified":"2026-04-13T00:40:27","modified_gmt":"2026-04-13T00:40:27","slug":"tk-1770-melure-takim-1-3-siyah-takim-1770","status":"publish","type":"product","link":"https:\/\/mod.wisdar.net\/tr\/urun\/tk-1770-melure-takim-1-3-siyah-takim-1770\/","title":{"rendered":"TK-1770 MELURE TAKIM 1-3 Siyah Tak\u0131m 1770"},"content":{"rendered":"<p>\u015e\u0131k ve rahat modelimiz TK-1770 MELURE TAKIM 1-3 Siyah Tak\u0131m 1770 zuhre.com.tr&#8217;de sizleri bekliyor! \u00dcr\u00fcn\u00fcm\u00fcz\u00fc incelemek ve sat\u0131n almak i\u00e7in t\u0131klay\u0131n!<\/p>\n","protected":false},"excerpt":{"rendered":"<p>\u015e\u0131k ve rahat modelimiz TK-1770 MELURE TAKIM 1-3 Siyah Tak\u0131m 1770 zuhre.com.tr&#8217;de sizleri bekliyor! \u00dcr\u00fcn\u00fcm\u00fcz\u00fc incelemek ve sat\u0131n almak i\u00e7in t\u0131klay\u0131n!<\/p>\n","protected":false},"featured_media":156178,"comment_status":"open","ping_status":"closed","template":"","meta":[],"product_brand":[],"product_cat":[1900],"product_tag":[6751,7074,8107],"class_list":{"0":"post-156184","1":"product","2":"type-product","3":"status-publish","4":"has-post-thumbnail","6":"product_cat-koordinatlar-setler","7":"product_tag-rahat","8":"product_tag-siyah","9":"product_tag-sik","10":"pa_brand-zuhre-com-tr","11":"pa_color-siyah","12":"pa_size-4446","13":"pa_size-4463","14":"pa_size-4680","16":"first","17":"outofstock","18":"shipping-taxable","19":"product-type-variable"},"_links":{"self":[{"href":"https:\/\/mod.wisdar.net\/tr\/wp-json\/wp\/v2\/product\/156184","targetHints":{"allow":["GET"]}}],"collection":[{"href":"https:\/\/mod.wisdar.net\/tr\/wp-json\/wp\/v2\/product"}],"about":[{"href":"https:\/\/mod.wisdar.net\/tr\/wp-json\/wp\/v2\/types\/product"}],"replies":[{"embeddable":true,"href":"https:\/\/mod.wisdar.net\/tr\/wp-json\/wp\/v2\/comments?post=156184"}],"wp:featuredmedia":[{"embeddable":true,"href":"https:\/\/mod.wisdar.net\/tr\/wp-json\/wp\/v2\/media\/156178"}],"wp:attachment":[{"href":"https:\/\/mod.wisdar.net\/tr\/wp-json\/wp\/v2\/media?parent=156184"}],"wp:term":[{"taxonomy":"product_brand","embeddable":true,"href":"https:\/\/mod.wisdar.net\/tr\/wp-json\/wp\/v2\/product_brand?post=156184"},{"taxonomy":"product_cat","embeddable":true,"href":"https:\/\/mod.wisdar.net\/tr\/wp-json\/wp\/v2\/product_cat?post=156184"},{"taxonomy":"product_tag","embeddable":true,"href":"https:\/\/mod.wisdar.net\/tr\/wp-json\/wp\/v2\/product_tag?post=156184"}],"curies":[{"name":"wp","href":"https:\/\/api.w.org\/{rel}","templated":true}]}}