{"id":156193,"date":"2026-02-24T10:38:06","date_gmt":"2026-02-24T10:38:06","guid":{"rendered":"https:\/\/modesthanim.com\/product\/tk-1912-soleni-takim-1-4-lacivert-takim-1912\/"},"modified":"2026-04-13T00:40:54","modified_gmt":"2026-04-13T00:40:54","slug":"tk-1912-soleni-takim-1-4-lacivert-takim-1912","status":"publish","type":"product","link":"https:\/\/mod.wisdar.net\/tr\/urun\/tk-1912-soleni-takim-1-4-lacivert-takim-1912\/","title":{"rendered":"TK-1912 SOLEN\u0130 TAKIM 1-4 Lacivert Tak\u0131m 1912"},"content":{"rendered":"<p>\u015e\u0131k ve rahat modelimiz TK-1912 SOLEN\u0130 TAKIM 1-4 Lacivert Tak\u0131m 1912 zuhre.com.tr&#8217;de sizleri bekliyor! \u00dcr\u00fcn\u00fcm\u00fcz\u00fc incelemek ve sat\u0131n almak i\u00e7in t\u0131klay\u0131n!<\/p>\n","protected":false},"excerpt":{"rendered":"<p>\u015e\u0131k ve rahat modelimiz TK-1912 SOLEN\u0130 TAKIM 1-4 Lacivert Tak\u0131m 1912 zuhre.com.tr&#8217;de sizleri bekliyor! \u00dcr\u00fcn\u00fcm\u00fcz\u00fc incelemek ve sat\u0131n almak i\u00e7in t\u0131klay\u0131n!<\/p>\n","protected":false},"featured_media":156182,"comment_status":"open","ping_status":"closed","template":"","meta":[],"product_brand":[],"product_cat":[1900],"product_tag":[],"class_list":{"0":"post-156193","1":"product","2":"type-product","3":"status-publish","4":"has-post-thumbnail","6":"product_cat-koordinatlar-setler","7":"pa_brand-zuhre-com-tr","8":"pa_color-lacivert","9":"pa_size-4446","10":"pa_size-4463","11":"pa_size-4680","12":"pa_size-4694","14":"first","15":"outofstock","16":"shipping-taxable","17":"product-type-variable"},"_links":{"self":[{"href":"https:\/\/mod.wisdar.net\/tr\/wp-json\/wp\/v2\/product\/156193","targetHints":{"allow":["GET"]}}],"collection":[{"href":"https:\/\/mod.wisdar.net\/tr\/wp-json\/wp\/v2\/product"}],"about":[{"href":"https:\/\/mod.wisdar.net\/tr\/wp-json\/wp\/v2\/types\/product"}],"replies":[{"embeddable":true,"href":"https:\/\/mod.wisdar.net\/tr\/wp-json\/wp\/v2\/comments?post=156193"}],"wp:featuredmedia":[{"embeddable":true,"href":"https:\/\/mod.wisdar.net\/tr\/wp-json\/wp\/v2\/media\/156182"}],"wp:attachment":[{"href":"https:\/\/mod.wisdar.net\/tr\/wp-json\/wp\/v2\/media?parent=156193"}],"wp:term":[{"taxonomy":"product_brand","embeddable":true,"href":"https:\/\/mod.wisdar.net\/tr\/wp-json\/wp\/v2\/product_brand?post=156193"},{"taxonomy":"product_cat","embeddable":true,"href":"https:\/\/mod.wisdar.net\/tr\/wp-json\/wp\/v2\/product_cat?post=156193"},{"taxonomy":"product_tag","embeddable":true,"href":"https:\/\/mod.wisdar.net\/tr\/wp-json\/wp\/v2\/product_tag?post=156193"}],"curies":[{"name":"wp","href":"https:\/\/api.w.org\/{rel}","templated":true}]}}