{"id":156446,"date":"2026-02-24T10:52:03","date_gmt":"2026-02-24T10:52:03","guid":{"rendered":"https:\/\/modesthanim.com\/product\/gc-0373-soleni-giycik-1-3-bej-giy-cik-0373\/"},"modified":"2026-04-13T00:51:52","modified_gmt":"2026-04-13T00:51:52","slug":"gc-0373-soleni-giycik-1-3-bej-giy-cik-0373","status":"publish","type":"product","link":"https:\/\/mod.wisdar.net\/tr\/urun\/gc-0373-soleni-giycik-1-3-bej-giy-cik-0373\/","title":{"rendered":"G\u00c7-0373 SOLEN\u0130 G\u0130Y\u00c7IK 1-3 Bej Giy \u00c7\u0131k 0373"},"content":{"rendered":"<p>\u015e\u0131k ve rahat modelimiz G\u00c7-0373 SOLEN\u0130 G\u0130Y\u00c7IK 1-3 Bej Giy \u00c7\u0131k 0373 zuhre.com.tr&#8217;de sizleri bekliyor! \u00dcr\u00fcn\u00fcm\u00fcz\u00fc incelemek ve sat\u0131n almak i\u00e7in t\u0131klay\u0131n!<\/p>\n","protected":false},"excerpt":{"rendered":"<p>\u015e\u0131k ve rahat modelimiz G\u00c7-0373 SOLEN\u0130 G\u0130Y\u00c7IK 1-3 Bej Giy \u00c7\u0131k 0373 zuhre.com.tr&#8217;de sizleri bekliyor! \u00dcr\u00fcn\u00fcm\u00fcz\u00fc incelemek ve sat\u0131n almak i\u00e7in t\u0131klay\u0131n!<\/p>\n","protected":false},"featured_media":156441,"comment_status":"open","ping_status":"closed","template":"","meta":[],"product_brand":[],"product_cat":[4028],"product_tag":[6753,6751,8107],"class_list":{"0":"post-156446","1":"product","2":"type-product","3":"status-publish","4":"has-post-thumbnail","6":"product_cat-abaya","7":"product_tag-bej","8":"product_tag-rahat","9":"product_tag-sik","10":"pa_brand-zuhre-com-tr","11":"pa_color-bej","12":"pa_size-4446","13":"pa_size-4463","14":"pa_size-4680","16":"first","17":"outofstock","18":"shipping-taxable","19":"product-type-variable"},"_links":{"self":[{"href":"https:\/\/mod.wisdar.net\/tr\/wp-json\/wp\/v2\/product\/156446","targetHints":{"allow":["GET"]}}],"collection":[{"href":"https:\/\/mod.wisdar.net\/tr\/wp-json\/wp\/v2\/product"}],"about":[{"href":"https:\/\/mod.wisdar.net\/tr\/wp-json\/wp\/v2\/types\/product"}],"replies":[{"embeddable":true,"href":"https:\/\/mod.wisdar.net\/tr\/wp-json\/wp\/v2\/comments?post=156446"}],"wp:featuredmedia":[{"embeddable":true,"href":"https:\/\/mod.wisdar.net\/tr\/wp-json\/wp\/v2\/media\/156441"}],"wp:attachment":[{"href":"https:\/\/mod.wisdar.net\/tr\/wp-json\/wp\/v2\/media?parent=156446"}],"wp:term":[{"taxonomy":"product_brand","embeddable":true,"href":"https:\/\/mod.wisdar.net\/tr\/wp-json\/wp\/v2\/product_brand?post=156446"},{"taxonomy":"product_cat","embeddable":true,"href":"https:\/\/mod.wisdar.net\/tr\/wp-json\/wp\/v2\/product_cat?post=156446"},{"taxonomy":"product_tag","embeddable":true,"href":"https:\/\/mod.wisdar.net\/tr\/wp-json\/wp\/v2\/product_tag?post=156446"}],"curies":[{"name":"wp","href":"https:\/\/api.w.org\/{rel}","templated":true}]}}