{"id":156635,"date":"2026-02-24T13:33:47","date_gmt":"2026-02-24T13:33:47","guid":{"rendered":"https:\/\/modesthanim.com\/product\/baby-mom-anne-gecelik-v-yaka\/"},"modified":"2026-04-03T22:34:42","modified_gmt":"2026-04-03T22:34:42","slug":"baby-mom-anne-gecelik-v-yaka","status":"publish","type":"product","link":"https:\/\/mod.wisdar.net\/tr\/urun\/baby-mom-anne-gecelik-v-yaka\/","title":{"rendered":"Baby Mom Anne Gecelik V Yaka"},"content":{"rendered":"<p>Baby Mom Gecelik, Ekru, M<\/p>\n<p>\u00dcr\u00fcn Grubu: Hamile Gecelik<br \/>\nYaka Tipi: V Yaka<br \/>\nKol Boyu: K\u0131sa Kol<br \/>\nPa\u00e7a Boyu: Midi<br \/>\nSezon: \u0130lkbahar-Yaz<br \/>\nKullan\u0131m Tipi: G\u00fcnl\u00fck Kullan\u0131m<br \/>\nKal\u0131p: Normal Kal\u0131p<br \/>\nKuma\u015f: %100 Viskon<br \/>\nYumu\u015fak kuma\u015f dokusu ve rahat kal\u0131ba sahiptir.<br \/>\n30 derecede y\u0131kanabilir.<\/p>\n<p>G\u00dcVENLE G\u0130YD\u0130R\u0130N! ebebek tekstil \u00fcr\u00fcnleri bebe\u011finizin g\u00fcvenli\u011fi i\u00e7in kimyasal i\u00e7eriklere kar\u015f\u0131 test edilmi\u015ftir. Bebe\u011finiz i\u00e7in risk olu\u015fturabilecek yutulabilir k\u00fc\u00e7\u00fck par\u00e7alar ve keskin kenarl\u0131 materyaller kullan\u0131lmamaktad\u0131r. Kullan\u0131m s\u0131ras\u0131nda tehlikeli olabilecek uzunlukta ba\u011fc\u0131k ve kordonlar kullan\u0131lmamaktad\u0131r.<\/p>\n<p>\u00dcr\u00fcn \u00d6zellikleri<br \/>\n\u00dcr\u00fcn Grubu: GEC-Gecelik<br \/>\nCinsiyet: A<br \/>\nTak\u0131m \/ Tekil: Tekil<br \/>\nFit: Standart<br \/>\nMalzeme T\u00fcr\u00fc: \u00d6rme<br \/>\nYaka Tipi: V Yaka<br \/>\nMen\u015fei: T\u00fcrkiye<br \/>\nGrafik Detay: Nak\u0131\u015f<\/p>\n<p>\u2014 Technical Details \u2014<br \/>\npattern: Hamile Pijamalar\u0131<br \/>\ngender: A<br \/>\nset_type: Tekil<br \/>\nfit: Standart<br \/>\nmaterial_type: \u00d6rme<br \/>\nneck_type: V Yaka<br \/>\norigin: T\u00fcrkiye<br \/>\ngraphic_detail: Nak\u0131\u015f<br \/>\nproduct_group: GEC-Gecelik<\/p>\n","protected":false},"excerpt":{"rendered":"<p>Baby Mom Gecelik, Ekru, M \u00dcr\u00fcn Grubu: Hamile Gecelik Yaka Tipi: V Yaka Kol Boyu: K\u0131sa Kol Pa\u00e7a Boyu: Midi Sezon: \u0130lkbahar-Yaz Kullan\u0131m Tipi: G\u00fcnl\u00fck Kullan\u0131m Kal\u0131p: Normal Kal\u0131p Kuma\u015f: %100 Viskon Yumu\u015fak kuma\u015f dokusu ve rahat kal\u0131ba sahiptir. 30 derecede y\u0131kanabilir. G\u00dcVENLE G\u0130YD\u0130R\u0130N! ebebek tekstil \u00fcr\u00fcnleri bebe\u011finizin g\u00fcvenli\u011fi i\u00e7in kimyasal i\u00e7eriklere kar\u015f\u0131 test edilmi\u015ftir. [&hellip;]<\/p>\n","protected":false},"featured_media":156617,"comment_status":"open","ping_status":"closed","template":"","meta":[],"product_brand":[],"product_cat":[8766,8763],"product_tag":[11075,9610,9554,9608,11074,11073],"class_list":{"0":"post-156635","1":"product","2":"type-product","3":"status-publish","4":"has-post-thumbnail","6":"product_cat-hamile-elbiseleri","7":"product_cat-hamilelik-urunleri","8":"product_tag-baby-mom-collection","9":"product_tag-comfortable-nightwear","10":"product_tag-maternity-nightgown","11":"product_tag-pregnancy-sleepwear","12":"product_tag-spring-summer-pajamas","13":"product_tag-viscose-nightgown","14":"pa_brand-baby-mom","15":"pa_color-ekru","16":"pa_size-2xl","17":"pa_size-l","18":"pa_size-m","19":"pa_size-s","20":"pa_size-xl","22":"first","23":"instock","24":"shipping-taxable","25":"purchasable","26":"product-type-variable"},"_links":{"self":[{"href":"https:\/\/mod.wisdar.net\/tr\/wp-json\/wp\/v2\/product\/156635","targetHints":{"allow":["GET"]}}],"collection":[{"href":"https:\/\/mod.wisdar.net\/tr\/wp-json\/wp\/v2\/product"}],"about":[{"href":"https:\/\/mod.wisdar.net\/tr\/wp-json\/wp\/v2\/types\/product"}],"replies":[{"embeddable":true,"href":"https:\/\/mod.wisdar.net\/tr\/wp-json\/wp\/v2\/comments?post=156635"}],"wp:featuredmedia":[{"embeddable":true,"href":"https:\/\/mod.wisdar.net\/tr\/wp-json\/wp\/v2\/media\/156617"}],"wp:attachment":[{"href":"https:\/\/mod.wisdar.net\/tr\/wp-json\/wp\/v2\/media?parent=156635"}],"wp:term":[{"taxonomy":"product_brand","embeddable":true,"href":"https:\/\/mod.wisdar.net\/tr\/wp-json\/wp\/v2\/product_brand?post=156635"},{"taxonomy":"product_cat","embeddable":true,"href":"https:\/\/mod.wisdar.net\/tr\/wp-json\/wp\/v2\/product_cat?post=156635"},{"taxonomy":"product_tag","embeddable":true,"href":"https:\/\/mod.wisdar.net\/tr\/wp-json\/wp\/v2\/product_tag?post=156635"}],"curies":[{"name":"wp","href":"https:\/\/api.w.org\/{rel}","templated":true}]}}