{"id":156712,"date":"2026-02-24T17:41:26","date_gmt":"2026-02-24T17:41:26","guid":{"rendered":"https:\/\/modesthanim.com\/product\/hakim-yaka-basic-tunik-yesil\/"},"modified":"2026-04-15T22:50:10","modified_gmt":"2026-04-15T22:50:10","slug":"hakim-yaka-basic-tunik-yesil","status":"publish","type":"product","link":"https:\/\/mod.wisdar.net\/tr\/urun\/hakim-yaka-basic-tunik-yesil\/","title":{"rendered":"Hakim Yaka Basic Tunik \u2013 Ye\u015fil"},"content":{"rendered":"<p>Hakim Yaka Gizli Patl\u0131 Tunik, minimal tasar\u0131m\u0131yla zarif ve \u015f\u0131k bir g\u00f6r\u00fcn\u00fcm sunar. Hakim yaka detay\u0131, tuni\u011fe modern bir dokunu\u015f katarken, gizli pat ile sade bir \u015f\u0131kl\u0131k yarat\u0131r.<br \/>\nKuma\u015f \u0130\u00e7eri\u011fi: %100 Polyester<br \/>\nDesen: D\u00fcz<br \/>\nYaka Tipi: Hakim Yaka<br \/>\nKol Tipi: Uzun Kol<br \/>\nCep: Cepsiz<br \/>\nAstar: Astars\u0131z<br \/>\n\u00dcr\u00fcn Boyu: 95 cm<br \/>\nKal\u0131p Tipi: Normal Kal\u0131p<br \/>\nManken \u00d6l\u00e7\u00fcleri:<br \/>\nBoy: 175 cm<br \/>\nG\u00f6\u011f\u00fcs: 85 cm<br \/>\nBel: 60 cm<br \/>\nBasen: 90 cm<br \/>\nMankenin Giydi\u011fi Beden: 38<\/p>\n","protected":false},"excerpt":{"rendered":"<p>Hakim Yaka Gizli Patl\u0131 Tunik, minimal tasar\u0131m\u0131yla zarif ve \u015f\u0131k bir g\u00f6r\u00fcn\u00fcm sunar. Hakim yaka detay\u0131, tuni\u011fe modern bir dokunu\u015f katarken, gizli pat ile sade bir \u015f\u0131kl\u0131k yarat\u0131r. Kuma\u015f \u0130\u00e7eri\u011fi: %100 Polyester Desen: D\u00fcz Yaka Tipi: Hakim Yaka Kol Tipi: Uzun Kol Cep: Cepsiz Astar: Astars\u0131z \u00dcr\u00fcn Boyu: 95 cm Kal\u0131p Tipi: Normal Kal\u0131p Manken [&hellip;]<\/p>\n","protected":false},"featured_media":156703,"comment_status":"open","ping_status":"closed","template":"","meta":[],"product_brand":[],"product_cat":[2050],"product_tag":[4886,7021,6768,7825],"class_list":{"0":"post-156712","1":"product","2":"type-product","3":"status-publish","4":"has-post-thumbnail","6":"product_cat-blazer-ceketler","7":"product_tag-basic","8":"product_tag-polyester","9":"product_tag-uzun-kol","10":"product_tag-yesil","11":"pa_brand-tugba","12":"pa_color-yesil","13":"pa_size-4706","14":"pa_size-4711","15":"pa_size-4713","16":"pa_size-4751","17":"pa_size-4749","18":"pa_size-4747","19":"pa_size-4746","20":"pa_size-4744","22":"first","23":"instock","24":"sale","25":"shipping-taxable","26":"purchasable","27":"product-type-variable"},"_links":{"self":[{"href":"https:\/\/mod.wisdar.net\/tr\/wp-json\/wp\/v2\/product\/156712","targetHints":{"allow":["GET"]}}],"collection":[{"href":"https:\/\/mod.wisdar.net\/tr\/wp-json\/wp\/v2\/product"}],"about":[{"href":"https:\/\/mod.wisdar.net\/tr\/wp-json\/wp\/v2\/types\/product"}],"replies":[{"embeddable":true,"href":"https:\/\/mod.wisdar.net\/tr\/wp-json\/wp\/v2\/comments?post=156712"}],"wp:featuredmedia":[{"embeddable":true,"href":"https:\/\/mod.wisdar.net\/tr\/wp-json\/wp\/v2\/media\/156703"}],"wp:attachment":[{"href":"https:\/\/mod.wisdar.net\/tr\/wp-json\/wp\/v2\/media?parent=156712"}],"wp:term":[{"taxonomy":"product_brand","embeddable":true,"href":"https:\/\/mod.wisdar.net\/tr\/wp-json\/wp\/v2\/product_brand?post=156712"},{"taxonomy":"product_cat","embeddable":true,"href":"https:\/\/mod.wisdar.net\/tr\/wp-json\/wp\/v2\/product_cat?post=156712"},{"taxonomy":"product_tag","embeddable":true,"href":"https:\/\/mod.wisdar.net\/tr\/wp-json\/wp\/v2\/product_tag?post=156712"}],"curies":[{"name":"wp","href":"https:\/\/api.w.org\/{rel}","templated":true}]}}