{"id":156723,"date":"2026-02-24T17:41:32","date_gmt":"2026-02-24T17:41:32","guid":{"rendered":"https:\/\/modesthanim.com\/product\/ruzgarlik-detayli-kruvaze-trenckot-olive\/"},"modified":"2026-04-15T22:43:28","modified_gmt":"2026-04-15T22:43:28","slug":"ruzgarlik-detayli-kruvaze-trenckot-olive","status":"publish","type":"product","link":"https:\/\/mod.wisdar.net\/tr\/urun\/ruzgarlik-detayli-kruvaze-trenckot-olive\/","title":{"rendered":"R\u00fczgarl\u0131k Detayl\u0131 Kruvaze Tren\u00e7kot \u2013 Olive"},"content":{"rendered":"<p>Klasik kruvaze yaka kesimiyle sofistike bir \u015f\u0131kl\u0131k sunan bu tren\u00e7kot, \u00f6n ve arka k\u0131sm\u0131nda yer alan r\u00fczgarl\u0131k detay\u0131yla fonksiyonel oldu\u011fu kadar modern bir g\u00f6r\u00fcn\u00fcm de kazand\u0131r\u0131r.<br \/>\nKuma\u015f \u0130\u00e7eri\u011fi: %54 Pamuklu, %44 Naylon, %2 Elastan<br \/>\nDesen: D\u00fcz<br \/>\nYaka Tipi: Kruvaze Yaka<br \/>\nKol Tipi: Uzun Kol<br \/>\nCep: Fleto Cep<br \/>\nAstar: Astarl\u0131<br \/>\n\u00dcr\u00fcn Boyu: 120 cm<br \/>\nKal\u0131p Tipi: Normal Kal\u0131p<br \/>\nMankenin Giydi\u011fi Beden: 38<br \/>\nManken \u00d6l\u00e7\u00fcleri:Boy: 175 cmG\u00f6\u011f\u00fcs: 85 cmBel: 60 cmBasen: 90 cm<\/p>\n<p>\u2014 Technical Details \u2014<br \/>\nproduct_measurements: {&#8216;shoulder&#8217;: {&#8217;38&#8217;: 41, &#8217;40&#8217;: 42.2000007629, &#8217;42&#8217;: 43.4000015259, &#8217;44&#8217;: 44.5999984741, &#8217;46&#8217;: 45.7999992371, &#8217;48&#8217;: 47, &#8217;50&#8217;: 48.2000007629, &#8217;52&#8217;: 49.4000015259}, &#8216;chest&#8217;: {&#8217;38&#8217;: 104, &#8217;40&#8217;: 108, &#8217;42&#8217;: 112, &#8217;44&#8217;: 116, &#8217;46&#8217;: 122, &#8217;48&#8217;: 126, &#8217;50&#8217;: 130, &#8217;52&#8217;: 134}, &#8216;waist&#8217;: {&#8217;38&#8217;: 102, &#8217;40&#8217;: 106, &#8217;42&#8217;: 110, &#8217;44&#8217;: 114, &#8217;46&#8217;: 120, &#8217;48&#8217;: 124, &#8217;50&#8217;: 128, &#8217;52&#8217;: 132}, &#8216;hip&#8217;: {&#8217;38&#8217;: 110, &#8217;40&#8217;: 114, &#8217;42&#8217;: 118, &#8217;44&#8217;: 122, &#8217;46&#8217;: 128, &#8217;48&#8217;: 132, &#8217;50&#8217;: 136, &#8217;52&#8217;: 140}, &#8216;length&#8217;: {&#8217;38&#8217;: 120, &#8217;40&#8217;: 120.5, &#8217;42&#8217;: 121, &#8217;44&#8217;: 121.5, &#8217;46&#8217;: 122, &#8217;48&#8217;: 122.5, &#8217;50&#8217;: 123, &#8217;52&#8217;: 123.5}, &#8216;sleeve_length&#8217;: {&#8217;38&#8217;: 62, &#8217;40&#8217;: 62.5, &#8217;42&#8217;: 63, &#8217;44&#8217;: 63.5, &#8217;46&#8217;: 64, &#8217;48&#8217;: 64.5, &#8217;50&#8217;: 65, &#8217;52&#8217;: 65.5}}<\/p>\n","protected":false},"excerpt":{"rendered":"<p>Klasik kruvaze yaka kesimiyle sofistike bir \u015f\u0131kl\u0131k sunan bu tren\u00e7kot, \u00f6n ve arka k\u0131sm\u0131nda yer alan r\u00fczgarl\u0131k detay\u0131yla fonksiyonel oldu\u011fu kadar modern bir g\u00f6r\u00fcn\u00fcm de kazand\u0131r\u0131r. Kuma\u015f \u0130\u00e7eri\u011fi: %54 Pamuklu, %44 Naylon, %2 Elastan Desen: D\u00fcz Yaka Tipi: Kruvaze Yaka Kol Tipi: Uzun Kol Cep: Fleto Cep Astar: Astarl\u0131 \u00dcr\u00fcn Boyu: 120 cm Kal\u0131p Tipi: [&hellip;]<\/p>\n","protected":false},"featured_media":156705,"comment_status":"open","ping_status":"closed","template":"","meta":[],"product_brand":[],"product_cat":[2047],"product_tag":[7928,5014,6776,6768],"class_list":{"0":"post-156723","1":"product","2":"type-product","3":"status-publish","4":"has-post-thumbnail","6":"product_cat-paltolar","7":"product_tag-moda-dis-giyim","8":"product_tag-olive","9":"product_tag-trenckot","10":"product_tag-uzun-kol","11":"pa_brand-tugba","12":"pa_color-olive","13":"pa_size-4706","14":"pa_size-4711","15":"pa_size-4713","16":"pa_size-4751","17":"pa_size-4749","18":"pa_size-4747","19":"pa_size-4746","20":"pa_size-4744","22":"first","23":"instock","24":"sale","25":"shipping-taxable","26":"purchasable","27":"product-type-variable"},"_links":{"self":[{"href":"https:\/\/mod.wisdar.net\/tr\/wp-json\/wp\/v2\/product\/156723","targetHints":{"allow":["GET"]}}],"collection":[{"href":"https:\/\/mod.wisdar.net\/tr\/wp-json\/wp\/v2\/product"}],"about":[{"href":"https:\/\/mod.wisdar.net\/tr\/wp-json\/wp\/v2\/types\/product"}],"replies":[{"embeddable":true,"href":"https:\/\/mod.wisdar.net\/tr\/wp-json\/wp\/v2\/comments?post=156723"}],"wp:featuredmedia":[{"embeddable":true,"href":"https:\/\/mod.wisdar.net\/tr\/wp-json\/wp\/v2\/media\/156705"}],"wp:attachment":[{"href":"https:\/\/mod.wisdar.net\/tr\/wp-json\/wp\/v2\/media?parent=156723"}],"wp:term":[{"taxonomy":"product_brand","embeddable":true,"href":"https:\/\/mod.wisdar.net\/tr\/wp-json\/wp\/v2\/product_brand?post=156723"},{"taxonomy":"product_cat","embeddable":true,"href":"https:\/\/mod.wisdar.net\/tr\/wp-json\/wp\/v2\/product_cat?post=156723"},{"taxonomy":"product_tag","embeddable":true,"href":"https:\/\/mod.wisdar.net\/tr\/wp-json\/wp\/v2\/product_tag?post=156723"}],"curies":[{"name":"wp","href":"https:\/\/api.w.org\/{rel}","templated":true}]}}