{"id":156814,"date":"2026-02-24T17:44:45","date_gmt":"2026-02-24T17:44:45","guid":{"rendered":"https:\/\/modesthanim.com\/product\/gizli-patli-basic-tunik-kiremit\/"},"modified":"2026-04-15T22:55:05","modified_gmt":"2026-04-15T22:55:05","slug":"gizli-patli-basic-tunik-kiremit","status":"publish","type":"product","link":"https:\/\/mod.wisdar.net\/tr\/urun\/gizli-patli-basic-tunik-kiremit\/","title":{"rendered":"Gizli Patl\u0131  Basic Tunik \u2013 Kiremit"},"content":{"rendered":"<p>Sade ve \u015f\u0131k bir tasar\u0131ma sahip bu basic tunik, gizli pat detaylar\u0131yla zarif bir dokunu\u015f sunar. Rahat kesimi ve kaliteli kuma\u015f\u0131, g\u00fcnl\u00fck konforu garanti eder.<\/p>\n<p>Kuma\u015f \u0130\u00e7eri\u011fi: %100 Polyester<br \/>\nDesen: D\u00fcz<br \/>\nYaka Tipi: G\u00f6mlek Yaka<br \/>\nKol Tipi: Uzun Kol<br \/>\nCep: Cepsiz<br \/>\nAstar: Astars\u0131z<br \/>\n\u00dcr\u00fcn Boyu: 110 cm<br \/>\nKal\u0131p Tipi: Normal Kal\u0131p<br \/>\nManken \u00d6l\u00e7\u00fcleri:<br \/>\nBoy: 175 cm<br \/>\nG\u00f6\u011f\u00fcs: 82 cm<br \/>\nBel: 60 cm<br \/>\nBasen: 90 cm<br \/>\nMankenin Giydi\u011fi Beden: 38<\/p>\n","protected":false},"excerpt":{"rendered":"<p>Sade ve \u015f\u0131k bir tasar\u0131ma sahip bu basic tunik, gizli pat detaylar\u0131yla zarif bir dokunu\u015f sunar. Rahat kesimi ve kaliteli kuma\u015f\u0131, g\u00fcnl\u00fck konforu garanti eder. Kuma\u015f \u0130\u00e7eri\u011fi: %100 Polyester Desen: D\u00fcz Yaka Tipi: G\u00f6mlek Yaka Kol Tipi: Uzun Kol Cep: Cepsiz Astar: Astars\u0131z \u00dcr\u00fcn Boyu: 110 cm Kal\u0131p Tipi: Normal Kal\u0131p Manken \u00d6l\u00e7\u00fcleri: Boy: 175 [&hellip;]<\/p>\n","protected":false},"featured_media":156797,"comment_status":"open","ping_status":"closed","template":"","meta":[],"product_brand":[],"product_cat":[2050],"product_tag":[5012,6770,6751],"class_list":{"0":"post-156814","1":"product","2":"type-product","3":"status-publish","4":"has-post-thumbnail","6":"product_cat-blazer-ceketler","7":"product_tag-elegant","8":"product_tag-gunluk-giyim","9":"product_tag-rahat","10":"pa_brand-tugba","11":"pa_color-kiremit","12":"pa_size-4706","13":"pa_size-4711","14":"pa_size-4713","15":"pa_size-4751","16":"pa_size-4749","17":"pa_size-4747","18":"pa_size-4746","19":"pa_size-4744","21":"first","22":"instock","23":"sale","24":"shipping-taxable","25":"purchasable","26":"product-type-variable"},"_links":{"self":[{"href":"https:\/\/mod.wisdar.net\/tr\/wp-json\/wp\/v2\/product\/156814","targetHints":{"allow":["GET"]}}],"collection":[{"href":"https:\/\/mod.wisdar.net\/tr\/wp-json\/wp\/v2\/product"}],"about":[{"href":"https:\/\/mod.wisdar.net\/tr\/wp-json\/wp\/v2\/types\/product"}],"replies":[{"embeddable":true,"href":"https:\/\/mod.wisdar.net\/tr\/wp-json\/wp\/v2\/comments?post=156814"}],"wp:featuredmedia":[{"embeddable":true,"href":"https:\/\/mod.wisdar.net\/tr\/wp-json\/wp\/v2\/media\/156797"}],"wp:attachment":[{"href":"https:\/\/mod.wisdar.net\/tr\/wp-json\/wp\/v2\/media?parent=156814"}],"wp:term":[{"taxonomy":"product_brand","embeddable":true,"href":"https:\/\/mod.wisdar.net\/tr\/wp-json\/wp\/v2\/product_brand?post=156814"},{"taxonomy":"product_cat","embeddable":true,"href":"https:\/\/mod.wisdar.net\/tr\/wp-json\/wp\/v2\/product_cat?post=156814"},{"taxonomy":"product_tag","embeddable":true,"href":"https:\/\/mod.wisdar.net\/tr\/wp-json\/wp\/v2\/product_tag?post=156814"}],"curies":[{"name":"wp","href":"https:\/\/api.w.org\/{rel}","templated":true}]}}