{"id":156849,"date":"2026-02-24T17:45:26","date_gmt":"2026-02-24T17:45:26","guid":{"rendered":"https:\/\/modesthanim.com\/product\/gizli-patli-basic-tunik-siyah\/"},"modified":"2026-02-24T17:46:58","modified_gmt":"2026-02-24T17:46:58","slug":"gizli-patli-basic-tunik-siyah","status":"publish","type":"product","link":"https:\/\/mod.wisdar.net\/tr\/urun\/gizli-patli-basic-tunik-siyah\/","title":{"rendered":"Gizli Patl\u0131  Basic Tunik \u2013 Siyah"},"content":{"rendered":"<p>Sade ve \u015f\u0131k bir tasar\u0131ma sahip bu basic tunik, gizli pat detaylar\u0131yla zarif bir dokunu\u015f sunar. Rahat kesimi ve kaliteli kuma\u015f\u0131, g\u00fcnl\u00fck konforu garanti eder.<\/p>\n<p>Kuma\u015f \u0130\u00e7eri\u011fi: %100 Polyester<br \/>\nDesen: D\u00fcz<br \/>\nYaka Tipi: G\u00f6mlek Yaka<br \/>\nKol Tipi: Uzun Kol<br \/>\nCep: Cepsiz<br \/>\nAstar: Astars\u0131z<br \/>\n\u00dcr\u00fcn Boyu: 110 cm<br \/>\nKal\u0131p Tipi: Normal Kal\u0131p<br \/>\nManken \u00d6l\u00e7\u00fcleri:<br \/>\nBoy: 175 cm<br \/>\nG\u00f6\u011f\u00fcs: 85 cm<br \/>\nBel: 60 cm<br \/>\nBasen: 90 cm<br \/>\nMankenin Giydi\u011fi Beden: 38<\/p>\n<p>\u2014 Technical Details \u2014<br \/>\nDesen: D\u00fcz<br \/>\nYaka Tipi: G\u00f6mlek Yaka<br \/>\nKol Tipi: Uzun Kol<br \/>\nCep: Cepsiz<br \/>\nAstar: Astars\u0131z<br \/>\n\u00dcr\u00fcn Boyu: 110 cm<br \/>\nKal\u0131p Tipi: Normal Kal\u0131p<br \/>\nManken \u00d6l\u00e7\u00fcleri: Boy: 175 cm, G\u00f6\u011f\u00fcs: 85 cm, Bel: 60 cm, Basen: 90 cm<br \/>\nMankenin Giydi\u011fi Beden: 38<\/p>\n","protected":false},"excerpt":{"rendered":"<p>Sade ve \u015f\u0131k bir tasar\u0131ma sahip bu basic tunik, gizli pat detaylar\u0131yla zarif bir dokunu\u015f sunar. Rahat kesimi ve kaliteli kuma\u015f\u0131, g\u00fcnl\u00fck konforu garanti eder. Kuma\u015f \u0130\u00e7eri\u011fi: %100 Polyester Desen: D\u00fcz Yaka Tipi: G\u00f6mlek Yaka Kol Tipi: Uzun Kol Cep: Cepsiz Astar: Astars\u0131z \u00dcr\u00fcn Boyu: 110 cm Kal\u0131p Tipi: Normal Kal\u0131p Manken \u00d6l\u00e7\u00fcleri: Boy: 175 [&hellip;]<\/p>\n","protected":false},"featured_media":156828,"comment_status":"open","ping_status":"closed","template":"","meta":[],"product_brand":[],"product_cat":[2050],"product_tag":[5012,6771,7021,6751,6768],"class_list":{"0":"post-156849","1":"product","2":"type-product","3":"status-publish","4":"has-post-thumbnail","6":"product_cat-blazer-ceketler","7":"product_tag-elegant","8":"product_tag-gomlek-yaka","9":"product_tag-polyester","10":"product_tag-rahat","11":"product_tag-uzun-kol","12":"pa_color-siyah","13":"pa_size-4706","14":"pa_size-4711","15":"pa_size-4713","16":"pa_size-4751","17":"pa_size-4749","18":"pa_size-4747","19":"pa_size-4746","20":"pa_size-4744","22":"first","23":"instock","24":"sale","25":"shipping-taxable","26":"purchasable","27":"product-type-variable"},"_links":{"self":[{"href":"https:\/\/mod.wisdar.net\/tr\/wp-json\/wp\/v2\/product\/156849","targetHints":{"allow":["GET"]}}],"collection":[{"href":"https:\/\/mod.wisdar.net\/tr\/wp-json\/wp\/v2\/product"}],"about":[{"href":"https:\/\/mod.wisdar.net\/tr\/wp-json\/wp\/v2\/types\/product"}],"replies":[{"embeddable":true,"href":"https:\/\/mod.wisdar.net\/tr\/wp-json\/wp\/v2\/comments?post=156849"}],"wp:featuredmedia":[{"embeddable":true,"href":"https:\/\/mod.wisdar.net\/tr\/wp-json\/wp\/v2\/media\/156828"}],"wp:attachment":[{"href":"https:\/\/mod.wisdar.net\/tr\/wp-json\/wp\/v2\/media?parent=156849"}],"wp:term":[{"taxonomy":"product_brand","embeddable":true,"href":"https:\/\/mod.wisdar.net\/tr\/wp-json\/wp\/v2\/product_brand?post=156849"},{"taxonomy":"product_cat","embeddable":true,"href":"https:\/\/mod.wisdar.net\/tr\/wp-json\/wp\/v2\/product_cat?post=156849"},{"taxonomy":"product_tag","embeddable":true,"href":"https:\/\/mod.wisdar.net\/tr\/wp-json\/wp\/v2\/product_tag?post=156849"}],"curies":[{"name":"wp","href":"https:\/\/api.w.org\/{rel}","templated":true}]}}