{"id":156948,"date":"2026-02-24T17:48:50","date_gmt":"2026-02-24T17:48:50","guid":{"rendered":"https:\/\/modesthanim.com\/product\/onu-tul-detayli-tunik-siyah\/"},"modified":"2026-04-14T20:00:49","modified_gmt":"2026-04-14T20:00:49","slug":"onu-tul-detayli-tunik-siyah","status":"publish","type":"product","link":"https:\/\/mod.wisdar.net\/tr\/urun\/onu-tul-detayli-tunik-siyah\/","title":{"rendered":"\u00d6n\u00fc T\u00fcl Detayl\u0131 Tunik \u2013 Siyah"},"content":{"rendered":"<p>\u00d6n b\u00f6l\u00fcmde yer alan t\u00fcl detay\u0131yla zarif bir kontrast sunan bu tunik, feminen dokunu\u015fu modern \u00e7izgilerle bulu\u015fturur.<br \/>\nKuma\u015f \u0130\u00e7eri\u011fi: %100 Polyester<br \/>\nDesen: D\u00fcz<br \/>\nYaka Tipi: S\u0131f\u0131r Yaka<br \/>\nKol Tipi: Uzun Kol<br \/>\nCep: Cepsiz<br \/>\nAstar: Astars\u0131z<br \/>\n\u00dcr\u00fcn Boyu: 85 cm<br \/>\nKal\u0131p Tipi: Normal Kal\u0131p<br \/>\nManken \u00d6l\u00e7\u00fcleri:<br \/>\nBoy: 175 cm<br \/>\nG\u00f6\u011f\u00fcs: 85 cm<br \/>\nBel: 60 cm<br \/>\nBasen: 90 cm<br \/>\nMankenin Giydi\u011fi Beden: 38<\/p>\n<p>\u2014 Technical Details \u2014<br \/>\nDesen: D\u00fcz<br \/>\nYaka Tipi: S\u0131f\u0131r Yaka<br \/>\nKol Tipi: Uzun Kol<br \/>\nCep: Cepsiz<br \/>\nAstar: Astars\u0131z<br \/>\n\u00dcr\u00fcn Boyu: 85 cm<br \/>\nKal\u0131p Tipi: Normal Kal\u0131p<br \/>\nManken \u00d6l\u00e7\u00fcleri: Boy: 175 cm, G\u00f6\u011f\u00fcs: 85 cm, Bel: 60 cm, Basen: 90 cm<br \/>\nMankenin Giydi\u011fi Beden: 38<\/p>\n","protected":false},"excerpt":{"rendered":"<p>\u00d6n b\u00f6l\u00fcmde yer alan t\u00fcl detay\u0131yla zarif bir kontrast sunan bu tunik, feminen dokunu\u015fu modern \u00e7izgilerle bulu\u015fturur. Kuma\u015f \u0130\u00e7eri\u011fi: %100 Polyester Desen: D\u00fcz Yaka Tipi: S\u0131f\u0131r Yaka Kol Tipi: Uzun Kol Cep: Cepsiz Astar: Astars\u0131z \u00dcr\u00fcn Boyu: 85 cm Kal\u0131p Tipi: Normal Kal\u0131p Manken \u00d6l\u00e7\u00fcleri: Boy: 175 cm G\u00f6\u011f\u00fcs: 85 cm Bel: 60 cm Basen: [&hellip;]<\/p>\n","protected":false},"featured_media":156928,"comment_status":"open","ping_status":"closed","template":"","meta":[],"product_brand":[],"product_cat":[2050],"product_tag":[8110,7074,6768],"class_list":{"0":"post-156948","1":"product","2":"type-product","3":"status-publish","4":"has-post-thumbnail","6":"product_cat-blazer-ceketler","7":"product_tag-bisiklet-yaka-2","8":"product_tag-siyah","9":"product_tag-uzun-kol","10":"pa_brand-tugba","11":"pa_color-siyah","12":"pa_size-4706","13":"pa_size-4711","14":"pa_size-4713","15":"pa_size-4751","16":"pa_size-4749","17":"pa_size-4747","19":"first","20":"instock","21":"sale","22":"shipping-taxable","23":"purchasable","24":"product-type-variable"},"_links":{"self":[{"href":"https:\/\/mod.wisdar.net\/tr\/wp-json\/wp\/v2\/product\/156948","targetHints":{"allow":["GET"]}}],"collection":[{"href":"https:\/\/mod.wisdar.net\/tr\/wp-json\/wp\/v2\/product"}],"about":[{"href":"https:\/\/mod.wisdar.net\/tr\/wp-json\/wp\/v2\/types\/product"}],"replies":[{"embeddable":true,"href":"https:\/\/mod.wisdar.net\/tr\/wp-json\/wp\/v2\/comments?post=156948"}],"wp:featuredmedia":[{"embeddable":true,"href":"https:\/\/mod.wisdar.net\/tr\/wp-json\/wp\/v2\/media\/156928"}],"wp:attachment":[{"href":"https:\/\/mod.wisdar.net\/tr\/wp-json\/wp\/v2\/media?parent=156948"}],"wp:term":[{"taxonomy":"product_brand","embeddable":true,"href":"https:\/\/mod.wisdar.net\/tr\/wp-json\/wp\/v2\/product_brand?post=156948"},{"taxonomy":"product_cat","embeddable":true,"href":"https:\/\/mod.wisdar.net\/tr\/wp-json\/wp\/v2\/product_cat?post=156948"},{"taxonomy":"product_tag","embeddable":true,"href":"https:\/\/mod.wisdar.net\/tr\/wp-json\/wp\/v2\/product_tag?post=156948"}],"curies":[{"name":"wp","href":"https:\/\/api.w.org\/{rel}","templated":true}]}}