{"id":157007,"date":"2026-02-24T17:51:07","date_gmt":"2026-02-24T17:51:07","guid":{"rendered":"https:\/\/modesthanim.com\/product\/ispanyol-paca-basic-pantolon-bej\/"},"modified":"2026-04-15T21:59:53","modified_gmt":"2026-04-15T21:59:53","slug":"ispanyol-paca-basic-pantolon-bej","status":"publish","type":"product","link":"https:\/\/mod.wisdar.net\/tr\/urun\/ispanyol-paca-basic-pantolon-bej\/","title":{"rendered":"\u0130spanyol Pa\u00e7a Basic Pantolon \u2013 Bej"},"content":{"rendered":"<p>\u0130spanyol pa\u00e7a basic pantolon, dizden itibaren geni\u015fleyen formuyla zarif ve dengeli bir siluet sunar. Pa\u00e7a yap\u0131s\u0131 bacak boyunu daha uzun g\u00f6sterirken, sade tasar\u0131m\u0131 sayesinde farkl\u0131 kombinlere kolayca uyum sa\u011flar.<br \/>\nKuma\u015f \u0130\u00e7eri\u011fi: %89 Polyester, %11 Elastan<br \/>\nDesen: D\u00fcz<br \/>\nBel Tipi: Y\u00fcksek Bel<br \/>\nBel Formu: D\u00fc\u011fme Kapamal\u0131<br \/>\nPa\u00e7a Tipi: \u0130spanyol<br \/>\nCep: Yan Cep<br \/>\nAstar: Astars\u0131z<br \/>\n\u00dcr\u00fcn Boyu: 95 cm<br \/>\nKal\u0131p Tipi: Normal Kal\u0131p<br \/>\nManken \u00d6l\u00e7\u00fcleri: Boy: 175 cm, G\u00f6\u011f\u00fcs: 85 cm, Bel: 60 cm, Basen: 90 cm<br \/>\nMankenin Giydi\u011fi Beden: 38<\/p>\n","protected":false},"excerpt":{"rendered":"<p>\u0130spanyol pa\u00e7a basic pantolon, dizden itibaren geni\u015fleyen formuyla zarif ve dengeli bir siluet sunar. Pa\u00e7a yap\u0131s\u0131 bacak boyunu daha uzun g\u00f6sterirken, sade tasar\u0131m\u0131 sayesinde farkl\u0131 kombinlere kolayca uyum sa\u011flar. Kuma\u015f \u0130\u00e7eri\u011fi: %89 Polyester, %11 Elastan Desen: D\u00fcz Bel Tipi: Y\u00fcksek Bel Bel Formu: D\u00fc\u011fme Kapamal\u0131 Pa\u00e7a Tipi: \u0130spanyol Cep: Yan Cep Astar: Astars\u0131z \u00dcr\u00fcn Boyu: [&hellip;]<\/p>\n","protected":false},"featured_media":157003,"comment_status":"open","ping_status":"closed","template":"","meta":[],"product_brand":[],"product_cat":[1882],"product_tag":[],"class_list":{"0":"post-157007","1":"product","2":"type-product","3":"status-publish","4":"has-post-thumbnail","6":"product_cat-alt-giyim","7":"pa_brand-tugba","8":"pa_color-bej","9":"pa_size-4706","10":"pa_size-4711","11":"pa_size-4713","12":"pa_size-4751","13":"pa_size-4749","14":"pa_size-4747","16":"first","17":"instock","18":"sale","19":"shipping-taxable","20":"purchasable","21":"product-type-variable"},"_links":{"self":[{"href":"https:\/\/mod.wisdar.net\/tr\/wp-json\/wp\/v2\/product\/157007","targetHints":{"allow":["GET"]}}],"collection":[{"href":"https:\/\/mod.wisdar.net\/tr\/wp-json\/wp\/v2\/product"}],"about":[{"href":"https:\/\/mod.wisdar.net\/tr\/wp-json\/wp\/v2\/types\/product"}],"replies":[{"embeddable":true,"href":"https:\/\/mod.wisdar.net\/tr\/wp-json\/wp\/v2\/comments?post=157007"}],"wp:featuredmedia":[{"embeddable":true,"href":"https:\/\/mod.wisdar.net\/tr\/wp-json\/wp\/v2\/media\/157003"}],"wp:attachment":[{"href":"https:\/\/mod.wisdar.net\/tr\/wp-json\/wp\/v2\/media?parent=157007"}],"wp:term":[{"taxonomy":"product_brand","embeddable":true,"href":"https:\/\/mod.wisdar.net\/tr\/wp-json\/wp\/v2\/product_brand?post=157007"},{"taxonomy":"product_cat","embeddable":true,"href":"https:\/\/mod.wisdar.net\/tr\/wp-json\/wp\/v2\/product_cat?post=157007"},{"taxonomy":"product_tag","embeddable":true,"href":"https:\/\/mod.wisdar.net\/tr\/wp-json\/wp\/v2\/product_tag?post=157007"}],"curies":[{"name":"wp","href":"https:\/\/api.w.org\/{rel}","templated":true}]}}