{"id":157033,"date":"2026-02-24T17:51:31","date_gmt":"2026-02-24T17:51:31","guid":{"rendered":"https:\/\/modesthanim.com\/product\/onden-dugme-detayli-takim-siyah\/"},"modified":"2026-04-07T19:40:55","modified_gmt":"2026-04-07T19:40:55","slug":"onden-dugme-detayli-takim-siyah","status":"publish","type":"product","link":"https:\/\/mod.wisdar.net\/tr\/urun\/onden-dugme-detayli-takim-siyah\/","title":{"rendered":"\u00d6nden D\u00fc\u011fme Detayl\u0131 Tak\u0131m \u2013 Siyah"},"content":{"rendered":"<p>Rafine tasar\u0131m\u0131 ve dengeli duru\u015fuyla \u00f6ne \u00e7\u0131kan \u00d6nden D\u00fc\u011fme Detayl\u0131 Tak\u0131m, sofistike ve iddial\u0131 kombinler i\u00e7in se\u00e7kin bir tercihtir.<\/p>\n<p>\u00dcST<br \/>\nKuma\u015f \u0130\u00e7eri\u011fi: %100 Polyester<br \/>\nKombin Kuma\u015f: %74 Viskon, %14 Naylon, %12 Polyester<br \/>\nDesen: D\u00fcz<br \/>\nYaka Tipi: S\u0131f\u0131r Yaka<br \/>\nKol Tipi: Uzun Kol<br \/>\nCep: Cepsiz<br \/>\nAstar: Astarl\u0131<br \/>\n\u00dcr\u00fcn Boyu: 50 cm<br \/>\nKal\u0131p Tipi: Normal Kal\u0131p<\/p>\n<p>ALT<br \/>\nKuma\u015f \u0130\u00e7eri\u011fi: %100 Polyester<br \/>\nKombin Kuma\u015f: %74 Viskon, %14 Naylon, %12 Polyester<br \/>\nDesen: D\u00fcz<br \/>\nBel Tipi: Normal Bel<br \/>\nEtek Tipi: \u00c7an Etek<br \/>\nCep: Cepsiz<br \/>\nAstar: Astarl\u0131<br \/>\n\u00dcr\u00fcn Boyu: 95 cm<br \/>\nKal\u0131p Tipi: Normal Kal\u0131p<\/p>\n<p>Manken \u00d6l\u00e7\u00fcleri:<br \/>\nBoy: 175 cm<br \/>\nG\u00f6\u011f\u00fcs: 82 cm<br \/>\nBel: 60 cm<br \/>\nBasen: 90 cm<\/p>\n<p>Mankenin Giydi\u011fi Beden: 38<\/p>\n","protected":false},"excerpt":{"rendered":"<p>Rafine tasar\u0131m\u0131 ve dengeli duru\u015fuyla \u00f6ne \u00e7\u0131kan \u00d6nden D\u00fc\u011fme Detayl\u0131 Tak\u0131m, sofistike ve iddial\u0131 kombinler i\u00e7in se\u00e7kin bir tercihtir. \u00dcST Kuma\u015f \u0130\u00e7eri\u011fi: %100 Polyester Kombin Kuma\u015f: %74 Viskon, %14 Naylon, %12 Polyester Desen: D\u00fcz Yaka Tipi: S\u0131f\u0131r Yaka Kol Tipi: Uzun Kol Cep: Cepsiz Astar: Astarl\u0131 \u00dcr\u00fcn Boyu: 50 cm Kal\u0131p Tipi: Normal Kal\u0131p ALT [&hellip;]<\/p>\n","protected":false},"featured_media":157014,"comment_status":"open","ping_status":"closed","template":"","meta":[],"product_brand":[],"product_cat":[1900],"product_tag":[6744],"class_list":{"0":"post-157033","1":"product","2":"type-product","3":"status-publish","4":"has-post-thumbnail","6":"product_cat-koordinatlar-setler","7":"product_tag-kadin-modasi","8":"pa_brand-tugba","9":"pa_color-siyah","10":"pa_size-4706","11":"pa_size-4711","12":"pa_size-4713","13":"pa_size-4751","15":"first","16":"instock","17":"sale","18":"shipping-taxable","19":"purchasable","20":"product-type-variable"},"_links":{"self":[{"href":"https:\/\/mod.wisdar.net\/tr\/wp-json\/wp\/v2\/product\/157033","targetHints":{"allow":["GET"]}}],"collection":[{"href":"https:\/\/mod.wisdar.net\/tr\/wp-json\/wp\/v2\/product"}],"about":[{"href":"https:\/\/mod.wisdar.net\/tr\/wp-json\/wp\/v2\/types\/product"}],"replies":[{"embeddable":true,"href":"https:\/\/mod.wisdar.net\/tr\/wp-json\/wp\/v2\/comments?post=157033"}],"wp:featuredmedia":[{"embeddable":true,"href":"https:\/\/mod.wisdar.net\/tr\/wp-json\/wp\/v2\/media\/157014"}],"wp:attachment":[{"href":"https:\/\/mod.wisdar.net\/tr\/wp-json\/wp\/v2\/media?parent=157033"}],"wp:term":[{"taxonomy":"product_brand","embeddable":true,"href":"https:\/\/mod.wisdar.net\/tr\/wp-json\/wp\/v2\/product_brand?post=157033"},{"taxonomy":"product_cat","embeddable":true,"href":"https:\/\/mod.wisdar.net\/tr\/wp-json\/wp\/v2\/product_cat?post=157033"},{"taxonomy":"product_tag","embeddable":true,"href":"https:\/\/mod.wisdar.net\/tr\/wp-json\/wp\/v2\/product_tag?post=157033"}],"curies":[{"name":"wp","href":"https:\/\/api.w.org\/{rel}","templated":true}]}}