{"id":157098,"date":"2026-02-24T17:53:38","date_gmt":"2026-02-24T17:53:38","guid":{"rendered":"https:\/\/modesthanim.com\/product\/belden-yarim-lastikli-basic-pantolon-ekru\/"},"modified":"2026-04-15T22:56:20","modified_gmt":"2026-04-15T22:56:20","slug":"belden-yarim-lastikli-basic-pantolon-ekru","status":"publish","type":"product","link":"https:\/\/mod.wisdar.net\/tr\/urun\/belden-yarim-lastikli-basic-pantolon-ekru\/","title":{"rendered":"Belden Yar\u0131m Lastikli Basic Pantolon \u2013 Ekru"},"content":{"rendered":"<p>Belden yar\u0131m lastikli basic pantolon, hem rahat hem de d\u00fczenli bir g\u00f6r\u00fcn\u00fcm sunan dengeli tasar\u0131m\u0131yla \u00f6ne \u00e7\u0131kar. Arka k\u0131sm\u0131ndaki lastik detay\u0131 hareket \u00f6zg\u00fcrl\u00fc\u011f\u00fc sa\u011flarken, \u00f6n b\u00f6l\u00fcmdeki d\u00fcz hat temiz ve derli toplu bir duru\u015f olu\u015fturur.<br \/>\nKuma\u015f \u0130\u00e7eri\u011fi: %89 Polyester, %11 Elastan<br \/>\nDesen: D\u00fcz<br \/>\nBel Tipi: Y\u00fcksek Bel<br \/>\nBel Formu: Kapamas\u0131z, Beli Lastikli<br \/>\nPa\u00e7a Tipi: Bol Pa\u00e7a<br \/>\nCep: Torba Cepli<br \/>\nAstar: Astars\u0131z<br \/>\n\u00dcr\u00fcn Boyu: 100 cm<br \/>\nKal\u0131p Tipi: Normal Kal\u0131p<br \/>\nManken \u00d6l\u00e7\u00fcleri:Boy: 175 cmG\u00f6\u011f\u00fcs: 85 cmBel: 60 cmBasen: 90 cm<br \/>\nMankenin Giydi\u011fi Beden: 38<\/p>\n","protected":false},"excerpt":{"rendered":"<p>Belden yar\u0131m lastikli basic pantolon, hem rahat hem de d\u00fczenli bir g\u00f6r\u00fcn\u00fcm sunan dengeli tasar\u0131m\u0131yla \u00f6ne \u00e7\u0131kar. Arka k\u0131sm\u0131ndaki lastik detay\u0131 hareket \u00f6zg\u00fcrl\u00fc\u011f\u00fc sa\u011flarken, \u00f6n b\u00f6l\u00fcmdeki d\u00fcz hat temiz ve derli toplu bir duru\u015f olu\u015fturur. Kuma\u015f \u0130\u00e7eri\u011fi: %89 Polyester, %11 Elastan Desen: D\u00fcz Bel Tipi: Y\u00fcksek Bel Bel Formu: Kapamas\u0131z, Beli Lastikli Pa\u00e7a Tipi: Bol [&hellip;]<\/p>\n","protected":false},"featured_media":157091,"comment_status":"open","ping_status":"closed","template":"","meta":[],"product_brand":[],"product_cat":[1882],"product_tag":[6761,6757,6765,6751,7650],"class_list":{"0":"post-157098","1":"product","2":"type-product","3":"status-publish","4":"has-post-thumbnail","6":"product_cat-alt-giyim","7":"product_tag-bol-paca","8":"product_tag-ekru","9":"product_tag-lastikli-bel","10":"product_tag-rahat","11":"product_tag-yuksek-bel-3","12":"pa_brand-tugba","13":"pa_color-ekru","14":"pa_size-4706","15":"pa_size-4711","16":"pa_size-4713","17":"pa_size-4751","18":"pa_size-4749","19":"pa_size-4747","20":"pa_size-4746","21":"pa_size-4744","23":"first","24":"instock","25":"sale","26":"shipping-taxable","27":"purchasable","28":"product-type-variable"},"_links":{"self":[{"href":"https:\/\/mod.wisdar.net\/tr\/wp-json\/wp\/v2\/product\/157098","targetHints":{"allow":["GET"]}}],"collection":[{"href":"https:\/\/mod.wisdar.net\/tr\/wp-json\/wp\/v2\/product"}],"about":[{"href":"https:\/\/mod.wisdar.net\/tr\/wp-json\/wp\/v2\/types\/product"}],"replies":[{"embeddable":true,"href":"https:\/\/mod.wisdar.net\/tr\/wp-json\/wp\/v2\/comments?post=157098"}],"wp:featuredmedia":[{"embeddable":true,"href":"https:\/\/mod.wisdar.net\/tr\/wp-json\/wp\/v2\/media\/157091"}],"wp:attachment":[{"href":"https:\/\/mod.wisdar.net\/tr\/wp-json\/wp\/v2\/media?parent=157098"}],"wp:term":[{"taxonomy":"product_brand","embeddable":true,"href":"https:\/\/mod.wisdar.net\/tr\/wp-json\/wp\/v2\/product_brand?post=157098"},{"taxonomy":"product_cat","embeddable":true,"href":"https:\/\/mod.wisdar.net\/tr\/wp-json\/wp\/v2\/product_cat?post=157098"},{"taxonomy":"product_tag","embeddable":true,"href":"https:\/\/mod.wisdar.net\/tr\/wp-json\/wp\/v2\/product_tag?post=157098"}],"curies":[{"name":"wp","href":"https:\/\/api.w.org\/{rel}","templated":true}]}}