{"id":157168,"date":"2026-02-24T17:55:59","date_gmt":"2026-02-24T17:55:59","guid":{"rendered":"https:\/\/modesthanim.com\/product\/pileli-beli-lastikli-pantolon-siyah\/"},"modified":"2026-04-15T22:01:58","modified_gmt":"2026-04-15T22:01:58","slug":"pileli-beli-lastikli-pantolon-siyah","status":"publish","type":"product","link":"https:\/\/mod.wisdar.net\/tr\/urun\/pileli-beli-lastikli-pantolon-siyah\/","title":{"rendered":"Pileli Beli Lastikli Pantolon \u2013 Siyah"},"content":{"rendered":"<p>Ak\u0131c\u0131 formu ve zamans\u0131z \u00e7izgisiyle \u00f6ne \u00e7\u0131kan Pileli Beli Lastikli Pantolon, g\u00fcn boyu konfor sa\u011flarken stilinize g\u00fc\u00e7l\u00fc ve sofistike bir karakter kazand\u0131r\u0131r.<br \/>\nKuma\u015f \u0130\u00e7eri\u011fi: %100 Polyester<br \/>\nDesen: D\u00fcz<br \/>\nBel Tipi: Y\u00fcksel Bel<br \/>\nBel Formu: Kanca Kapamal\u0131, Arka Beli Lastikli<br \/>\nPa\u00e7a Tipi: Bol Pa\u00e7a<br \/>\nCep: Yan Cep<br \/>\nAstar: Astars\u0131z<br \/>\n\u00dcr\u00fcn Boyu: 111 cm<br \/>\nKal\u0131p Tipi: Normal Kal\u0131p<br \/>\nManken \u00d6l\u00e7\u00fcleri: Boy: 175 cm, G\u00f6\u011f\u00fcs: 85 cm, Bel: 60 cm, Basen: 90 cm<br \/>\nMankenin Giydi\u011fi Beden: 38<\/p>\n","protected":false},"excerpt":{"rendered":"<p>Ak\u0131c\u0131 formu ve zamans\u0131z \u00e7izgisiyle \u00f6ne \u00e7\u0131kan Pileli Beli Lastikli Pantolon, g\u00fcn boyu konfor sa\u011flarken stilinize g\u00fc\u00e7l\u00fc ve sofistike bir karakter kazand\u0131r\u0131r. Kuma\u015f \u0130\u00e7eri\u011fi: %100 Polyester Desen: D\u00fcz Bel Tipi: Y\u00fcksel Bel Bel Formu: Kanca Kapamal\u0131, Arka Beli Lastikli Pa\u00e7a Tipi: Bol Pa\u00e7a Cep: Yan Cep Astar: Astars\u0131z \u00dcr\u00fcn Boyu: 111 cm Kal\u0131p Tipi: Normal [&hellip;]<\/p>\n","protected":false},"featured_media":157161,"comment_status":"open","ping_status":"closed","template":"","meta":[],"product_brand":[],"product_cat":[1882],"product_tag":[],"class_list":{"0":"post-157168","1":"product","2":"type-product","3":"status-publish","4":"has-post-thumbnail","6":"product_cat-alt-giyim","7":"pa_brand-tugba","8":"pa_color-siyah","9":"pa_size-4706","10":"pa_size-4711","11":"pa_size-4713","12":"pa_size-4751","13":"pa_size-4749","14":"pa_size-4747","16":"first","17":"instock","18":"sale","19":"shipping-taxable","20":"purchasable","21":"product-type-variable"},"_links":{"self":[{"href":"https:\/\/mod.wisdar.net\/tr\/wp-json\/wp\/v2\/product\/157168","targetHints":{"allow":["GET"]}}],"collection":[{"href":"https:\/\/mod.wisdar.net\/tr\/wp-json\/wp\/v2\/product"}],"about":[{"href":"https:\/\/mod.wisdar.net\/tr\/wp-json\/wp\/v2\/types\/product"}],"replies":[{"embeddable":true,"href":"https:\/\/mod.wisdar.net\/tr\/wp-json\/wp\/v2\/comments?post=157168"}],"wp:featuredmedia":[{"embeddable":true,"href":"https:\/\/mod.wisdar.net\/tr\/wp-json\/wp\/v2\/media\/157161"}],"wp:attachment":[{"href":"https:\/\/mod.wisdar.net\/tr\/wp-json\/wp\/v2\/media?parent=157168"}],"wp:term":[{"taxonomy":"product_brand","embeddable":true,"href":"https:\/\/mod.wisdar.net\/tr\/wp-json\/wp\/v2\/product_brand?post=157168"},{"taxonomy":"product_cat","embeddable":true,"href":"https:\/\/mod.wisdar.net\/tr\/wp-json\/wp\/v2\/product_cat?post=157168"},{"taxonomy":"product_tag","embeddable":true,"href":"https:\/\/mod.wisdar.net\/tr\/wp-json\/wp\/v2\/product_tag?post=157168"}],"curies":[{"name":"wp","href":"https:\/\/api.w.org\/{rel}","templated":true}]}}